{"id":2628,"date":"2016-07-26T13:22:16","date_gmt":"2016-07-26T13:22:16","guid":{"rendered":"http:\/\/911fondation.com\/fr\/?page_id=2628"},"modified":"2017-02-26T14:24:48","modified_gmt":"2017-02-26T14:24:48","slug":"crawl-space-floor-membrane-liquide","status":"publish","type":"page","link":"https:\/\/911fondation.com\/fr\/fondation\/crawl-space-floor-membrane-liquide\/","title":{"rendered":"PLANCHER DE B\u00c2TIMENTS ET MEMBRANE LIQUIDE"},"content":{"rendered":"<div class=\"wpb-content-wrapper\"><p>[vc_row row_type=\u00a0\u00bbrow\u00a0\u00bb use_row_as_full_screen_section=\u00a0\u00bbno\u00a0\u00bb type=\u00a0\u00bbgrid\u00a0\u00bb angled_section=\u00a0\u00bbno\u00a0\u00bb text_align=\u00a0\u00bbleft\u00a0\u00bb background_image_as_pattern=\u00a0\u00bbwithout_pattern\u00a0\u00bb css_animation=\u00a0\u00bb\u00a0\u00bb][vc_column width=\u00a0\u00bb1\/2&Prime;][vc_column_text]<\/p>\n<p style=\"text-align: justify;\">L&rsquo;un des avantages de l&rsquo;utilisation d&rsquo;une membrane liquide est que la membrane liquide s\u00e8che lorsqu&rsquo;elle est utilis\u00e9e avec un pistolet pulv\u00e9risateur. Aucun joint est utilis\u00e9, ce qui donne plus de flexibilit\u00e9 au produit. Nos experts ont une vaste exp\u00e9rience \u00e0 l&rsquo;utiliser de mani\u00e8re s\u00fbre et coh\u00e9rente.<\/p>\n<p>[\/vc_column_text][\/vc_column][vc_column width=\u00a0\u00bb1\/2&Prime;][vc_single_image image=\u00a0\u00bb2496&Prime; img_size=\u00a0\u00bbfull\u00a0\u00bb alignment=\u00a0\u00bbcenter\u00a0\u00bb qode_css_animation=\u00a0\u00bb\u00a0\u00bb][\/vc_column][\/vc_row][vc_row row_type=\u00a0\u00bbrow\u00a0\u00bb use_row_as_full_screen_section=\u00a0\u00bbno\u00a0\u00bb type=\u00a0\u00bbfull_width\u00a0\u00bb angled_section=\u00a0\u00bbno\u00a0\u00bb text_align=\u00a0\u00bbleft\u00a0\u00bb background_image_as_pattern=\u00a0\u00bbwithout_pattern\u00a0\u00bb css_animation=\u00a0\u00bb\u00a0\u00bb][vc_column][vc_empty_space height=\u00a0\u00bb42px\u00a0\u00bb][\/vc_column][\/vc_row][vc_row row_type=\u00a0\u00bbrow\u00a0\u00bb use_row_as_full_screen_section=\u00a0\u00bbno\u00a0\u00bb type=\u00a0\u00bbgrid\u00a0\u00bb angled_section=\u00a0\u00bbno\u00a0\u00bb text_align=\u00a0\u00bbleft\u00a0\u00bb background_image_as_pattern=\u00a0\u00bbwithout_pattern\u00a0\u00bb css_animation=\u00a0\u00bb\u00a0\u00bb][vc_column width=\u00a0\u00bb1\/2&Prime;][vc_empty_space height=\u00a0\u00bb112px\u00a0\u00bb][vc_single_image image=\u00a0\u00bb2497&Prime; img_size=\u00a0\u00bbfull\u00a0\u00bb alignment=\u00a0\u00bbcenter\u00a0\u00bb qode_css_animation=\u00a0\u00bb\u00a0\u00bb][\/vc_column][vc_column width=\u00a0\u00bb1\/2&Prime;][vc_column_text]<strong>Encapsulation du vide sanitaire<\/strong><\/p>\n<p>911 Fondation, votre expert en r\u00e9paration de fondation et imperm\u00e9abilisation utilise un m\u00e9lange sp\u00e9cial de b\u00e9ton pour l\u2019appliquer dans les espaces restreints. Nous scellons toutes les surfaces de terre expos\u00e9es sous votre maison avec 3 \u00e0 4 pouces d\u2019une barri\u00e8re rigide d&rsquo;encapsulation de b\u00e9ton \u00e9pais et permanent. C\u2019est le seul mat\u00e9riel qui offre une garantie \u00e0 100% et lutte contre les rongeurs, tout en ajoutant l&rsquo;int\u00e9grit\u00e9 structurale \u00e0 votre fondation. Appliqu\u00e9e enti\u00e8rement sous votre maison ou tout simplement sur une petite zone de terre hors de votre sous-sol, les avantages de cette technique sont les suivants : rend l&rsquo;espace de stockage propre et sec; \u00e9limine les odeurs naus\u00e9abondes et de moisi; emp\u00eache les rongeurs; arr\u00eate l&rsquo;humidit\u00e9 et ses dommages collat\u00e9raux; \u00e9conomise les frais de chauffage et de refroidissement; installe un environnement de vie plus propre et plus sain; augmente la valeur de votre maison.[\/vc_column_text][\/vc_column][\/vc_row][vc_row row_type=\u00a0\u00bbrow\u00a0\u00bb use_row_as_full_screen_section=\u00a0\u00bbno\u00a0\u00bb type=\u00a0\u00bbgrid\u00a0\u00bb angled_section=\u00a0\u00bbno\u00a0\u00bb text_align=\u00a0\u00bbleft\u00a0\u00bb background_image_as_pattern=\u00a0\u00bbwithout_pattern\u00a0\u00bb css_animation=\u00a0\u00bb\u00a0\u00bb][vc_column][vc_column_text]911 Fondation, votre expert en r\u00e9paration de fondation et imperm\u00e9abilisation peut sceller et isoler les murs du froid et de l\u2019humidit\u00e9 pour r\u00e9duire les co\u00fbts d&rsquo;\u00e9nergie et \u00e9viter les probl\u00e8mes de sant\u00e9. Demandez \u00e0 notre expert pour plus de d\u00e9tails !<\/p>\n<p>Les services peuvent inclure : drainage du vide sanitaire, pompes de puisard, r\u00e9paration des fissures dans la fondation, pare-vapeur du vide sanitaire, d\u00e9shumidification et ventilation.[\/vc_column_text][\/vc_column][\/vc_row]<\/p>\n<\/div>","protected":false},"excerpt":{"rendered":"<p>[vc_row row_type=\u00a0\u00bbrow\u00a0\u00bb use_row_as_full_screen_section=\u00a0\u00bbno\u00a0\u00bb type=\u00a0\u00bbgrid\u00a0\u00bb angled_section=\u00a0\u00bbno\u00a0\u00bb text_align=\u00a0\u00bbleft\u00a0\u00bb background_image_as_pattern=\u00a0\u00bbwithout_pattern\u00a0\u00bb css_animation=\u00a0\u00bb\u00a0\u00bb][vc_column width=\u00a0\u00bb1\/2&Prime;][vc_column_text] L&rsquo;un des avantages de l&rsquo;utilisation d&rsquo;une membrane liquide est que la&#8230;<\/p>\n","protected":false},"author":1,"featured_media":0,"parent":2562,"menu_order":0,"comment_status":"closed","ping_status":"closed","template":"full_width.php","meta":{"inline_featured_image":false,"footnotes":""},"class_list":["post-2628","page","type-page","status-publish","hentry"],"yoast_head":"<!-- This site is optimized with the Yoast SEO plugin v26.3 - https:\/\/yoast.com\/wordpress\/plugins\/seo\/ -->\n<title>PLANCHER DE B\u00c2TIMENTS ET MEMBRANE LIQUIDE - 911 Fondation<\/title>\n<meta name=\"robots\" content=\"index, follow, max-snippet:-1, max-image-preview:large, max-video-preview:-1\" \/>\n<link rel=\"canonical\" href=\"https:\/\/911fondation.com\/fr\/fondation\/crawl-space-floor-membrane-liquide\/\" \/>\n<meta property=\"og:locale\" content=\"fr_FR\" \/>\n<meta property=\"og:type\" content=\"article\" \/>\n<meta property=\"og:title\" content=\"PLANCHER DE B\u00c2TIMENTS ET MEMBRANE LIQUIDE - 911 Fondation\" \/>\n<meta property=\"og:description\" content=\"[vc_row row_type=\u00a0\u00bbrow\u00a0\u00bb use_row_as_full_screen_section=\u00a0\u00bbno\u00a0\u00bb type=\u00a0\u00bbgrid\u00a0\u00bb angled_section=\u00a0\u00bbno\u00a0\u00bb text_align=\u00a0\u00bbleft\u00a0\u00bb background_image_as_pattern=\u00a0\u00bbwithout_pattern\u00a0\u00bb css_animation=\u00a0\u00bb\u00a0\u00bb][vc_column width=\u00a0\u00bb1\/2&Prime;][vc_column_text] L&rsquo;un des avantages de l&rsquo;utilisation d&rsquo;une membrane liquide est que la...\" \/>\n<meta property=\"og:url\" content=\"https:\/\/911fondation.com\/fr\/fondation\/crawl-space-floor-membrane-liquide\/\" \/>\n<meta property=\"og:site_name\" content=\"911 Fondation\" \/>\n<meta property=\"article:modified_time\" content=\"2017-02-26T14:24:48+00:00\" \/>\n<meta property=\"og:image\" content=\"https:\/\/911fondation.com\/wp-content\/uploads\/2016\/06\/911fondation.jpg\" \/>\n\t<meta property=\"og:image:width\" content=\"350\" \/>\n\t<meta property=\"og:image:height\" content=\"250\" \/>\n\t<meta property=\"og:image:type\" content=\"image\/jpeg\" \/>\n<meta name=\"twitter:card\" content=\"summary_large_image\" \/>\n<meta name=\"twitter:label1\" content=\"Dur\u00e9e de lecture estim\u00e9e\" \/>\n\t<meta name=\"twitter:data1\" content=\"2 minutes\" \/>\n<script type=\"application\/ld+json\" class=\"yoast-schema-graph\">{\"@context\":\"https:\/\/schema.org\",\"@graph\":[{\"@type\":\"WebPage\",\"@id\":\"https:\/\/911fondation.com\/fr\/fondation\/crawl-space-floor-membrane-liquide\/\",\"url\":\"https:\/\/911fondation.com\/fr\/fondation\/crawl-space-floor-membrane-liquide\/\",\"name\":\"PLANCHER DE B\u00c2TIMENTS ET MEMBRANE LIQUIDE - 911 Fondation\",\"isPartOf\":{\"@id\":\"https:\/\/911fondation.com\/#website\"},\"datePublished\":\"2016-07-26T13:22:16+00:00\",\"dateModified\":\"2017-02-26T14:24:48+00:00\",\"breadcrumb\":{\"@id\":\"https:\/\/911fondation.com\/fr\/fondation\/crawl-space-floor-membrane-liquide\/#breadcrumb\"},\"inLanguage\":\"fr-FR\",\"potentialAction\":[{\"@type\":\"ReadAction\",\"target\":[\"https:\/\/911fondation.com\/fr\/fondation\/crawl-space-floor-membrane-liquide\/\"]}]},{\"@type\":\"BreadcrumbList\",\"@id\":\"https:\/\/911fondation.com\/fr\/fondation\/crawl-space-floor-membrane-liquide\/#breadcrumb\",\"itemListElement\":[{\"@type\":\"ListItem\",\"position\":1,\"name\":\"Home\",\"item\":\"https:\/\/911fondation.com\/fr\/\"},{\"@type\":\"ListItem\",\"position\":2,\"name\":\"Fondation\",\"item\":\"https:\/\/911fondation.com\/fr\/fondation\/\"},{\"@type\":\"ListItem\",\"position\":3,\"name\":\"PLANCHER DE B\u00c2TIMENTS ET MEMBRANE LIQUIDE\"}]},{\"@type\":\"WebSite\",\"@id\":\"https:\/\/911fondation.com\/#website\",\"url\":\"https:\/\/911fondation.com\/\",\"name\":\"911 Fondation\",\"description\":\"Repair and Waterproofing\",\"potentialAction\":[{\"@type\":\"SearchAction\",\"target\":{\"@type\":\"EntryPoint\",\"urlTemplate\":\"https:\/\/911fondation.com\/?s={search_term_string}\"},\"query-input\":{\"@type\":\"PropertyValueSpecification\",\"valueRequired\":true,\"valueName\":\"search_term_string\"}}],\"inLanguage\":\"fr-FR\"}]}<\/script>\n<!-- \/ Yoast SEO plugin. -->","yoast_head_json":{"title":"PLANCHER DE B\u00c2TIMENTS ET MEMBRANE LIQUIDE - 911 Fondation","robots":{"index":"index","follow":"follow","max-snippet":"max-snippet:-1","max-image-preview":"max-image-preview:large","max-video-preview":"max-video-preview:-1"},"canonical":"https:\/\/911fondation.com\/fr\/fondation\/crawl-space-floor-membrane-liquide\/","og_locale":"fr_FR","og_type":"article","og_title":"PLANCHER DE B\u00c2TIMENTS ET MEMBRANE LIQUIDE - 911 Fondation","og_description":"[vc_row row_type=\u00a0\u00bbrow\u00a0\u00bb use_row_as_full_screen_section=\u00a0\u00bbno\u00a0\u00bb type=\u00a0\u00bbgrid\u00a0\u00bb angled_section=\u00a0\u00bbno\u00a0\u00bb text_align=\u00a0\u00bbleft\u00a0\u00bb background_image_as_pattern=\u00a0\u00bbwithout_pattern\u00a0\u00bb css_animation=\u00a0\u00bb\u00a0\u00bb][vc_column width=\u00a0\u00bb1\/2&Prime;][vc_column_text] L&rsquo;un des avantages de l&rsquo;utilisation d&rsquo;une membrane liquide est que la...","og_url":"https:\/\/911fondation.com\/fr\/fondation\/crawl-space-floor-membrane-liquide\/","og_site_name":"911 Fondation","article_modified_time":"2017-02-26T14:24:48+00:00","og_image":[{"width":350,"height":250,"url":"https:\/\/911fondation.com\/wp-content\/uploads\/2016\/06\/911fondation.jpg","type":"image\/jpeg"}],"twitter_card":"summary_large_image","twitter_misc":{"Dur\u00e9e de lecture estim\u00e9e":"2 minutes"},"schema":{"@context":"https:\/\/schema.org","@graph":[{"@type":"WebPage","@id":"https:\/\/911fondation.com\/fr\/fondation\/crawl-space-floor-membrane-liquide\/","url":"https:\/\/911fondation.com\/fr\/fondation\/crawl-space-floor-membrane-liquide\/","name":"PLANCHER DE B\u00c2TIMENTS ET MEMBRANE LIQUIDE - 911 Fondation","isPartOf":{"@id":"https:\/\/911fondation.com\/#website"},"datePublished":"2016-07-26T13:22:16+00:00","dateModified":"2017-02-26T14:24:48+00:00","breadcrumb":{"@id":"https:\/\/911fondation.com\/fr\/fondation\/crawl-space-floor-membrane-liquide\/#breadcrumb"},"inLanguage":"fr-FR","potentialAction":[{"@type":"ReadAction","target":["https:\/\/911fondation.com\/fr\/fondation\/crawl-space-floor-membrane-liquide\/"]}]},{"@type":"BreadcrumbList","@id":"https:\/\/911fondation.com\/fr\/fondation\/crawl-space-floor-membrane-liquide\/#breadcrumb","itemListElement":[{"@type":"ListItem","position":1,"name":"Home","item":"https:\/\/911fondation.com\/fr\/"},{"@type":"ListItem","position":2,"name":"Fondation","item":"https:\/\/911fondation.com\/fr\/fondation\/"},{"@type":"ListItem","position":3,"name":"PLANCHER DE B\u00c2TIMENTS ET MEMBRANE LIQUIDE"}]},{"@type":"WebSite","@id":"https:\/\/911fondation.com\/#website","url":"https:\/\/911fondation.com\/","name":"911 Fondation","description":"Repair and Waterproofing","potentialAction":[{"@type":"SearchAction","target":{"@type":"EntryPoint","urlTemplate":"https:\/\/911fondation.com\/?s={search_term_string}"},"query-input":{"@type":"PropertyValueSpecification","valueRequired":true,"valueName":"search_term_string"}}],"inLanguage":"fr-FR"}]}},"_links":{"self":[{"href":"https:\/\/911fondation.com\/fr\/wp-json\/wp\/v2\/pages\/2628","targetHints":{"allow":["GET"]}}],"collection":[{"href":"https:\/\/911fondation.com\/fr\/wp-json\/wp\/v2\/pages"}],"about":[{"href":"https:\/\/911fondation.com\/fr\/wp-json\/wp\/v2\/types\/page"}],"author":[{"embeddable":true,"href":"https:\/\/911fondation.com\/fr\/wp-json\/wp\/v2\/users\/1"}],"replies":[{"embeddable":true,"href":"https:\/\/911fondation.com\/fr\/wp-json\/wp\/v2\/comments?post=2628"}],"version-history":[{"count":4,"href":"https:\/\/911fondation.com\/fr\/wp-json\/wp\/v2\/pages\/2628\/revisions"}],"predecessor-version":[{"id":2674,"href":"https:\/\/911fondation.com\/fr\/wp-json\/wp\/v2\/pages\/2628\/revisions\/2674"}],"up":[{"embeddable":true,"href":"https:\/\/911fondation.com\/fr\/wp-json\/wp\/v2\/pages\/2562"}],"wp:attachment":[{"href":"https:\/\/911fondation.com\/fr\/wp-json\/wp\/v2\/media?parent=2628"}],"curies":[{"name":"wp","href":"https:\/\/api.w.org\/{rel}","templated":true}]}}