{"id":2625,"date":"2016-07-26T13:19:04","date_gmt":"2016-07-26T13:19:04","guid":{"rendered":"http:\/\/911fondation.com\/fr\/?page_id=2625"},"modified":"2025-04-30T15:02:43","modified_gmt":"2025-04-30T19:02:43","slug":"accueil","status":"publish","type":"page","link":"https:\/\/911fondation.com\/fr\/","title":{"rendered":"Accueil"},"content":{"rendered":"<div class=\"wpb-content-wrapper\"><p>[vc_row css_animation=\u00a0\u00bb\u00a0\u00bb row_type=\u00a0\u00bbrow\u00a0\u00bb use_row_as_full_screen_section=\u00a0\u00bbno\u00a0\u00bb type=\u00a0\u00bbfull_width\u00a0\u00bb angled_section=\u00a0\u00bbno\u00a0\u00bb text_align=\u00a0\u00bbleft\u00a0\u00bb background_image_as_pattern=\u00a0\u00bbwithout_pattern\u00a0\u00bb el_class=\u00a0\u00bbbloc0&Prime;][vc_column offset=\u00a0\u00bbvc_hidden-xs\u00a0\u00bb][vc_row_inner row_type=\u00a0\u00bbrow\u00a0\u00bb type=\u00a0\u00bbfull_width\u00a0\u00bb text_align=\u00a0\u00bbleft\u00a0\u00bb css_animation=\u00a0\u00bb\u00a0\u00bb][vc_column_inner el_class=\u00a0\u00bbbloc0-left\u00a0\u00bb width=\u00a0\u00bb1\/2&Prime;][vc_column_text css=\u00a0\u00bb\u00a0\u00bb]R\u00e9paration des fissures de fondation[\/vc_column_text][\/vc_column_inner][vc_column_inner el_class=\u00a0\u00bbbloc0-right\u00a0\u00bb width=\u00a0\u00bb1\/2&Prime;][vc_column_text css=\u00a0\u00bb\u00a0\u00bb]Imperm\u00e9abilisation des fondations[\/vc_column_text][\/vc_column_inner][\/vc_row_inner][\/vc_column][\/vc_row][vc_row css_animation=\u00a0\u00bb\u00a0\u00bb row_type=\u00a0\u00bbrow\u00a0\u00bb use_row_as_full_screen_section=\u00a0\u00bbno\u00a0\u00bb type=\u00a0\u00bbfull_width\u00a0\u00bb angled_section=\u00a0\u00bbno\u00a0\u00bb text_align=\u00a0\u00bbleft\u00a0\u00bb background_image_as_pattern=\u00a0\u00bbwithout_pattern\u00a0\u00bb el_class=\u00a0\u00bbbloc1&Prime;][vc_column][vc_row_inner row_type=\u00a0\u00bbrow\u00a0\u00bb type=\u00a0\u00bbfull_width\u00a0\u00bb text_align=\u00a0\u00bbleft\u00a0\u00bb css_animation=\u00a0\u00bb\u00a0\u00bb][vc_column_inner el_class=\u00a0\u00bbbloc1-left bloc1-inner\u00a0\u00bb width=\u00a0\u00bb1\/2&Prime;][vc_column_text el_class=\u00a0\u00bbbloc1-top\u00a0\u00bb]Fondation[\/vc_column_text][vc_column_text css=\u00a0\u00bb\u00a0\u00bb el_class=\u00a0\u00bbbloc1-bottom\u00a0\u00bb]<\/p>\n<h2>Fondation<br \/>\nR\u00e9paration<\/h2>\n<p>Permanent, \u00e9prouv\u00e9 et professionnel. Les fissures dans vos fondations sont plus qu&rsquo;esth\u00e9tiques : elles sont une porte ouverte aux infiltrations d&rsquo;eau, aux faiblesses structurelles et aux r\u00e9parations co\u00fbteuses.[\/vc_column_text]<a  itemprop=\"url\" href=\"https:\/\/911fondation.com\/fr\/fondation\/reparation-des-fissures-de-fondation\/\" target=\"_self\"  class=\"qbutton  white default\" style=\"\">R\u00e9parez vos fissures<\/a>[\/vc_column_inner][vc_column_inner el_class=\u00a0\u00bbbloc1-right bloc1-inner\u00a0\u00bb width=\u00a0\u00bb1\/2&Prime;][vc_column_text el_class=\u00a0\u00bbbloc1-top\u00a0\u00bb]Reprise apr\u00e8s sinistre[\/vc_column_text][vc_column_text css=\u00a0\u00bb\u00a0\u00bb el_class=\u00a0\u00bbbloc1-bottom\u00a0\u00bb]<\/p>\n<h2>Fondation<br \/>\n\u00c9tanch\u00e9it\u00e9<\/h2>\n<p>Vous avez peur d&rsquo;un sous-sol humide ou de fissures dans les fondations ? Nous aidons les propri\u00e9taires comme vous \u00e0 pr\u00e9venir les d\u00e9g\u00e2ts des eaux, \u00e0 prot\u00e9ger leur investissement et \u00e0 avoir l&rsquo;esprit tranquille gr\u00e2ce \u00e0 des solutions professionnelles et \u00e9prouv\u00e9es d&rsquo;imperm\u00e9abilisation des fondations.[\/vc_column_text]<a  itemprop=\"url\" href=\"https:\/\/911fondation.com\/fr\/fondation\/impermeabilisation-des-fondations\/\" target=\"_self\"  class=\"qbutton  white default\" style=\"\">Service d'imperm\u00e9abilisation<\/a>[\/vc_column_inner][\/vc_row_inner][\/vc_column][\/vc_row][vc_row css_animation=\u00a0\u00bb\u00a0\u00bb row_type=\u00a0\u00bbrow\u00a0\u00bb use_row_as_full_screen_section=\u00a0\u00bbno\u00a0\u00bb type=\u00a0\u00bbfull_width\u00a0\u00bb angled_section=\u00a0\u00bbno\u00a0\u00bb text_align=\u00a0\u00bbleft\u00a0\u00bb background_image_as_pattern=\u00a0\u00bbwithout_pattern\u00a0\u00bb el_class=\u00a0\u00bbbloc2&Prime;][vc_column][vc_row_inner row_type=\u00a0\u00bbrow\u00a0\u00bb type=\u00a0\u00bbgrid\u00a0\u00bb text_align=\u00a0\u00bbleft\u00a0\u00bb css_animation=\u00a0\u00bb\u00a0\u00bb][vc_column_inner][vc_column_text css=\u00a0\u00bb\u00a0\u00bb]<\/p>\n<h2>Pourquoi nous choisir ?<\/h2>\n<p style=\"text-align: center;\">L&rsquo;\u00e9quipe de 911 Fondation est form\u00e9e et poss\u00e8de l&rsquo;expertise n\u00e9cessaire pour effectuer vos r\u00e9parations de fondations, vos syst\u00e8mes d&rsquo;\u00e9tanch\u00e9it\u00e9, vos reprises apr\u00e8s sinistre et vos services de toiture plate qui vous permettront d&rsquo;obtenir des r\u00e9sultats probants sans \u00a0\u00bb sur-ing\u00e9nierie \u00a0\u00bb d&rsquo;un syst\u00e8me qui ne serait pas rentable.<\/p>\n<p style=\"text-align: center;\">Notre approche est professionnelle et s&rsquo;appuie sur un engagement fort en faveur de la sant\u00e9 et de la s\u00e9curit\u00e9, des lois et r\u00e9glementations environnementales et des objectifs de nos clients.<\/p>\n<p style=\"text-align: center;\">Votre concessionnaire local calculera le co\u00fbt de votre r\u00e9paration sur la base d&rsquo;une fiche de prix, ce qui vous prot\u00e8ge contre les variations de prix. Pour rencontrer vos experts locaux et obtenir un devis de r\u00e9paration de fondations, contactez-nous par t\u00e9l\u00e9phone ou par e-mail d\u00e8s aujourd&rsquo;hui ! Nos concessionnaires desservent l&rsquo;ensemble de l&rsquo;Ontario.<\/p>\n<p>[\/vc_column_text][\/vc_column_inner][\/vc_row_inner][\/vc_column][\/vc_row][vc_row css_animation=\u00a0\u00bb\u00a0\u00bb row_type=\u00a0\u00bbrow\u00a0\u00bb use_row_as_full_screen_section=\u00a0\u00bbno\u00a0\u00bb type=\u00a0\u00bbfull_width\u00a0\u00bb angled_section=\u00a0\u00bbno\u00a0\u00bb text_align=\u00a0\u00bbleft\u00a0\u00bb background_image_as_pattern=\u00a0\u00bbwithout_pattern\u00a0\u00bb el_class=\u00a0\u00bbbloc4&Prime;][vc_column][vc_row_inner row_type=\u00a0\u00bbrow\u00a0\u00bb type=\u00a0\u00bbfull_width\u00a0\u00bb text_align=\u00a0\u00bbleft\u00a0\u00bb css_animation=\u00a0\u00bb\u00a0\u00bb][vc_column_inner el_class=\u00a0\u00bbbloc4-left bloc4-height\u00a0\u00bb width=\u00a0\u00bb1\/2&Prime;][vc_column_text css=\u00a0\u00bb\u00a0\u00bb]\u2b50\ufe0f\u2b50\ufe0f\u2b50\ufe0f\u2b50\ufe0f\u2b50\ufe0f<\/p>\n<p>\u00ab\u00a0Ils ont trouv\u00e9 la source de notre probl\u00e8me, ont tout expliqu\u00e9 clairement et ont termin\u00e9 le travail dans les d\u00e9lais et selon le budget. Je recommande vivement 911 Fondation !\u00a0\u00bb<\/p>\n<p>&#8211; Sarah L., Gatineau[\/vc_column_text][\/vc_column_inner][vc_column_inner el_class=\u00a0\u00bbbloc4-middle bloc4-height\u00a0\u00bb width=\u00a0\u00bb1\/12&Prime; offset=\u00a0\u00bbvc_hidden-xs\u00a0\u00bb][\/vc_column_inner][vc_column_inner el_class=\u00a0\u00bbbloc4-right bloc4-height\u00a0\u00bb width=\u00a0\u00bb1\/2&Prime;][vc_column_text css=\u00a0\u00bb\u00a0\u00bb]\u2b50\ufe0f\u2b50\ufe0f\u2b50\ufe0f\u2b50\ufe0f\u2b50\ufe0f<\/p>\n<p>\u00ab\u00a0Ils ne se sont pas content\u00e9s de couvrir la fissure &#8211; ils ont reconstruit la solidit\u00e9 de nos fondations. Travail super professionnel et propre.\u00a0\u00bb<\/p>\n<p>&#8211; Denise G., Ottawa[\/vc_column_text][\/vc_column_inner][\/vc_row_inner][\/vc_column][\/vc_row][vc_row css_animation=\u00a0\u00bb\u00a0\u00bb row_type=\u00a0\u00bbrow\u00a0\u00bb use_row_as_full_screen_section=\u00a0\u00bbno\u00a0\u00bb type=\u00a0\u00bbfull_width\u00a0\u00bb angled_section=\u00a0\u00bbno\u00a0\u00bb text_align=\u00a0\u00bbleft\u00a0\u00bb background_image_as_pattern=\u00a0\u00bbwithout_pattern\u00a0\u00bb el_class=\u00a0\u00bbbloc7&Prime;][vc_column css=\u00a0\u00bb.vc_custom_1746039616482{padding-bottom: 35px !important;background-image: url(https:\/\/911fondation.com\/wp-content\/uploads\/2025\/04\/Shutterstock_2218268675-1.jpg?id=3047) !important;background-position: center !important;background-repeat: no-repeat !important;background-size: cover !important;}\u00a0\u00bb][vc_row_inner row_type=\u00a0\u00bbrow\u00a0\u00bb type=\u00a0\u00bbfull_width\u00a0\u00bb text_align=\u00a0\u00bbleft\u00a0\u00bb css_animation=\u00a0\u00bb\u00a0\u00bb][vc_column_inner el_class=\u00a0\u00bbbloc7-inner\u00a0\u00bb width=\u00a0\u00bb5\/6&Prime; offset=\u00a0\u00bbvc_col-lg-offset-2 vc_col-lg-8 vc_col-md-offset-1 vc_col-md-9&Prime;][vc_column_text css=\u00a0\u00bb\u00a0\u00bb]<\/p>\n<h2 style=\"text-align: center;\">Probl\u00e8mes courants que nous r\u00e9solvons<\/h2>\n<p style=\"text-align: center;\">des fissures de fondation colmat\u00e9es avec de l&rsquo;\u00e9poxy ou de l&rsquo;argile ext\u00e9rieure, \u00e0 la pression hydrostatique g\u00e9r\u00e9e par un syst\u00e8me de tuiles de drainage et de pompes de puisard, et aux probl\u00e8mes de nivellement r\u00e9solus par des membranes de sous-sol qui bloquent l&rsquo;eau avant qu&rsquo;elle ne p\u00e9n\u00e8tre \u00e0 l&rsquo;int\u00e9rieur.<\/p>\n<p>[\/vc_column_text]<a  itemprop=\"url\" href=\"https:\/\/911fondation.com\/fr\/estimation-gratuite\/\" target=\"_self\"  class=\"qbutton  white default\" style=\"\">Estimation Rapide<\/a>[\/vc_column_inner][\/vc_row_inner][\/vc_column][\/vc_row][vc_row css_animation=\u00a0\u00bb\u00a0\u00bb row_type=\u00a0\u00bbrow\u00a0\u00bb use_row_as_full_screen_section=\u00a0\u00bbno\u00a0\u00bb type=\u00a0\u00bbfull_width\u00a0\u00bb angled_section=\u00a0\u00bbno\u00a0\u00bb text_align=\u00a0\u00bbleft\u00a0\u00bb background_image_as_pattern=\u00a0\u00bbwithout_pattern\u00a0\u00bb el_class=\u00a0\u00bbbloc6&Prime;][vc_column][vc_row_inner row_type=\u00a0\u00bbrow\u00a0\u00bb type=\u00a0\u00bbgrid\u00a0\u00bb text_align=\u00a0\u00bbleft\u00a0\u00bb css_animation=\u00a0\u00bb\u00a0\u00bb][vc_column_inner][vc_column_text]<\/p>\n<h2>Estimation gratuite<\/h2>\n<p>[\/vc_column_text]\n<div class=\"wpcf7 no-js\" id=\"wpcf7-f2612-o1\" lang=\"en-US\" dir=\"ltr\" data-wpcf7-id=\"2612\">\n<div class=\"screen-reader-response\"><p role=\"status\" aria-live=\"polite\" aria-atomic=\"true\"><\/p> <ul><\/ul><\/div>\n<form action=\"\/fr\/wp-json\/wp\/v2\/pages\/2625#wpcf7-f2612-o1\" method=\"post\" class=\"wpcf7-form init default\" aria-label=\"Contact form\" novalidate=\"novalidate\" data-status=\"init\">\n<fieldset class=\"hidden-fields-container\"><input type=\"hidden\" name=\"_wpcf7\" value=\"2612\" \/><input type=\"hidden\" name=\"_wpcf7_version\" value=\"6.1.3\" \/><input type=\"hidden\" name=\"_wpcf7_locale\" value=\"en_US\" \/><input type=\"hidden\" name=\"_wpcf7_unit_tag\" value=\"wpcf7-f2612-o1\" \/><input type=\"hidden\" name=\"_wpcf7_container_post\" value=\"0\" \/><input type=\"hidden\" name=\"_wpcf7_posted_data_hash\" value=\"\" \/><input type=\"hidden\" name=\"_wpcf7_recaptcha_response\" value=\"\" \/>\n<\/fieldset>\n<div class=\"contact-row\">\n\t<div class=\"contact-half\">\n\t\t<p><span class=\"wpcf7-form-control-wrap\" data-name=\"first-name\"><input size=\"40\" maxlength=\"400\" class=\"wpcf7-form-control wpcf7-text wpcf7-validates-as-required\" aria-required=\"true\" aria-invalid=\"false\" placeholder=\"Pr\u00e9nom\" value=\"\" type=\"text\" name=\"first-name\" \/><\/span>\n\t\t<\/p>\n\t\t<p><span class=\"wpcf7-form-control-wrap\" data-name=\"last-name\"><input size=\"40\" maxlength=\"400\" class=\"wpcf7-form-control wpcf7-text wpcf7-validates-as-required\" aria-required=\"true\" aria-invalid=\"false\" placeholder=\"Nom\" value=\"\" type=\"text\" name=\"last-name\" \/><\/span>\n\t\t<\/p>\n\t\t<p><span class=\"wpcf7-form-control-wrap\" data-name=\"email-address\"><input size=\"40\" maxlength=\"400\" class=\"wpcf7-form-control wpcf7-email wpcf7-validates-as-required wpcf7-text wpcf7-validates-as-email\" aria-required=\"true\" aria-invalid=\"false\" placeholder=\"Courriel\" value=\"\" type=\"email\" name=\"email-address\" \/><\/span>\n\t\t<\/p>\n\t\t<p><span class=\"wpcf7-form-control-wrap\" data-name=\"tel-number\"><input size=\"40\" maxlength=\"400\" class=\"wpcf7-form-control wpcf7-tel wpcf7-validates-as-required wpcf7-text wpcf7-validates-as-tel\" aria-required=\"true\" aria-invalid=\"false\" placeholder=\"T\u00e9l\u00e9phone\" value=\"\" type=\"tel\" name=\"tel-number\" \/><\/span>\n\t\t<\/p>\n\t<\/div>\n\t<div class=\"contact-half\">\n\t\t<p><span class=\"wpcf7-form-control-wrap\" data-name=\"Address\"><input size=\"40\" maxlength=\"400\" class=\"wpcf7-form-control wpcf7-text wpcf7-validates-as-required\" aria-required=\"true\" aria-invalid=\"false\" placeholder=\"Adresse\" value=\"\" type=\"text\" name=\"Address\" \/><\/span>\n\t\t<\/p>\n\t\t<p><span class=\"wpcf7-form-control-wrap\" data-name=\"your-message\"><textarea cols=\"40\" rows=\"10\" maxlength=\"2000\" class=\"wpcf7-form-control wpcf7-textarea wpcf7-validates-as-required\" aria-required=\"true\" aria-invalid=\"false\" placeholder=\"Description de vos besoins\" name=\"your-message\"><\/textarea><\/span>\n\t\t<\/p>\n\t<\/div>\n\t<div class=\"contact-bottom\">\n\t\t<p><input class=\"wpcf7-form-control wpcf7-submit has-spinner\" type=\"submit\" value=\"Soumettre votre projet\" \/>\n\t\t<\/p>\n\t<\/div>\n<\/div><input type=\"hidden\" id=\"ct_checkjs_cf7_821fa74b50ba3f7cba1e6c53e8fa6845\" name=\"ct_checkjs_cf7\" value=\"0\" \/><script >setTimeout(function(){var ct_input_name = \"ct_checkjs_cf7_821fa74b50ba3f7cba1e6c53e8fa6845\";if (document.getElementById(ct_input_name) !== null) {var ct_input_value = document.getElementById(ct_input_name).value;document.getElementById(ct_input_name).value = document.getElementById(ct_input_name).value.replace(ct_input_value, '1877900842');}}, 1000);<\/script><input\n                    class=\"apbct_special_field apbct_email_id__wp_contact_form_7\"\n                    name=\"apbct__email_id__wp_contact_form_7\"\n                    aria-label=\"apbct__label_id__wp_contact_form_7\"\n                    type=\"text\" size=\"30\" maxlength=\"200\" autocomplete=\"off\"\n                    value=\"\"\n                \/><input type='hidden' class='wpcf7-pum' value='{\"closepopup\":false,\"closedelay\":0,\"openpopup\":false,\"openpopup_id\":0}' \/><div class=\"wpcf7-response-output\" aria-hidden=\"true\"><\/div>\n<\/form>\n<\/div>\n[\/vc_column_inner][\/vc_row_inner][\/vc_column][\/vc_row]<\/p>\n<\/div>","protected":false},"excerpt":{"rendered":"<p>[vc_row css_animation=\u00a0\u00bb\u00a0\u00bb row_type=\u00a0\u00bbrow\u00a0\u00bb use_row_as_full_screen_section=\u00a0\u00bbno\u00a0\u00bb type=\u00a0\u00bbfull_width\u00a0\u00bb angled_section=\u00a0\u00bbno\u00a0\u00bb text_align=\u00a0\u00bbleft\u00a0\u00bb background_image_as_pattern=\u00a0\u00bbwithout_pattern\u00a0\u00bb el_class=\u00a0\u00bbbloc0&Prime;][vc_column offset=\u00a0\u00bbvc_hidden-xs\u00a0\u00bb][vc_row_inner row_type=\u00a0\u00bbrow\u00a0\u00bb type=\u00a0\u00bbfull_width\u00a0\u00bb text_align=\u00a0\u00bbleft\u00a0\u00bb css_animation=\u00a0\u00bb\u00a0\u00bb][vc_column_inner el_class=\u00a0\u00bbbloc0-left\u00a0\u00bb width=\u00a0\u00bb1\/2&Prime;][vc_column_text css=\u00a0\u00bb\u00a0\u00bb]R\u00e9paration des fissures de&#8230;<\/p>\n","protected":false},"author":1,"featured_media":0,"parent":0,"menu_order":0,"comment_status":"closed","ping_status":"closed","template":"full_width.php","meta":{"inline_featured_image":false,"footnotes":""},"class_list":["post-2625","page","type-page","status-publish","hentry"],"yoast_head":"<!-- This site is optimized with the Yoast SEO plugin v26.3 - https:\/\/yoast.com\/wordpress\/plugins\/seo\/ -->\n<title>Services de r\u00e9paration de fondations et d&#039;imperm\u00e9abilisation | 911 Foundation Ottawa<\/title>\n<meta name=\"description\" content=\"Nous proposons des services de r\u00e9paration de fondations pour les infiltrations d&#039;eau, les dommages structurels des fondations, les mouvements du sol, les syst\u00e8mes de drainage et bien plus encore.\" \/>\n<meta name=\"robots\" content=\"index, follow, max-snippet:-1, max-image-preview:large, max-video-preview:-1\" \/>\n<link rel=\"canonical\" href=\"https:\/\/911fondation.com\/fr\/\" \/>\n<meta property=\"og:locale\" content=\"fr_FR\" \/>\n<meta property=\"og:type\" content=\"article\" \/>\n<meta property=\"og:title\" content=\"Services de r\u00e9paration de fondations et d&#039;imperm\u00e9abilisation | 911 Foundation Ottawa\" \/>\n<meta property=\"og:description\" content=\"Nous proposons des services de r\u00e9paration de fondations pour les infiltrations d&#039;eau, les dommages structurels des fondations, les mouvements du sol, les syst\u00e8mes de drainage et bien plus encore.\" \/>\n<meta property=\"og:url\" content=\"https:\/\/911fondation.com\/fr\/\" \/>\n<meta property=\"og:site_name\" content=\"911 Fondation\" \/>\n<meta property=\"article:modified_time\" content=\"2025-04-30T19:02:43+00:00\" \/>\n<meta property=\"og:image\" content=\"https:\/\/911fondation.com\/wp-content\/uploads\/2016\/06\/911fondation.jpg\" \/>\n\t<meta property=\"og:image:width\" content=\"350\" \/>\n\t<meta property=\"og:image:height\" content=\"250\" \/>\n\t<meta property=\"og:image:type\" content=\"image\/jpeg\" \/>\n<meta name=\"twitter:card\" content=\"summary_large_image\" \/>\n<meta name=\"twitter:label1\" content=\"Dur\u00e9e de lecture estim\u00e9e\" \/>\n\t<meta name=\"twitter:data1\" content=\"3 minutes\" \/>\n<script type=\"application\/ld+json\" class=\"yoast-schema-graph\">{\"@context\":\"https:\/\/schema.org\",\"@graph\":[{\"@type\":\"WebPage\",\"@id\":\"https:\/\/911fondation.com\/fr\/\",\"url\":\"https:\/\/911fondation.com\/fr\/\",\"name\":\"Services de r\u00e9paration de fondations et d'imperm\u00e9abilisation | 911 Foundation Ottawa\",\"isPartOf\":{\"@id\":\"https:\/\/911fondation.com\/#website\"},\"datePublished\":\"2016-07-26T13:19:04+00:00\",\"dateModified\":\"2025-04-30T19:02:43+00:00\",\"description\":\"Nous proposons des services de r\u00e9paration de fondations pour les infiltrations d'eau, les dommages structurels des fondations, les mouvements du sol, les syst\u00e8mes de drainage et bien plus encore.\",\"breadcrumb\":{\"@id\":\"https:\/\/911fondation.com\/fr\/#breadcrumb\"},\"inLanguage\":\"fr-FR\",\"potentialAction\":[{\"@type\":\"ReadAction\",\"target\":[\"https:\/\/911fondation.com\/fr\/\"]}]},{\"@type\":\"BreadcrumbList\",\"@id\":\"https:\/\/911fondation.com\/fr\/#breadcrumb\",\"itemListElement\":[{\"@type\":\"ListItem\",\"position\":1,\"name\":\"Home\",\"item\":\"https:\/\/911fondation.com\/fr\/\"},{\"@type\":\"ListItem\",\"position\":2,\"name\":\"Accueil\"}]},{\"@type\":\"WebSite\",\"@id\":\"https:\/\/911fondation.com\/#website\",\"url\":\"https:\/\/911fondation.com\/\",\"name\":\"911 Fondation\",\"description\":\"Repair and Waterproofing\",\"potentialAction\":[{\"@type\":\"SearchAction\",\"target\":{\"@type\":\"EntryPoint\",\"urlTemplate\":\"https:\/\/911fondation.com\/?s={search_term_string}\"},\"query-input\":{\"@type\":\"PropertyValueSpecification\",\"valueRequired\":true,\"valueName\":\"search_term_string\"}}],\"inLanguage\":\"fr-FR\"}]}<\/script>\n<!-- \/ Yoast SEO plugin. -->","yoast_head_json":{"title":"Services de r\u00e9paration de fondations et d'imperm\u00e9abilisation | 911 Foundation Ottawa","description":"Nous proposons des services de r\u00e9paration de fondations pour les infiltrations d'eau, les dommages structurels des fondations, les mouvements du sol, les syst\u00e8mes de drainage et bien plus encore.","robots":{"index":"index","follow":"follow","max-snippet":"max-snippet:-1","max-image-preview":"max-image-preview:large","max-video-preview":"max-video-preview:-1"},"canonical":"https:\/\/911fondation.com\/fr\/","og_locale":"fr_FR","og_type":"article","og_title":"Services de r\u00e9paration de fondations et d'imperm\u00e9abilisation | 911 Foundation Ottawa","og_description":"Nous proposons des services de r\u00e9paration de fondations pour les infiltrations d'eau, les dommages structurels des fondations, les mouvements du sol, les syst\u00e8mes de drainage et bien plus encore.","og_url":"https:\/\/911fondation.com\/fr\/","og_site_name":"911 Fondation","article_modified_time":"2025-04-30T19:02:43+00:00","og_image":[{"width":350,"height":250,"url":"https:\/\/911fondation.com\/wp-content\/uploads\/2016\/06\/911fondation.jpg","type":"image\/jpeg"}],"twitter_card":"summary_large_image","twitter_misc":{"Dur\u00e9e de lecture estim\u00e9e":"3 minutes"},"schema":{"@context":"https:\/\/schema.org","@graph":[{"@type":"WebPage","@id":"https:\/\/911fondation.com\/fr\/","url":"https:\/\/911fondation.com\/fr\/","name":"Services de r\u00e9paration de fondations et d'imperm\u00e9abilisation | 911 Foundation Ottawa","isPartOf":{"@id":"https:\/\/911fondation.com\/#website"},"datePublished":"2016-07-26T13:19:04+00:00","dateModified":"2025-04-30T19:02:43+00:00","description":"Nous proposons des services de r\u00e9paration de fondations pour les infiltrations d'eau, les dommages structurels des fondations, les mouvements du sol, les syst\u00e8mes de drainage et bien plus encore.","breadcrumb":{"@id":"https:\/\/911fondation.com\/fr\/#breadcrumb"},"inLanguage":"fr-FR","potentialAction":[{"@type":"ReadAction","target":["https:\/\/911fondation.com\/fr\/"]}]},{"@type":"BreadcrumbList","@id":"https:\/\/911fondation.com\/fr\/#breadcrumb","itemListElement":[{"@type":"ListItem","position":1,"name":"Home","item":"https:\/\/911fondation.com\/fr\/"},{"@type":"ListItem","position":2,"name":"Accueil"}]},{"@type":"WebSite","@id":"https:\/\/911fondation.com\/#website","url":"https:\/\/911fondation.com\/","name":"911 Fondation","description":"Repair and Waterproofing","potentialAction":[{"@type":"SearchAction","target":{"@type":"EntryPoint","urlTemplate":"https:\/\/911fondation.com\/?s={search_term_string}"},"query-input":{"@type":"PropertyValueSpecification","valueRequired":true,"valueName":"search_term_string"}}],"inLanguage":"fr-FR"}]}},"_links":{"self":[{"href":"https:\/\/911fondation.com\/fr\/wp-json\/wp\/v2\/pages\/2625","targetHints":{"allow":["GET"]}}],"collection":[{"href":"https:\/\/911fondation.com\/fr\/wp-json\/wp\/v2\/pages"}],"about":[{"href":"https:\/\/911fondation.com\/fr\/wp-json\/wp\/v2\/types\/page"}],"author":[{"embeddable":true,"href":"https:\/\/911fondation.com\/fr\/wp-json\/wp\/v2\/users\/1"}],"replies":[{"embeddable":true,"href":"https:\/\/911fondation.com\/fr\/wp-json\/wp\/v2\/comments?post=2625"}],"version-history":[{"count":10,"href":"https:\/\/911fondation.com\/fr\/wp-json\/wp\/v2\/pages\/2625\/revisions"}],"predecessor-version":[{"id":3052,"href":"https:\/\/911fondation.com\/fr\/wp-json\/wp\/v2\/pages\/2625\/revisions\/3052"}],"wp:attachment":[{"href":"https:\/\/911fondation.com\/fr\/wp-json\/wp\/v2\/media?parent=2625"}],"curies":[{"name":"wp","href":"https:\/\/api.w.org\/{rel}","templated":true}]}}