{"id":2619,"date":"2016-07-26T13:14:31","date_gmt":"2016-07-26T13:14:31","guid":{"rendered":"http:\/\/911fondation.com\/fr\/?page_id=2619"},"modified":"2016-08-01T20:53:42","modified_gmt":"2016-08-01T20:53:42","slug":"recouvrement-apres-sinistre","status":"publish","type":"page","link":"https:\/\/911fondation.com\/fr\/recouvrement-apres-sinistre\/","title":{"rendered":"Recouvrement apr\u00e8s sinistre"},"content":{"rendered":"<div class=\"wpb-content-wrapper\"><p>[vc_row row_type=\u00a0\u00bbrow\u00a0\u00bb use_row_as_full_screen_section=\u00a0\u00bbno\u00a0\u00bb type=\u00a0\u00bbgrid\u00a0\u00bb angled_section=\u00a0\u00bbno\u00a0\u00bb text_align=\u00a0\u00bbleft\u00a0\u00bb background_image_as_pattern=\u00a0\u00bbwithout_pattern\u00a0\u00bb css_animation=\u00a0\u00bb\u00a0\u00bb][vc_column][vc_column_text]Notre approche est professionnelle avec un engagement fort pour la sant\u00e9 et la s\u00e9curit\u00e9, pour le respect des lois environnementales et des r\u00e8glements, et de l\u2019atteinte des objectifs de nos clients.<\/p>\n<p>NOS SOLUTIONS INCLUENT\u00a0:<\/p>\n<p>\u2022 Services apr\u00e8s sinistre<br \/>\n\u2022 D\u00e9molition de maison r\u00e9sidentielle<br \/>\n\u2022 R\u00e9duction de l&rsquo;amiante<br \/>\n\u2022 R\u00e9duction de la contamination li\u00e9e au plomb et \u00e0 la poussi\u00e8re<br \/>\n\u2022 Gestion des d\u00e9chets dangereux<br \/>\n\u2022 Nettoyage industriel<br \/>\n\u2022 Nettoyage de r\u00e9servoirs<br \/>\n\u2022 Modification de l\u2019int\u00e9rieur<br \/>\n\u2022 Gestion \u00e0 temps plein de la sant\u00e9 et de la s\u00e9curit\u00e9<br \/>\n\u2022 Assurance de la responsabilit\u00e9 environnementale[\/vc_column_text][\/vc_column][\/vc_row]<\/p>\n<\/div>","protected":false},"excerpt":{"rendered":"<p>[vc_row row_type=\u00a0\u00bbrow\u00a0\u00bb use_row_as_full_screen_section=\u00a0\u00bbno\u00a0\u00bb type=\u00a0\u00bbgrid\u00a0\u00bb angled_section=\u00a0\u00bbno\u00a0\u00bb text_align=\u00a0\u00bbleft\u00a0\u00bb background_image_as_pattern=\u00a0\u00bbwithout_pattern\u00a0\u00bb css_animation=\u00a0\u00bb\u00a0\u00bb][vc_column][vc_column_text]Notre approche est professionnelle avec un engagement fort pour la sant\u00e9 et la&#8230;<\/p>\n","protected":false},"author":1,"featured_media":0,"parent":0,"menu_order":0,"comment_status":"closed","ping_status":"closed","template":"full_width.php","meta":{"inline_featured_image":false,"footnotes":""},"class_list":["post-2619","page","type-page","status-publish","hentry"],"yoast_head":"<!-- This site is optimized with the Yoast SEO plugin v27.4 - https:\/\/yoast.com\/product\/yoast-seo-wordpress\/ -->\n<title>Recouvrement apr\u00e8s sinistre - 911 Fondation<\/title>\n<meta name=\"robots\" content=\"index, follow, max-snippet:-1, max-image-preview:large, max-video-preview:-1\" \/>\n<link rel=\"canonical\" href=\"https:\/\/911fondation.com\/fr\/recouvrement-apres-sinistre\/\" \/>\n<meta property=\"og:locale\" content=\"fr_FR\" \/>\n<meta property=\"og:type\" content=\"article\" \/>\n<meta property=\"og:title\" content=\"Recouvrement apr\u00e8s sinistre - 911 Fondation\" \/>\n<meta property=\"og:description\" content=\"[vc_row row_type=\u00a0\u00bbrow\u00a0\u00bb use_row_as_full_screen_section=\u00a0\u00bbno\u00a0\u00bb type=\u00a0\u00bbgrid\u00a0\u00bb angled_section=\u00a0\u00bbno\u00a0\u00bb text_align=\u00a0\u00bbleft\u00a0\u00bb background_image_as_pattern=\u00a0\u00bbwithout_pattern\u00a0\u00bb css_animation=\u00a0\u00bb\u00a0\u00bb][vc_column][vc_column_text]Notre approche est professionnelle avec un engagement fort pour la sant\u00e9 et la...\" \/>\n<meta property=\"og:url\" content=\"https:\/\/911fondation.com\/fr\/recouvrement-apres-sinistre\/\" \/>\n<meta property=\"og:site_name\" content=\"911 Fondation\" \/>\n<meta property=\"article:modified_time\" content=\"2016-08-01T20:53:42+00:00\" \/>\n<meta property=\"og:image\" content=\"https:\/\/911fondation.com\/wp-content\/uploads\/2016\/06\/911fondation.jpg\" \/>\n\t<meta property=\"og:image:width\" content=\"350\" \/>\n\t<meta property=\"og:image:height\" content=\"250\" \/>\n\t<meta property=\"og:image:type\" content=\"image\/jpeg\" \/>\n<meta name=\"twitter:card\" content=\"summary_large_image\" \/>\n<meta name=\"twitter:label1\" content=\"Dur\u00e9e de lecture estim\u00e9e\" \/>\n\t<meta name=\"twitter:data1\" content=\"1 minute\" \/>\n<script type=\"application\/ld+json\" class=\"yoast-schema-graph\">{\"@context\":\"https:\\\/\\\/schema.org\",\"@graph\":[{\"@type\":\"WebPage\",\"@id\":\"https:\\\/\\\/911fondation.com\\\/fr\\\/recouvrement-apres-sinistre\\\/\",\"url\":\"https:\\\/\\\/911fondation.com\\\/fr\\\/recouvrement-apres-sinistre\\\/\",\"name\":\"Recouvrement apr\u00e8s sinistre - 911 Fondation\",\"isPartOf\":{\"@id\":\"https:\\\/\\\/911fondation.com\\\/#website\"},\"datePublished\":\"2016-07-26T13:14:31+00:00\",\"dateModified\":\"2016-08-01T20:53:42+00:00\",\"breadcrumb\":{\"@id\":\"https:\\\/\\\/911fondation.com\\\/fr\\\/recouvrement-apres-sinistre\\\/#breadcrumb\"},\"inLanguage\":\"fr-FR\",\"potentialAction\":[{\"@type\":\"ReadAction\",\"target\":[\"https:\\\/\\\/911fondation.com\\\/fr\\\/recouvrement-apres-sinistre\\\/\"]}]},{\"@type\":\"BreadcrumbList\",\"@id\":\"https:\\\/\\\/911fondation.com\\\/fr\\\/recouvrement-apres-sinistre\\\/#breadcrumb\",\"itemListElement\":[{\"@type\":\"ListItem\",\"position\":1,\"name\":\"Home\",\"item\":\"https:\\\/\\\/911fondation.com\\\/fr\\\/\"},{\"@type\":\"ListItem\",\"position\":2,\"name\":\"Recouvrement apr\u00e8s sinistre\"}]},{\"@type\":\"WebSite\",\"@id\":\"https:\\\/\\\/911fondation.com\\\/#website\",\"url\":\"https:\\\/\\\/911fondation.com\\\/\",\"name\":\"911 Fondation\",\"description\":\"Repair and Waterproofing\",\"potentialAction\":[{\"@type\":\"SearchAction\",\"target\":{\"@type\":\"EntryPoint\",\"urlTemplate\":\"https:\\\/\\\/911fondation.com\\\/?s={search_term_string}\"},\"query-input\":{\"@type\":\"PropertyValueSpecification\",\"valueRequired\":true,\"valueName\":\"search_term_string\"}}],\"inLanguage\":\"fr-FR\"}]}<\/script>\n<!-- \/ Yoast SEO plugin. -->","yoast_head_json":{"title":"Recouvrement apr\u00e8s sinistre - 911 Fondation","robots":{"index":"index","follow":"follow","max-snippet":"max-snippet:-1","max-image-preview":"max-image-preview:large","max-video-preview":"max-video-preview:-1"},"canonical":"https:\/\/911fondation.com\/fr\/recouvrement-apres-sinistre\/","og_locale":"fr_FR","og_type":"article","og_title":"Recouvrement apr\u00e8s sinistre - 911 Fondation","og_description":"[vc_row row_type=\u00a0\u00bbrow\u00a0\u00bb use_row_as_full_screen_section=\u00a0\u00bbno\u00a0\u00bb type=\u00a0\u00bbgrid\u00a0\u00bb angled_section=\u00a0\u00bbno\u00a0\u00bb text_align=\u00a0\u00bbleft\u00a0\u00bb background_image_as_pattern=\u00a0\u00bbwithout_pattern\u00a0\u00bb css_animation=\u00a0\u00bb\u00a0\u00bb][vc_column][vc_column_text]Notre approche est professionnelle avec un engagement fort pour la sant\u00e9 et la...","og_url":"https:\/\/911fondation.com\/fr\/recouvrement-apres-sinistre\/","og_site_name":"911 Fondation","article_modified_time":"2016-08-01T20:53:42+00:00","og_image":[{"width":350,"height":250,"url":"https:\/\/911fondation.com\/wp-content\/uploads\/2016\/06\/911fondation.jpg","type":"image\/jpeg"}],"twitter_card":"summary_large_image","twitter_misc":{"Dur\u00e9e de lecture estim\u00e9e":"1 minute"},"schema":{"@context":"https:\/\/schema.org","@graph":[{"@type":"WebPage","@id":"https:\/\/911fondation.com\/fr\/recouvrement-apres-sinistre\/","url":"https:\/\/911fondation.com\/fr\/recouvrement-apres-sinistre\/","name":"Recouvrement apr\u00e8s sinistre - 911 Fondation","isPartOf":{"@id":"https:\/\/911fondation.com\/#website"},"datePublished":"2016-07-26T13:14:31+00:00","dateModified":"2016-08-01T20:53:42+00:00","breadcrumb":{"@id":"https:\/\/911fondation.com\/fr\/recouvrement-apres-sinistre\/#breadcrumb"},"inLanguage":"fr-FR","potentialAction":[{"@type":"ReadAction","target":["https:\/\/911fondation.com\/fr\/recouvrement-apres-sinistre\/"]}]},{"@type":"BreadcrumbList","@id":"https:\/\/911fondation.com\/fr\/recouvrement-apres-sinistre\/#breadcrumb","itemListElement":[{"@type":"ListItem","position":1,"name":"Home","item":"https:\/\/911fondation.com\/fr\/"},{"@type":"ListItem","position":2,"name":"Recouvrement apr\u00e8s sinistre"}]},{"@type":"WebSite","@id":"https:\/\/911fondation.com\/#website","url":"https:\/\/911fondation.com\/","name":"911 Fondation","description":"Repair and Waterproofing","potentialAction":[{"@type":"SearchAction","target":{"@type":"EntryPoint","urlTemplate":"https:\/\/911fondation.com\/?s={search_term_string}"},"query-input":{"@type":"PropertyValueSpecification","valueRequired":true,"valueName":"search_term_string"}}],"inLanguage":"fr-FR"}]}},"_links":{"self":[{"href":"https:\/\/911fondation.com\/fr\/wp-json\/wp\/v2\/pages\/2619","targetHints":{"allow":["GET"]}}],"collection":[{"href":"https:\/\/911fondation.com\/fr\/wp-json\/wp\/v2\/pages"}],"about":[{"href":"https:\/\/911fondation.com\/fr\/wp-json\/wp\/v2\/types\/page"}],"author":[{"embeddable":true,"href":"https:\/\/911fondation.com\/fr\/wp-json\/wp\/v2\/users\/1"}],"replies":[{"embeddable":true,"href":"https:\/\/911fondation.com\/fr\/wp-json\/wp\/v2\/comments?post=2619"}],"version-history":[{"count":4,"href":"https:\/\/911fondation.com\/fr\/wp-json\/wp\/v2\/pages\/2619\/revisions"}],"predecessor-version":[{"id":2643,"href":"https:\/\/911fondation.com\/fr\/wp-json\/wp\/v2\/pages\/2619\/revisions\/2643"}],"wp:attachment":[{"href":"https:\/\/911fondation.com\/fr\/wp-json\/wp\/v2\/media?parent=2619"}],"curies":[{"name":"wp","href":"https:\/\/api.w.org\/{rel}","templated":true}]}}