{"id":2562,"date":"2016-07-25T18:45:23","date_gmt":"2016-07-25T18:45:23","guid":{"rendered":"http:\/\/911fondation.com\/fr\/?page_id=2562"},"modified":"2017-02-26T14:41:01","modified_gmt":"2017-02-26T14:41:01","slug":"fondation","status":"publish","type":"page","link":"https:\/\/911fondation.com\/fr\/fondation\/","title":{"rendered":"Fondation"},"content":{"rendered":"<div class=\"wpb-content-wrapper\"><p>[vc_row row_type=\u00a0\u00bbrow\u00a0\u00bb use_row_as_full_screen_section=\u00a0\u00bbno\u00a0\u00bb type=\u00a0\u00bbgrid\u00a0\u00bb angled_section=\u00a0\u00bbno\u00a0\u00bb text_align=\u00a0\u00bbleft\u00a0\u00bb background_image_as_pattern=\u00a0\u00bbwithout_pattern\u00a0\u00bb css_animation=\u00a0\u00bb\u00a0\u00bb][vc_column][vc_column_text]<\/p>\n<h2><span style=\"color: #000000;\">Nous offrons des services de r\u00e9paration de fondation pour l\u2019infiltration d\u2019eau, fondation structurelle dommage, le mouvement du sol, des syst\u00e8mes de drainage, etc. Voir ci-dessous l\u2019ensemble de nos services :<\/span><\/h2>\n<ul>\n<li><a href=\"https:\/\/911fondation.com\/fr\/fondation\/abaissement-du-sous-sol\/\">ABAISSEMENT DU SOUS-SOL<\/a><\/li>\n<li><a href=\"https:\/\/911fondation.com\/fr\/fondation\/humidite-liee-la-moisissure\/\">HUMIDIT\u00c9 LI\u00c9E \u00c0 LA MOISISSURE<\/a><\/li>\n<li><a href=\"https:\/\/911fondation.com\/fr\/fondation\/impermeabilisation-des-fondations\/\">IMPERM\u00c9ABILISATION DES FONDATIONS<\/a><\/li>\n<li><a href=\"https:\/\/911fondation.com\/fr\/fondation\/inspection-de-tuile-poreuse\/\">INSPECTION DE TUILE POREUSE<\/a><\/li>\n<li><a href=\"https:\/\/911fondation.com\/fr\/fondation\/inspection-thermique\/\">INSPECTION THERMIQUE<\/a><\/li>\n<li><a href=\"https:\/\/911fondation.com\/fr\/fondation\/installation-de-la-pompe-de-puisard\/\">INSTALLATION DE LA POMPE DE PUISARD<\/a><\/li>\n<li><a href=\"https:\/\/911fondation.com\/fr\/fondation\/etancheisation-des-barrieres-du-vide-sanitaire\/\">L\u2019\u00c9TANCH\u00c9ISATION DES BARRI\u00c8RES DE VOTRE VIDE SANITAIRE<\/a><\/li>\n<li><a href=\"https:\/\/911fondation.com\/fr\/fondation\/crawl-space-floor-membrane-liquide\/\">PLANCHER DE B\u00c2TIMENTS ET MEMBRANE LIQUIDE<\/a><\/li>\n<li><a href=\"https:\/\/911fondation.com\/fr\/fondation\/reparation-fissures-epoxy-polyurethane\/\">R\u00c9PARATION DES FISSURES AVEC L\u2019\u00c9POXY ET LE POLYUR\u00c9THANE<\/a><\/li>\n<li><a href=\"https:\/\/911fondation.com\/fr\/fondation\/reparation-des-structures\/\">R\u00c9PARATION DES STRUCTURE<\/a><\/li>\n<li><a href=\"https:\/\/911fondation.com\/fr\/fondation\/soutien-du-vide-sanitaire\/\">SOUTIEN DU VIDE SANITAIRE<\/a><\/li>\n<li><a href=\"https:\/\/911fondation.com\/fr\/fondation\/systeme-dirrigation-du-jardin\/\">SYST\u00c8ME D\u2019IRRIGATION DU JARDIN<\/a><\/li>\n<\/ul>\n<p>[\/vc_column_text][\/vc_column][\/vc_row]<\/p>\n<\/div>","protected":false},"excerpt":{"rendered":"<p>[vc_row row_type=\u00a0\u00bbrow\u00a0\u00bb use_row_as_full_screen_section=\u00a0\u00bbno\u00a0\u00bb type=\u00a0\u00bbgrid\u00a0\u00bb angled_section=\u00a0\u00bbno\u00a0\u00bb text_align=\u00a0\u00bbleft\u00a0\u00bb background_image_as_pattern=\u00a0\u00bbwithout_pattern\u00a0\u00bb css_animation=\u00a0\u00bb\u00a0\u00bb][vc_column][vc_column_text] Nous offrons des services de r\u00e9paration de fondation pour l\u2019infiltration d\u2019eau, fondation&#8230;<\/p>\n","protected":false},"author":1,"featured_media":0,"parent":0,"menu_order":0,"comment_status":"closed","ping_status":"closed","template":"full_width.php","meta":{"inline_featured_image":false,"footnotes":""},"class_list":["post-2562","page","type-page","status-publish","hentry"],"yoast_head":"<!-- This site is optimized with the Yoast SEO plugin v26.3 - https:\/\/yoast.com\/wordpress\/plugins\/seo\/ -->\n<title>Fondation - 911 Fondation<\/title>\n<meta name=\"robots\" content=\"index, follow, max-snippet:-1, max-image-preview:large, max-video-preview:-1\" \/>\n<link rel=\"canonical\" href=\"https:\/\/911fondation.com\/fr\/fondation\/\" \/>\n<meta property=\"og:locale\" content=\"fr_FR\" \/>\n<meta property=\"og:type\" content=\"article\" \/>\n<meta property=\"og:title\" content=\"Fondation - 911 Fondation\" \/>\n<meta property=\"og:description\" content=\"[vc_row row_type=\u00a0\u00bbrow\u00a0\u00bb use_row_as_full_screen_section=\u00a0\u00bbno\u00a0\u00bb type=\u00a0\u00bbgrid\u00a0\u00bb angled_section=\u00a0\u00bbno\u00a0\u00bb text_align=\u00a0\u00bbleft\u00a0\u00bb background_image_as_pattern=\u00a0\u00bbwithout_pattern\u00a0\u00bb css_animation=\u00a0\u00bb\u00a0\u00bb][vc_column][vc_column_text] Nous offrons des services de r\u00e9paration de fondation pour l\u2019infiltration d\u2019eau, fondation...\" \/>\n<meta property=\"og:url\" content=\"https:\/\/911fondation.com\/fr\/fondation\/\" \/>\n<meta property=\"og:site_name\" content=\"911 Fondation\" \/>\n<meta property=\"article:modified_time\" content=\"2017-02-26T14:41:01+00:00\" \/>\n<meta property=\"og:image\" content=\"https:\/\/911fondation.com\/wp-content\/uploads\/2016\/06\/911fondation.jpg\" \/>\n\t<meta property=\"og:image:width\" content=\"350\" \/>\n\t<meta property=\"og:image:height\" content=\"250\" \/>\n\t<meta property=\"og:image:type\" content=\"image\/jpeg\" \/>\n<meta name=\"twitter:card\" content=\"summary_large_image\" \/>\n<meta name=\"twitter:label1\" content=\"Dur\u00e9e de lecture estim\u00e9e\" \/>\n\t<meta name=\"twitter:data1\" content=\"1 minute\" \/>\n<script type=\"application\/ld+json\" class=\"yoast-schema-graph\">{\"@context\":\"https:\/\/schema.org\",\"@graph\":[{\"@type\":\"WebPage\",\"@id\":\"https:\/\/911fondation.com\/fr\/fondation\/\",\"url\":\"https:\/\/911fondation.com\/fr\/fondation\/\",\"name\":\"Fondation - 911 Fondation\",\"isPartOf\":{\"@id\":\"https:\/\/911fondation.com\/#website\"},\"datePublished\":\"2016-07-25T18:45:23+00:00\",\"dateModified\":\"2017-02-26T14:41:01+00:00\",\"breadcrumb\":{\"@id\":\"https:\/\/911fondation.com\/fr\/fondation\/#breadcrumb\"},\"inLanguage\":\"fr-FR\",\"potentialAction\":[{\"@type\":\"ReadAction\",\"target\":[\"https:\/\/911fondation.com\/fr\/fondation\/\"]}]},{\"@type\":\"BreadcrumbList\",\"@id\":\"https:\/\/911fondation.com\/fr\/fondation\/#breadcrumb\",\"itemListElement\":[{\"@type\":\"ListItem\",\"position\":1,\"name\":\"Home\",\"item\":\"https:\/\/911fondation.com\/fr\/\"},{\"@type\":\"ListItem\",\"position\":2,\"name\":\"Fondation\"}]},{\"@type\":\"WebSite\",\"@id\":\"https:\/\/911fondation.com\/#website\",\"url\":\"https:\/\/911fondation.com\/\",\"name\":\"911 Fondation\",\"description\":\"Repair and Waterproofing\",\"potentialAction\":[{\"@type\":\"SearchAction\",\"target\":{\"@type\":\"EntryPoint\",\"urlTemplate\":\"https:\/\/911fondation.com\/?s={search_term_string}\"},\"query-input\":{\"@type\":\"PropertyValueSpecification\",\"valueRequired\":true,\"valueName\":\"search_term_string\"}}],\"inLanguage\":\"fr-FR\"}]}<\/script>\n<!-- \/ Yoast SEO plugin. -->","yoast_head_json":{"title":"Fondation - 911 Fondation","robots":{"index":"index","follow":"follow","max-snippet":"max-snippet:-1","max-image-preview":"max-image-preview:large","max-video-preview":"max-video-preview:-1"},"canonical":"https:\/\/911fondation.com\/fr\/fondation\/","og_locale":"fr_FR","og_type":"article","og_title":"Fondation - 911 Fondation","og_description":"[vc_row row_type=\u00a0\u00bbrow\u00a0\u00bb use_row_as_full_screen_section=\u00a0\u00bbno\u00a0\u00bb type=\u00a0\u00bbgrid\u00a0\u00bb angled_section=\u00a0\u00bbno\u00a0\u00bb text_align=\u00a0\u00bbleft\u00a0\u00bb background_image_as_pattern=\u00a0\u00bbwithout_pattern\u00a0\u00bb css_animation=\u00a0\u00bb\u00a0\u00bb][vc_column][vc_column_text] Nous offrons des services de r\u00e9paration de fondation pour l\u2019infiltration d\u2019eau, fondation...","og_url":"https:\/\/911fondation.com\/fr\/fondation\/","og_site_name":"911 Fondation","article_modified_time":"2017-02-26T14:41:01+00:00","og_image":[{"width":350,"height":250,"url":"https:\/\/911fondation.com\/wp-content\/uploads\/2016\/06\/911fondation.jpg","type":"image\/jpeg"}],"twitter_card":"summary_large_image","twitter_misc":{"Dur\u00e9e de lecture estim\u00e9e":"1 minute"},"schema":{"@context":"https:\/\/schema.org","@graph":[{"@type":"WebPage","@id":"https:\/\/911fondation.com\/fr\/fondation\/","url":"https:\/\/911fondation.com\/fr\/fondation\/","name":"Fondation - 911 Fondation","isPartOf":{"@id":"https:\/\/911fondation.com\/#website"},"datePublished":"2016-07-25T18:45:23+00:00","dateModified":"2017-02-26T14:41:01+00:00","breadcrumb":{"@id":"https:\/\/911fondation.com\/fr\/fondation\/#breadcrumb"},"inLanguage":"fr-FR","potentialAction":[{"@type":"ReadAction","target":["https:\/\/911fondation.com\/fr\/fondation\/"]}]},{"@type":"BreadcrumbList","@id":"https:\/\/911fondation.com\/fr\/fondation\/#breadcrumb","itemListElement":[{"@type":"ListItem","position":1,"name":"Home","item":"https:\/\/911fondation.com\/fr\/"},{"@type":"ListItem","position":2,"name":"Fondation"}]},{"@type":"WebSite","@id":"https:\/\/911fondation.com\/#website","url":"https:\/\/911fondation.com\/","name":"911 Fondation","description":"Repair and Waterproofing","potentialAction":[{"@type":"SearchAction","target":{"@type":"EntryPoint","urlTemplate":"https:\/\/911fondation.com\/?s={search_term_string}"},"query-input":{"@type":"PropertyValueSpecification","valueRequired":true,"valueName":"search_term_string"}}],"inLanguage":"fr-FR"}]}},"_links":{"self":[{"href":"https:\/\/911fondation.com\/fr\/wp-json\/wp\/v2\/pages\/2562","targetHints":{"allow":["GET"]}}],"collection":[{"href":"https:\/\/911fondation.com\/fr\/wp-json\/wp\/v2\/pages"}],"about":[{"href":"https:\/\/911fondation.com\/fr\/wp-json\/wp\/v2\/types\/page"}],"author":[{"embeddable":true,"href":"https:\/\/911fondation.com\/fr\/wp-json\/wp\/v2\/users\/1"}],"replies":[{"embeddable":true,"href":"https:\/\/911fondation.com\/fr\/wp-json\/wp\/v2\/comments?post=2562"}],"version-history":[{"count":9,"href":"https:\/\/911fondation.com\/fr\/wp-json\/wp\/v2\/pages\/2562\/revisions"}],"predecessor-version":[{"id":2678,"href":"https:\/\/911fondation.com\/fr\/wp-json\/wp\/v2\/pages\/2562\/revisions\/2678"}],"wp:attachment":[{"href":"https:\/\/911fondation.com\/fr\/wp-json\/wp\/v2\/media?parent=2562"}],"curies":[{"name":"wp","href":"https:\/\/api.w.org\/{rel}","templated":true}]}}