{"id":2557,"date":"2016-07-25T18:25:13","date_gmt":"2016-07-25T18:25:13","guid":{"rendered":"http:\/\/911fondation.com\/fr\/?page_id=2557"},"modified":"2021-07-07T17:29:03","modified_gmt":"2021-07-07T17:29:03","slug":"financement","status":"publish","type":"page","link":"https:\/\/911fondation.com\/fr\/financement\/","title":{"rendered":"Financement"},"content":{"rendered":"<div class=\"wpb-content-wrapper\"><p>[vc_row row_type=\u00a0\u00bbrow\u00a0\u00bb use_row_as_full_screen_section=\u00a0\u00bbno\u00a0\u00bb type=\u00a0\u00bbgrid\u00a0\u00bb angled_section=\u00a0\u00bbno\u00a0\u00bb text_align=\u00a0\u00bbleft\u00a0\u00bb background_image_as_pattern=\u00a0\u00bbwithout_pattern\u00a0\u00bb css_animation=\u00a0\u00bb\u00a0\u00bb][vc_column][vc_column_text]911 Fondation, votre expert en r\u00e9paration de fondation et imperm\u00e9abilisation, offre des options de financement pour les r\u00e9parations n\u00e9cessaires \u00e0 votre domicile. Couvrir les co\u00fbts de r\u00e9paration de fondation \u00e0 votre domicile est plus abordable que vous ne l\u2019imaginiez. Nos options incluent jusqu&rsquo;\u00e0 100% du financement. Demandez \u00e0 votre technicien pour plus de d\u00e9tails sur les options qui peuvent vous permettre de r\u00e9parer votre maison sans puiser dans vos \u00e9conomies, ou de contracter des lignes de cr\u00e9dit existantes.<\/p>\n<p><strong>Options de financement<\/strong><\/p>\n<p>En travaillant main dans avec plusieurs structures, 911 Fondation, votre expert en r\u00e9paration de fondation et imperm\u00e9abilisation, peut offrir des options de paiement pour r\u00e9pondre \u00e0 vos besoins avec les cartes de cr\u00e9dit de ces institutions. Il existe diff\u00e9rents programmes, y compris une option \u00e0 faible taux et fixe avec plusieurs fonctionnalit\u00e9s, y compris :<\/p>\n<ul>\n<li><strong>Les pr\u00eats non garantis<\/strong><\/li>\n<li><strong>Des pr\u00eats sans de p\u00e9nalit\u00e9 pour les remboursements anticip\u00e9s<\/strong><\/li>\n<li><strong>Une vari\u00e9t\u00e9 de programmes de financement<\/strong><\/li>\n<\/ul>\n<p>S&rsquo;il vous pla\u00eet discuter des options disponibles avec votre repr\u00e9sentant de 911 Fondation, votre expert en r\u00e9paration de fondation et imperm\u00e9abilisation, -. Contactez-nous d\u00e8s aujourd&rsquo;hui !<\/p>\n<p>Avec le financement disponible en Ontario et, Vous pouvez compter sur 911 Fondation, votre expert en r\u00e9paration de fondation et imperm\u00e9abilisation, pour vos projets de r\u00e9parations de fondation et de toiture.[\/vc_column_text][\/vc_column][vc_column][vc_row_inner row_type=\u00a0\u00bbrow\u00a0\u00bb type=\u00a0\u00bbgrid\u00a0\u00bb text_align=\u00a0\u00bbleft\u00a0\u00bb css_animation=\u00a0\u00bb\u00a0\u00bb][vc_column_inner][\/vc_column_inner][\/vc_row_inner][\/vc_column][vc_column][\/vc_column][\/vc_row]<\/p>\n<\/div>","protected":false},"excerpt":{"rendered":"<p>[vc_row row_type=\u00a0\u00bbrow\u00a0\u00bb use_row_as_full_screen_section=\u00a0\u00bbno\u00a0\u00bb type=\u00a0\u00bbgrid\u00a0\u00bb angled_section=\u00a0\u00bbno\u00a0\u00bb text_align=\u00a0\u00bbleft\u00a0\u00bb background_image_as_pattern=\u00a0\u00bbwithout_pattern\u00a0\u00bb css_animation=\u00a0\u00bb\u00a0\u00bb][vc_column][vc_column_text]911 Fondation, votre expert en r\u00e9paration de fondation et imperm\u00e9abilisation, offre des options&#8230;<\/p>\n","protected":false},"author":1,"featured_media":0,"parent":0,"menu_order":0,"comment_status":"closed","ping_status":"closed","template":"full_width.php","meta":{"inline_featured_image":false,"footnotes":""},"class_list":["post-2557","page","type-page","status-publish","hentry"],"yoast_head":"<!-- This site is optimized with the Yoast SEO plugin v26.3 - https:\/\/yoast.com\/wordpress\/plugins\/seo\/ -->\n<title>Financement - 911 Fondation<\/title>\n<meta name=\"robots\" content=\"index, follow, max-snippet:-1, max-image-preview:large, max-video-preview:-1\" \/>\n<link rel=\"canonical\" href=\"https:\/\/911fondation.com\/fr\/financement\/\" \/>\n<meta property=\"og:locale\" content=\"fr_FR\" \/>\n<meta property=\"og:type\" content=\"article\" \/>\n<meta property=\"og:title\" content=\"Financement - 911 Fondation\" \/>\n<meta property=\"og:description\" content=\"[vc_row row_type=\u00a0\u00bbrow\u00a0\u00bb use_row_as_full_screen_section=\u00a0\u00bbno\u00a0\u00bb type=\u00a0\u00bbgrid\u00a0\u00bb angled_section=\u00a0\u00bbno\u00a0\u00bb text_align=\u00a0\u00bbleft\u00a0\u00bb background_image_as_pattern=\u00a0\u00bbwithout_pattern\u00a0\u00bb css_animation=\u00a0\u00bb\u00a0\u00bb][vc_column][vc_column_text]911 Fondation, votre expert en r\u00e9paration de fondation et imperm\u00e9abilisation, offre des options...\" \/>\n<meta property=\"og:url\" content=\"https:\/\/911fondation.com\/fr\/financement\/\" \/>\n<meta property=\"og:site_name\" content=\"911 Fondation\" \/>\n<meta property=\"article:modified_time\" content=\"2021-07-07T17:29:03+00:00\" \/>\n<meta property=\"og:image\" content=\"https:\/\/911fondation.com\/wp-content\/uploads\/2016\/06\/911fondation.jpg\" \/>\n\t<meta property=\"og:image:width\" content=\"350\" \/>\n\t<meta property=\"og:image:height\" content=\"250\" \/>\n\t<meta property=\"og:image:type\" content=\"image\/jpeg\" \/>\n<meta name=\"twitter:card\" content=\"summary_large_image\" \/>\n<meta name=\"twitter:label1\" content=\"Dur\u00e9e de lecture estim\u00e9e\" \/>\n\t<meta name=\"twitter:data1\" content=\"1 minute\" \/>\n<script type=\"application\/ld+json\" class=\"yoast-schema-graph\">{\"@context\":\"https:\/\/schema.org\",\"@graph\":[{\"@type\":\"WebPage\",\"@id\":\"https:\/\/911fondation.com\/fr\/financement\/\",\"url\":\"https:\/\/911fondation.com\/fr\/financement\/\",\"name\":\"Financement - 911 Fondation\",\"isPartOf\":{\"@id\":\"https:\/\/911fondation.com\/#website\"},\"datePublished\":\"2016-07-25T18:25:13+00:00\",\"dateModified\":\"2021-07-07T17:29:03+00:00\",\"breadcrumb\":{\"@id\":\"https:\/\/911fondation.com\/fr\/financement\/#breadcrumb\"},\"inLanguage\":\"fr-FR\",\"potentialAction\":[{\"@type\":\"ReadAction\",\"target\":[\"https:\/\/911fondation.com\/fr\/financement\/\"]}]},{\"@type\":\"BreadcrumbList\",\"@id\":\"https:\/\/911fondation.com\/fr\/financement\/#breadcrumb\",\"itemListElement\":[{\"@type\":\"ListItem\",\"position\":1,\"name\":\"Home\",\"item\":\"https:\/\/911fondation.com\/fr\/\"},{\"@type\":\"ListItem\",\"position\":2,\"name\":\"Financement\"}]},{\"@type\":\"WebSite\",\"@id\":\"https:\/\/911fondation.com\/#website\",\"url\":\"https:\/\/911fondation.com\/\",\"name\":\"911 Fondation\",\"description\":\"Repair and Waterproofing\",\"potentialAction\":[{\"@type\":\"SearchAction\",\"target\":{\"@type\":\"EntryPoint\",\"urlTemplate\":\"https:\/\/911fondation.com\/?s={search_term_string}\"},\"query-input\":{\"@type\":\"PropertyValueSpecification\",\"valueRequired\":true,\"valueName\":\"search_term_string\"}}],\"inLanguage\":\"fr-FR\"}]}<\/script>\n<!-- \/ Yoast SEO plugin. -->","yoast_head_json":{"title":"Financement - 911 Fondation","robots":{"index":"index","follow":"follow","max-snippet":"max-snippet:-1","max-image-preview":"max-image-preview:large","max-video-preview":"max-video-preview:-1"},"canonical":"https:\/\/911fondation.com\/fr\/financement\/","og_locale":"fr_FR","og_type":"article","og_title":"Financement - 911 Fondation","og_description":"[vc_row row_type=\u00a0\u00bbrow\u00a0\u00bb use_row_as_full_screen_section=\u00a0\u00bbno\u00a0\u00bb type=\u00a0\u00bbgrid\u00a0\u00bb angled_section=\u00a0\u00bbno\u00a0\u00bb text_align=\u00a0\u00bbleft\u00a0\u00bb background_image_as_pattern=\u00a0\u00bbwithout_pattern\u00a0\u00bb css_animation=\u00a0\u00bb\u00a0\u00bb][vc_column][vc_column_text]911 Fondation, votre expert en r\u00e9paration de fondation et imperm\u00e9abilisation, offre des options...","og_url":"https:\/\/911fondation.com\/fr\/financement\/","og_site_name":"911 Fondation","article_modified_time":"2021-07-07T17:29:03+00:00","og_image":[{"width":350,"height":250,"url":"https:\/\/911fondation.com\/wp-content\/uploads\/2016\/06\/911fondation.jpg","type":"image\/jpeg"}],"twitter_card":"summary_large_image","twitter_misc":{"Dur\u00e9e de lecture estim\u00e9e":"1 minute"},"schema":{"@context":"https:\/\/schema.org","@graph":[{"@type":"WebPage","@id":"https:\/\/911fondation.com\/fr\/financement\/","url":"https:\/\/911fondation.com\/fr\/financement\/","name":"Financement - 911 Fondation","isPartOf":{"@id":"https:\/\/911fondation.com\/#website"},"datePublished":"2016-07-25T18:25:13+00:00","dateModified":"2021-07-07T17:29:03+00:00","breadcrumb":{"@id":"https:\/\/911fondation.com\/fr\/financement\/#breadcrumb"},"inLanguage":"fr-FR","potentialAction":[{"@type":"ReadAction","target":["https:\/\/911fondation.com\/fr\/financement\/"]}]},{"@type":"BreadcrumbList","@id":"https:\/\/911fondation.com\/fr\/financement\/#breadcrumb","itemListElement":[{"@type":"ListItem","position":1,"name":"Home","item":"https:\/\/911fondation.com\/fr\/"},{"@type":"ListItem","position":2,"name":"Financement"}]},{"@type":"WebSite","@id":"https:\/\/911fondation.com\/#website","url":"https:\/\/911fondation.com\/","name":"911 Fondation","description":"Repair and Waterproofing","potentialAction":[{"@type":"SearchAction","target":{"@type":"EntryPoint","urlTemplate":"https:\/\/911fondation.com\/?s={search_term_string}"},"query-input":{"@type":"PropertyValueSpecification","valueRequired":true,"valueName":"search_term_string"}}],"inLanguage":"fr-FR"}]}},"_links":{"self":[{"href":"https:\/\/911fondation.com\/fr\/wp-json\/wp\/v2\/pages\/2557","targetHints":{"allow":["GET"]}}],"collection":[{"href":"https:\/\/911fondation.com\/fr\/wp-json\/wp\/v2\/pages"}],"about":[{"href":"https:\/\/911fondation.com\/fr\/wp-json\/wp\/v2\/types\/page"}],"author":[{"embeddable":true,"href":"https:\/\/911fondation.com\/fr\/wp-json\/wp\/v2\/users\/1"}],"replies":[{"embeddable":true,"href":"https:\/\/911fondation.com\/fr\/wp-json\/wp\/v2\/comments?post=2557"}],"version-history":[{"count":6,"href":"https:\/\/911fondation.com\/fr\/wp-json\/wp\/v2\/pages\/2557\/revisions"}],"predecessor-version":[{"id":2775,"href":"https:\/\/911fondation.com\/fr\/wp-json\/wp\/v2\/pages\/2557\/revisions\/2775"}],"wp:attachment":[{"href":"https:\/\/911fondation.com\/fr\/wp-json\/wp\/v2\/media?parent=2557"}],"curies":[{"name":"wp","href":"https:\/\/api.w.org\/{rel}","templated":true}]}}