{"id":2555,"date":"2016-07-25T18:20:17","date_gmt":"2016-07-25T18:20:17","guid":{"rendered":"http:\/\/911fondation.com\/fr\/?page_id=2555"},"modified":"2016-08-05T21:06:32","modified_gmt":"2016-08-05T21:06:32","slug":"garantie","status":"publish","type":"page","link":"https:\/\/911fondation.com\/fr\/a-propos\/garantie\/","title":{"rendered":"Garantie"},"content":{"rendered":"<div class=\"wpb-content-wrapper\"><p>[vc_row row_type=\u00a0\u00bbrow\u00a0\u00bb use_row_as_full_screen_section=\u00a0\u00bbno\u00a0\u00bb type=\u00a0\u00bbgrid\u00a0\u00bb angled_section=\u00a0\u00bbno\u00a0\u00bb text_align=\u00a0\u00bbleft\u00a0\u00bb background_image_as_pattern=\u00a0\u00bbwithout_pattern\u00a0\u00bb css_animation=\u00a0\u00bb\u00a0\u00bb][vc_column][vc_column_text]Notre garantie<\/p>\n<p>911 Fondation, votre expert en r\u00e9paration de fondation et imperm\u00e9abilisation, est fi\u00e8re de faire respecter les normes industrielles les plus \u00e9lev\u00e9es tout en vous offrant une bonne qualit\u00e9 des mat\u00e9riaux de r\u00e9paration de fondation et de toiture r\u00e9sidentielles et commerciales qui sont durables et respectueux de l&rsquo;environnement. Nous garantissons notre travail et vous pouvez compter sur les garanties de nos fournisseurs pour tous les mat\u00e9riaux que nous utilisons. Certains de nos produits et leur installation ont une garantie \u00e0 vie ! 911 Fondation, votre expert en r\u00e9paration de fondation et imperm\u00e9abilisation, est parfaitement assur\u00e9 pour tous nos projets.<br \/>\nChaque fois que vous avez besoin d&rsquo;aide, n\u2019h\u00e9sitez pas \u00e0 nous contacter. Notre \u00e9quipe d&rsquo;intervention d&rsquo;urgence est pr\u00eate 24h\/24 et 7j\/7 pour vous aider dans n\u2019importe quelle situation.<br \/>\n<strong>La garantie qu\u2019offre certains entrepreneurs concernant l\u2019imperm\u00e9abilisation des sous-sols et des toiture &#8211; 5 choses \u00e0 consid\u00e9rer<\/strong><\/p>\n<p>Lorsqu&rsquo;on prend la d\u00e9cision d&#8217;embauche un entrepreneur pour l\u2019imperm\u00e9abilisation du sous-sol, la plupart des propri\u00e9taires consid\u00e8rent la r\u00e9putation, la m\u00e9thode, le prix et la garantie. Une id\u00e9e fausse commune est que toutes les garanties se valent. Bien que toute garantie serve \u00e0 prot\u00e9ger le consommateur, un des types de garantie consiste \u00e0 offrir une assurance que si un produit ou un service ne fonctionne pas. Le produit ou le service est g\u00e9n\u00e9ralement remplac\u00e9 sans frais. L\u2019autre type de garantie agit plus comme une police d&rsquo;assurance. Il est essentiel de fournir un service si quelque chose se passe mal. Si vous contractez un entrepreneur pour l\u2019imperm\u00e9abilisation de votre sous-sol ou pour r\u00e9parer une fissure de fondation ou pour installer un syst\u00e8me de tuyaux de drainage, vous obtenez le premier type de garantie. Donc, si ce contracteur \u00e9choue, vous ne recevez pas votre argent. Par contre, le contracteur va prendre soin du probl\u00e8me :<\/p>\n<ol class=\"spacelist\">\n<li>Une garantie est seulement pertinente que si le contractant la respecte enti\u00e8rement. S\u2019il fait faillite, la garantie ne sert \u00e0 rien.<\/li>\n<li>Les entreprises utilisent souvent une garantie comme un outil de marketing et contre la comp\u00e9tition. Si ce sont des contractants peu connus, ou pire encore, s\u2019ils ont une mauvaise r\u00e9putation, cette tactique de vente est probablement leur seule m\u00e9thode pour rester en affaires. Vous pouvez habiter dans votre maison plus longtemps qu&rsquo;ils ne restent en affaires !<\/li>\n<li>N\u2019ayez pas peur de demander \u00e0 un entrepreneur combien de temps il utilise une certaine m\u00e9thode. Si le contractant a utilis\u00e9 une m\u00e9thode que pendant cinq ans seulement, que penseriez-vous de leur \u00ab garantie \u00e0 vie \u00bb ?<\/li>\n<li>Assurez-vous de lire entre les lignes. Chaque entreprise a une clause qui dit clairement \u00ab Nous ne sommes pas responsables pour les dommages mat\u00e9riels caus\u00e9s par les infiltrations d&rsquo;eau\u00a0\u00bb. Rappelez-vous que ceci n\u2019est pas une garantie. Si vous avez besoin d&rsquo;utiliser votre garantie, la r\u00e9paration ne sera pas assur\u00e9e, alors choisissez une entreprise avec une bonne r\u00e9putation et de nombreuses ann\u00e9es d&rsquo;exp\u00e9rience pour r\u00e9soudre votre probl\u00e8me pour de bon.<\/li>\n<li>Conclusion : Justifier un achat uniquement en se basant sur une garantie est d\u00e9sastreux. Embaucher la meilleure compagnie qui offre la meilleure solution pour assurer une r\u00e9ussite garantie.<\/li>\n<\/ol>\n<p>Juste pour que vous le savez, nous offrons une garantie \u00e0 vie sur certains de nos syst\u00e8mes de drain de tuiles et de r\u00e9paration de fissure. Notre entreprise continue de cro\u00eetre ann\u00e9e apr\u00e8s ann\u00e9e. \u00ab \u00c0 vie\u00a0\u00bb n\u2019a de sens que si vous avez \u00e9t\u00e9 dans ce type de commerce.<\/p>\n<p>Vous avez des questions au sujet de notre garantie? Nous serions heureux d&rsquo;y r\u00e9pondre.[\/vc_column_text][\/vc_column][vc_column][\/vc_column][\/vc_row]<\/p>\n<\/div>","protected":false},"excerpt":{"rendered":"<p>[vc_row row_type=\u00a0\u00bbrow\u00a0\u00bb use_row_as_full_screen_section=\u00a0\u00bbno\u00a0\u00bb type=\u00a0\u00bbgrid\u00a0\u00bb angled_section=\u00a0\u00bbno\u00a0\u00bb text_align=\u00a0\u00bbleft\u00a0\u00bb background_image_as_pattern=\u00a0\u00bbwithout_pattern\u00a0\u00bb css_animation=\u00a0\u00bb\u00a0\u00bb][vc_column][vc_column_text]Notre garantie 911 Fondation, votre expert en r\u00e9paration de fondation et imperm\u00e9abilisation, est&#8230;<\/p>\n","protected":false},"author":1,"featured_media":0,"parent":2559,"menu_order":0,"comment_status":"closed","ping_status":"closed","template":"full_width.php","meta":{"inline_featured_image":false,"footnotes":""},"class_list":["post-2555","page","type-page","status-publish","hentry"],"yoast_head":"<!-- This site is optimized with the Yoast SEO plugin v27.4 - https:\/\/yoast.com\/product\/yoast-seo-wordpress\/ -->\n<title>Garantie - 911 Fondation<\/title>\n<meta name=\"robots\" content=\"index, follow, max-snippet:-1, max-image-preview:large, max-video-preview:-1\" \/>\n<link rel=\"canonical\" href=\"https:\/\/911fondation.com\/fr\/a-propos\/garantie\/\" \/>\n<meta property=\"og:locale\" content=\"fr_FR\" \/>\n<meta property=\"og:type\" content=\"article\" \/>\n<meta property=\"og:title\" content=\"Garantie - 911 Fondation\" \/>\n<meta property=\"og:description\" content=\"[vc_row row_type=\u00a0\u00bbrow\u00a0\u00bb use_row_as_full_screen_section=\u00a0\u00bbno\u00a0\u00bb type=\u00a0\u00bbgrid\u00a0\u00bb angled_section=\u00a0\u00bbno\u00a0\u00bb text_align=\u00a0\u00bbleft\u00a0\u00bb background_image_as_pattern=\u00a0\u00bbwithout_pattern\u00a0\u00bb css_animation=\u00a0\u00bb\u00a0\u00bb][vc_column][vc_column_text]Notre garantie 911 Fondation, votre expert en r\u00e9paration de fondation et imperm\u00e9abilisation, est...\" \/>\n<meta property=\"og:url\" content=\"https:\/\/911fondation.com\/fr\/a-propos\/garantie\/\" \/>\n<meta property=\"og:site_name\" content=\"911 Fondation\" \/>\n<meta property=\"article:modified_time\" content=\"2016-08-05T21:06:32+00:00\" \/>\n<meta property=\"og:image\" content=\"https:\/\/911fondation.com\/wp-content\/uploads\/2016\/06\/911fondation.jpg\" \/>\n\t<meta property=\"og:image:width\" content=\"350\" \/>\n\t<meta property=\"og:image:height\" content=\"250\" \/>\n\t<meta property=\"og:image:type\" content=\"image\/jpeg\" \/>\n<meta name=\"twitter:card\" content=\"summary_large_image\" \/>\n<meta name=\"twitter:label1\" content=\"Dur\u00e9e de lecture estim\u00e9e\" \/>\n\t<meta name=\"twitter:data1\" content=\"3 minutes\" \/>\n<script type=\"application\/ld+json\" class=\"yoast-schema-graph\">{\"@context\":\"https:\\\/\\\/schema.org\",\"@graph\":[{\"@type\":\"WebPage\",\"@id\":\"https:\\\/\\\/911fondation.com\\\/fr\\\/a-propos\\\/garantie\\\/\",\"url\":\"https:\\\/\\\/911fondation.com\\\/fr\\\/a-propos\\\/garantie\\\/\",\"name\":\"Garantie - 911 Fondation\",\"isPartOf\":{\"@id\":\"https:\\\/\\\/911fondation.com\\\/#website\"},\"datePublished\":\"2016-07-25T18:20:17+00:00\",\"dateModified\":\"2016-08-05T21:06:32+00:00\",\"breadcrumb\":{\"@id\":\"https:\\\/\\\/911fondation.com\\\/fr\\\/a-propos\\\/garantie\\\/#breadcrumb\"},\"inLanguage\":\"fr-FR\",\"potentialAction\":[{\"@type\":\"ReadAction\",\"target\":[\"https:\\\/\\\/911fondation.com\\\/fr\\\/a-propos\\\/garantie\\\/\"]}]},{\"@type\":\"BreadcrumbList\",\"@id\":\"https:\\\/\\\/911fondation.com\\\/fr\\\/a-propos\\\/garantie\\\/#breadcrumb\",\"itemListElement\":[{\"@type\":\"ListItem\",\"position\":1,\"name\":\"Home\",\"item\":\"https:\\\/\\\/911fondation.com\\\/fr\\\/\"},{\"@type\":\"ListItem\",\"position\":2,\"name\":\"\u00c0 propos\",\"item\":\"https:\\\/\\\/911fondation.com\\\/fr\\\/a-propos\\\/\"},{\"@type\":\"ListItem\",\"position\":3,\"name\":\"Garantie\"}]},{\"@type\":\"WebSite\",\"@id\":\"https:\\\/\\\/911fondation.com\\\/#website\",\"url\":\"https:\\\/\\\/911fondation.com\\\/\",\"name\":\"911 Fondation\",\"description\":\"Repair and Waterproofing\",\"potentialAction\":[{\"@type\":\"SearchAction\",\"target\":{\"@type\":\"EntryPoint\",\"urlTemplate\":\"https:\\\/\\\/911fondation.com\\\/?s={search_term_string}\"},\"query-input\":{\"@type\":\"PropertyValueSpecification\",\"valueRequired\":true,\"valueName\":\"search_term_string\"}}],\"inLanguage\":\"fr-FR\"}]}<\/script>\n<!-- \/ Yoast SEO plugin. -->","yoast_head_json":{"title":"Garantie - 911 Fondation","robots":{"index":"index","follow":"follow","max-snippet":"max-snippet:-1","max-image-preview":"max-image-preview:large","max-video-preview":"max-video-preview:-1"},"canonical":"https:\/\/911fondation.com\/fr\/a-propos\/garantie\/","og_locale":"fr_FR","og_type":"article","og_title":"Garantie - 911 Fondation","og_description":"[vc_row row_type=\u00a0\u00bbrow\u00a0\u00bb use_row_as_full_screen_section=\u00a0\u00bbno\u00a0\u00bb type=\u00a0\u00bbgrid\u00a0\u00bb angled_section=\u00a0\u00bbno\u00a0\u00bb text_align=\u00a0\u00bbleft\u00a0\u00bb background_image_as_pattern=\u00a0\u00bbwithout_pattern\u00a0\u00bb css_animation=\u00a0\u00bb\u00a0\u00bb][vc_column][vc_column_text]Notre garantie 911 Fondation, votre expert en r\u00e9paration de fondation et imperm\u00e9abilisation, est...","og_url":"https:\/\/911fondation.com\/fr\/a-propos\/garantie\/","og_site_name":"911 Fondation","article_modified_time":"2016-08-05T21:06:32+00:00","og_image":[{"width":350,"height":250,"url":"https:\/\/911fondation.com\/wp-content\/uploads\/2016\/06\/911fondation.jpg","type":"image\/jpeg"}],"twitter_card":"summary_large_image","twitter_misc":{"Dur\u00e9e de lecture estim\u00e9e":"3 minutes"},"schema":{"@context":"https:\/\/schema.org","@graph":[{"@type":"WebPage","@id":"https:\/\/911fondation.com\/fr\/a-propos\/garantie\/","url":"https:\/\/911fondation.com\/fr\/a-propos\/garantie\/","name":"Garantie - 911 Fondation","isPartOf":{"@id":"https:\/\/911fondation.com\/#website"},"datePublished":"2016-07-25T18:20:17+00:00","dateModified":"2016-08-05T21:06:32+00:00","breadcrumb":{"@id":"https:\/\/911fondation.com\/fr\/a-propos\/garantie\/#breadcrumb"},"inLanguage":"fr-FR","potentialAction":[{"@type":"ReadAction","target":["https:\/\/911fondation.com\/fr\/a-propos\/garantie\/"]}]},{"@type":"BreadcrumbList","@id":"https:\/\/911fondation.com\/fr\/a-propos\/garantie\/#breadcrumb","itemListElement":[{"@type":"ListItem","position":1,"name":"Home","item":"https:\/\/911fondation.com\/fr\/"},{"@type":"ListItem","position":2,"name":"\u00c0 propos","item":"https:\/\/911fondation.com\/fr\/a-propos\/"},{"@type":"ListItem","position":3,"name":"Garantie"}]},{"@type":"WebSite","@id":"https:\/\/911fondation.com\/#website","url":"https:\/\/911fondation.com\/","name":"911 Fondation","description":"Repair and Waterproofing","potentialAction":[{"@type":"SearchAction","target":{"@type":"EntryPoint","urlTemplate":"https:\/\/911fondation.com\/?s={search_term_string}"},"query-input":{"@type":"PropertyValueSpecification","valueRequired":true,"valueName":"search_term_string"}}],"inLanguage":"fr-FR"}]}},"_links":{"self":[{"href":"https:\/\/911fondation.com\/fr\/wp-json\/wp\/v2\/pages\/2555","targetHints":{"allow":["GET"]}}],"collection":[{"href":"https:\/\/911fondation.com\/fr\/wp-json\/wp\/v2\/pages"}],"about":[{"href":"https:\/\/911fondation.com\/fr\/wp-json\/wp\/v2\/types\/page"}],"author":[{"embeddable":true,"href":"https:\/\/911fondation.com\/fr\/wp-json\/wp\/v2\/users\/1"}],"replies":[{"embeddable":true,"href":"https:\/\/911fondation.com\/fr\/wp-json\/wp\/v2\/comments?post=2555"}],"version-history":[{"count":2,"href":"https:\/\/911fondation.com\/fr\/wp-json\/wp\/v2\/pages\/2555\/revisions"}],"predecessor-version":[{"id":2652,"href":"https:\/\/911fondation.com\/fr\/wp-json\/wp\/v2\/pages\/2555\/revisions\/2652"}],"up":[{"embeddable":true,"href":"https:\/\/911fondation.com\/fr\/wp-json\/wp\/v2\/pages\/2559"}],"wp:attachment":[{"href":"https:\/\/911fondation.com\/fr\/wp-json\/wp\/v2\/media?parent=2555"}],"curies":[{"name":"wp","href":"https:\/\/api.w.org\/{rel}","templated":true}]}}