{"id":2553,"date":"2016-07-25T18:15:51","date_gmt":"2016-07-25T18:15:51","guid":{"rendered":"http:\/\/911fondation.com\/fr\/?page_id=2553"},"modified":"2016-07-25T18:15:51","modified_gmt":"2016-07-25T18:15:51","slug":"residentiels-commerciaux","status":"publish","type":"page","link":"https:\/\/911fondation.com\/fr\/residentiels-commerciaux\/","title":{"rendered":"Services r\u00e9sidentiels et commerciaux"},"content":{"rendered":"<div class=\"wpb-content-wrapper\"><p>[vc_row row_type=\u00a0\u00bbrow\u00a0\u00bb use_row_as_full_screen_section=\u00a0\u00bbno\u00a0\u00bb type=\u00a0\u00bbgrid\u00a0\u00bb angled_section=\u00a0\u00bbno\u00a0\u00bb text_align=\u00a0\u00bbleft\u00a0\u00bb background_image_as_pattern=\u00a0\u00bbwithout_pattern\u00a0\u00bb css_animation=\u00a0\u00bb\u00a0\u00bb][vc_column][vc_column_text]Professionnel. Fiable. \u00c9prouv\u00e9 ! Ce n\u2019est pas simplement notre devise ; c\u2019est la fa\u00e7on dont nous travaillons !<\/p>\n<p>Depuis plus de 15 ans, 911 Fondation, votre expert en r\u00e9paration de fondation et imperm\u00e9abilisation, a \u00e9t\u00e9 la soci\u00e9t\u00e9 de confiance pour la r\u00e9paration de fondation, l\u2019imperm\u00e9abilisation et les toitures, les services d&rsquo;entretien, la r\u00e9novation et la construction de b\u00e2timents, y compris :<\/p>\n<ul>\n<li>Toiture en bardeaux traditionnels et m\u00e9talliques sur les toits des terrasses<\/li>\n<li>Traditionnelle b\u00e2tie, invers\u00e9, \u00ab\u00a0vert\u00a0\u00bb, \u00ab\u00a0v\u00e9g\u00e9tatif\u00a0\u00bb, bitume modifi\u00e9, toiture plate, EPDM, PVC, TPO, toiture plate ou monocouche.<\/li>\n<\/ul>\n<p>Pour les b\u00e2timents commerciaux, industriels, institutionnels ou r\u00e9sidentiels, nous avons \u00e9tabli et maintenu une solide r\u00e9putation bas\u00e9e sur notre engagement ind\u00e9fectible \u00e0 nos partenaires, nos services mat\u00e9riaux de qualit\u00e9, notre \u00e9quipe hautement qualifi\u00e9e, et \u00e0 la formation et la s\u00e9curit\u00e9 des clients.[\/vc_column_text][\/vc_column][\/vc_row]<\/p>\n<\/div>","protected":false},"excerpt":{"rendered":"<p>[vc_row row_type=\u00a0\u00bbrow\u00a0\u00bb use_row_as_full_screen_section=\u00a0\u00bbno\u00a0\u00bb type=\u00a0\u00bbgrid\u00a0\u00bb angled_section=\u00a0\u00bbno\u00a0\u00bb text_align=\u00a0\u00bbleft\u00a0\u00bb background_image_as_pattern=\u00a0\u00bbwithout_pattern\u00a0\u00bb css_animation=\u00a0\u00bb\u00a0\u00bb][vc_column][vc_column_text]Professionnel. Fiable. \u00c9prouv\u00e9 ! Ce n\u2019est pas simplement notre devise ; c\u2019est la&#8230;<\/p>\n","protected":false},"author":1,"featured_media":0,"parent":0,"menu_order":0,"comment_status":"closed","ping_status":"closed","template":"full_width.php","meta":{"inline_featured_image":false,"footnotes":""},"class_list":["post-2553","page","type-page","status-publish","hentry"],"yoast_head":"<!-- This site is optimized with the Yoast SEO plugin v27.4 - https:\/\/yoast.com\/product\/yoast-seo-wordpress\/ -->\n<title>Services r\u00e9sidentiels et commerciaux - 911 Fondation<\/title>\n<meta name=\"robots\" content=\"index, follow, max-snippet:-1, max-image-preview:large, max-video-preview:-1\" \/>\n<link rel=\"canonical\" href=\"https:\/\/911fondation.com\/fr\/residentiels-commerciaux\/\" \/>\n<meta property=\"og:locale\" content=\"fr_FR\" \/>\n<meta property=\"og:type\" content=\"article\" \/>\n<meta property=\"og:title\" content=\"Services r\u00e9sidentiels et commerciaux - 911 Fondation\" \/>\n<meta property=\"og:description\" content=\"[vc_row row_type=\u00a0\u00bbrow\u00a0\u00bb use_row_as_full_screen_section=\u00a0\u00bbno\u00a0\u00bb type=\u00a0\u00bbgrid\u00a0\u00bb angled_section=\u00a0\u00bbno\u00a0\u00bb text_align=\u00a0\u00bbleft\u00a0\u00bb background_image_as_pattern=\u00a0\u00bbwithout_pattern\u00a0\u00bb css_animation=\u00a0\u00bb\u00a0\u00bb][vc_column][vc_column_text]Professionnel. Fiable. \u00c9prouv\u00e9 ! Ce n\u2019est pas simplement notre devise ; c\u2019est la...\" \/>\n<meta property=\"og:url\" content=\"https:\/\/911fondation.com\/fr\/residentiels-commerciaux\/\" \/>\n<meta property=\"og:site_name\" content=\"911 Fondation\" \/>\n<meta property=\"og:image\" content=\"https:\/\/911fondation.com\/wp-content\/uploads\/2016\/06\/911fondation.jpg\" \/>\n\t<meta property=\"og:image:width\" content=\"350\" \/>\n\t<meta property=\"og:image:height\" content=\"250\" \/>\n\t<meta property=\"og:image:type\" content=\"image\/jpeg\" \/>\n<meta name=\"twitter:card\" content=\"summary_large_image\" \/>\n<meta name=\"twitter:label1\" content=\"Dur\u00e9e de lecture estim\u00e9e\" \/>\n\t<meta name=\"twitter:data1\" content=\"1 minute\" \/>\n<script type=\"application\/ld+json\" class=\"yoast-schema-graph\">{\"@context\":\"https:\\\/\\\/schema.org\",\"@graph\":[{\"@type\":\"WebPage\",\"@id\":\"https:\\\/\\\/911fondation.com\\\/fr\\\/residentiels-commerciaux\\\/\",\"url\":\"https:\\\/\\\/911fondation.com\\\/fr\\\/residentiels-commerciaux\\\/\",\"name\":\"Services r\u00e9sidentiels et commerciaux - 911 Fondation\",\"isPartOf\":{\"@id\":\"https:\\\/\\\/911fondation.com\\\/#website\"},\"datePublished\":\"2016-07-25T18:15:51+00:00\",\"breadcrumb\":{\"@id\":\"https:\\\/\\\/911fondation.com\\\/fr\\\/residentiels-commerciaux\\\/#breadcrumb\"},\"inLanguage\":\"fr-FR\",\"potentialAction\":[{\"@type\":\"ReadAction\",\"target\":[\"https:\\\/\\\/911fondation.com\\\/fr\\\/residentiels-commerciaux\\\/\"]}]},{\"@type\":\"BreadcrumbList\",\"@id\":\"https:\\\/\\\/911fondation.com\\\/fr\\\/residentiels-commerciaux\\\/#breadcrumb\",\"itemListElement\":[{\"@type\":\"ListItem\",\"position\":1,\"name\":\"Home\",\"item\":\"https:\\\/\\\/911fondation.com\\\/fr\\\/\"},{\"@type\":\"ListItem\",\"position\":2,\"name\":\"Services r\u00e9sidentiels et commerciaux\"}]},{\"@type\":\"WebSite\",\"@id\":\"https:\\\/\\\/911fondation.com\\\/#website\",\"url\":\"https:\\\/\\\/911fondation.com\\\/\",\"name\":\"911 Fondation\",\"description\":\"Repair and Waterproofing\",\"potentialAction\":[{\"@type\":\"SearchAction\",\"target\":{\"@type\":\"EntryPoint\",\"urlTemplate\":\"https:\\\/\\\/911fondation.com\\\/?s={search_term_string}\"},\"query-input\":{\"@type\":\"PropertyValueSpecification\",\"valueRequired\":true,\"valueName\":\"search_term_string\"}}],\"inLanguage\":\"fr-FR\"}]}<\/script>\n<!-- \/ Yoast SEO plugin. -->","yoast_head_json":{"title":"Services r\u00e9sidentiels et commerciaux - 911 Fondation","robots":{"index":"index","follow":"follow","max-snippet":"max-snippet:-1","max-image-preview":"max-image-preview:large","max-video-preview":"max-video-preview:-1"},"canonical":"https:\/\/911fondation.com\/fr\/residentiels-commerciaux\/","og_locale":"fr_FR","og_type":"article","og_title":"Services r\u00e9sidentiels et commerciaux - 911 Fondation","og_description":"[vc_row row_type=\u00a0\u00bbrow\u00a0\u00bb use_row_as_full_screen_section=\u00a0\u00bbno\u00a0\u00bb type=\u00a0\u00bbgrid\u00a0\u00bb angled_section=\u00a0\u00bbno\u00a0\u00bb text_align=\u00a0\u00bbleft\u00a0\u00bb background_image_as_pattern=\u00a0\u00bbwithout_pattern\u00a0\u00bb css_animation=\u00a0\u00bb\u00a0\u00bb][vc_column][vc_column_text]Professionnel. Fiable. \u00c9prouv\u00e9 ! Ce n\u2019est pas simplement notre devise ; c\u2019est la...","og_url":"https:\/\/911fondation.com\/fr\/residentiels-commerciaux\/","og_site_name":"911 Fondation","og_image":[{"width":350,"height":250,"url":"https:\/\/911fondation.com\/wp-content\/uploads\/2016\/06\/911fondation.jpg","type":"image\/jpeg"}],"twitter_card":"summary_large_image","twitter_misc":{"Dur\u00e9e de lecture estim\u00e9e":"1 minute"},"schema":{"@context":"https:\/\/schema.org","@graph":[{"@type":"WebPage","@id":"https:\/\/911fondation.com\/fr\/residentiels-commerciaux\/","url":"https:\/\/911fondation.com\/fr\/residentiels-commerciaux\/","name":"Services r\u00e9sidentiels et commerciaux - 911 Fondation","isPartOf":{"@id":"https:\/\/911fondation.com\/#website"},"datePublished":"2016-07-25T18:15:51+00:00","breadcrumb":{"@id":"https:\/\/911fondation.com\/fr\/residentiels-commerciaux\/#breadcrumb"},"inLanguage":"fr-FR","potentialAction":[{"@type":"ReadAction","target":["https:\/\/911fondation.com\/fr\/residentiels-commerciaux\/"]}]},{"@type":"BreadcrumbList","@id":"https:\/\/911fondation.com\/fr\/residentiels-commerciaux\/#breadcrumb","itemListElement":[{"@type":"ListItem","position":1,"name":"Home","item":"https:\/\/911fondation.com\/fr\/"},{"@type":"ListItem","position":2,"name":"Services r\u00e9sidentiels et commerciaux"}]},{"@type":"WebSite","@id":"https:\/\/911fondation.com\/#website","url":"https:\/\/911fondation.com\/","name":"911 Fondation","description":"Repair and Waterproofing","potentialAction":[{"@type":"SearchAction","target":{"@type":"EntryPoint","urlTemplate":"https:\/\/911fondation.com\/?s={search_term_string}"},"query-input":{"@type":"PropertyValueSpecification","valueRequired":true,"valueName":"search_term_string"}}],"inLanguage":"fr-FR"}]}},"_links":{"self":[{"href":"https:\/\/911fondation.com\/fr\/wp-json\/wp\/v2\/pages\/2553","targetHints":{"allow":["GET"]}}],"collection":[{"href":"https:\/\/911fondation.com\/fr\/wp-json\/wp\/v2\/pages"}],"about":[{"href":"https:\/\/911fondation.com\/fr\/wp-json\/wp\/v2\/types\/page"}],"author":[{"embeddable":true,"href":"https:\/\/911fondation.com\/fr\/wp-json\/wp\/v2\/users\/1"}],"replies":[{"embeddable":true,"href":"https:\/\/911fondation.com\/fr\/wp-json\/wp\/v2\/comments?post=2553"}],"version-history":[{"count":1,"href":"https:\/\/911fondation.com\/fr\/wp-json\/wp\/v2\/pages\/2553\/revisions"}],"predecessor-version":[{"id":2554,"href":"https:\/\/911fondation.com\/fr\/wp-json\/wp\/v2\/pages\/2553\/revisions\/2554"}],"wp:attachment":[{"href":"https:\/\/911fondation.com\/fr\/wp-json\/wp\/v2\/media?parent=2553"}],"curies":[{"name":"wp","href":"https:\/\/api.w.org\/{rel}","templated":true}]}}