{"id":2551,"date":"2016-07-25T17:48:59","date_gmt":"2016-07-25T17:48:59","guid":{"rendered":"http:\/\/911fondation.com\/fr\/?page_id=2551"},"modified":"2017-02-26T13:51:21","modified_gmt":"2017-02-26T13:51:21","slug":"toiture","status":"publish","type":"page","link":"https:\/\/911fondation.com\/fr\/toiture\/","title":{"rendered":"Toiture plate"},"content":{"rendered":"<div class=\"wpb-content-wrapper\"><p>[vc_row row_type=\u00a0\u00bbrow\u00a0\u00bb use_row_as_full_screen_section=\u00a0\u00bbno\u00a0\u00bb type=\u00a0\u00bbgrid\u00a0\u00bb angled_section=\u00a0\u00bbno\u00a0\u00bb text_align=\u00a0\u00bbleft\u00a0\u00bb background_image_as_pattern=\u00a0\u00bbwithout_pattern\u00a0\u00bb css_animation=\u00a0\u00bb\u00a0\u00bb][vc_column][vc_column_text]Notre succ\u00e8s et notre r\u00e9putation d\u00e9pend de la r\u00e9troaction positive et la satisfaction de nos clients. Si vous ayez besoin de nos couvreurs pour installer un nouveau toit ou r\u00e9parer une toiture, il n&rsquo;y a pas de travail trop petit ou trop grand pour nous. De plus, nous offrons 10 ans de garantie sur toutes nos installations en plus des garanties des fabricants des syst\u00e8mes et \u00e9quipements de couverture que nous utilisons. Nos couvreurs sont des experts dans tout type de toiture plate sur les propri\u00e9t\u00e9s r\u00e9sidentielles et commerciales, y compris : en fibre de verre, en caoutchouc, feutre, ou monocouche.<\/p>\n<p>Nous sommes fiers de la qualit\u00e9 de notre produit fini et nous voulons nous assurer que tous nos clients soient enti\u00e8rement satisfaits tout au long du processus d&rsquo;installation, du devis \u00e0 la cl\u00f4ture du projet. Que ce soit pour un toit plat, le remplacement total d\u2019une fuite ou tout simplement des conseils sur quel syst\u00e8me de toit utiliser, nous sommes l\u00e0 pour vous aider. Nous offrons des conseils impartiaux et gratuits. Notre politique de prix est extr\u00eamement comp\u00e9titive et nous allons vous fournir un devis sans engagement. Toutes les estimations de nos couvreurs plats sont des prix fixes. Il n&rsquo;y aura pas de frais cach\u00e9s, donc les co\u00fbts ne changeront pas.<\/p>\n<p>Il existe de nombreuses entreprises de toiture et avec autant de choix, il est important d&rsquo;avoir confiance envers les personnes qui effectuent le travail. Voil\u00e0 pourquoi nous nous f\u00e9licitons grandement des questions et des commentaires de ceux qui envisagent d\u2019utiliser nos services de toiture[\/vc_column_text][\/vc_column][\/vc_row]<\/p>\n<\/div>","protected":false},"excerpt":{"rendered":"<p>[vc_row row_type=\u00a0\u00bbrow\u00a0\u00bb use_row_as_full_screen_section=\u00a0\u00bbno\u00a0\u00bb type=\u00a0\u00bbgrid\u00a0\u00bb angled_section=\u00a0\u00bbno\u00a0\u00bb text_align=\u00a0\u00bbleft\u00a0\u00bb background_image_as_pattern=\u00a0\u00bbwithout_pattern\u00a0\u00bb css_animation=\u00a0\u00bb\u00a0\u00bb][vc_column][vc_column_text]Notre succ\u00e8s et notre r\u00e9putation d\u00e9pend de la r\u00e9troaction positive et la satisfaction&#8230;<\/p>\n","protected":false},"author":1,"featured_media":0,"parent":0,"menu_order":0,"comment_status":"closed","ping_status":"closed","template":"full_width.php","meta":{"inline_featured_image":false,"footnotes":""},"class_list":["post-2551","page","type-page","status-publish","hentry"],"yoast_head":"<!-- This site is optimized with the Yoast SEO plugin v26.3 - https:\/\/yoast.com\/wordpress\/plugins\/seo\/ -->\n<title>Toiture plate - 911 Fondation<\/title>\n<meta name=\"robots\" content=\"index, follow, max-snippet:-1, max-image-preview:large, max-video-preview:-1\" \/>\n<link rel=\"canonical\" href=\"https:\/\/911fondation.com\/fr\/toiture\/\" \/>\n<meta property=\"og:locale\" content=\"fr_FR\" \/>\n<meta property=\"og:type\" content=\"article\" \/>\n<meta property=\"og:title\" content=\"Toiture plate - 911 Fondation\" \/>\n<meta property=\"og:description\" content=\"[vc_row row_type=\u00a0\u00bbrow\u00a0\u00bb use_row_as_full_screen_section=\u00a0\u00bbno\u00a0\u00bb type=\u00a0\u00bbgrid\u00a0\u00bb angled_section=\u00a0\u00bbno\u00a0\u00bb text_align=\u00a0\u00bbleft\u00a0\u00bb background_image_as_pattern=\u00a0\u00bbwithout_pattern\u00a0\u00bb css_animation=\u00a0\u00bb\u00a0\u00bb][vc_column][vc_column_text]Notre succ\u00e8s et notre r\u00e9putation d\u00e9pend de la r\u00e9troaction positive et la satisfaction...\" \/>\n<meta property=\"og:url\" content=\"https:\/\/911fondation.com\/fr\/toiture\/\" \/>\n<meta property=\"og:site_name\" content=\"911 Fondation\" \/>\n<meta property=\"article:modified_time\" content=\"2017-02-26T13:51:21+00:00\" \/>\n<meta property=\"og:image\" content=\"https:\/\/911fondation.com\/wp-content\/uploads\/2016\/06\/911fondation.jpg\" \/>\n\t<meta property=\"og:image:width\" content=\"350\" \/>\n\t<meta property=\"og:image:height\" content=\"250\" \/>\n\t<meta property=\"og:image:type\" content=\"image\/jpeg\" \/>\n<meta name=\"twitter:card\" content=\"summary_large_image\" \/>\n<meta name=\"twitter:label1\" content=\"Dur\u00e9e de lecture estim\u00e9e\" \/>\n\t<meta name=\"twitter:data1\" content=\"2 minutes\" \/>\n<script type=\"application\/ld+json\" class=\"yoast-schema-graph\">{\"@context\":\"https:\/\/schema.org\",\"@graph\":[{\"@type\":\"WebPage\",\"@id\":\"https:\/\/911fondation.com\/fr\/toiture\/\",\"url\":\"https:\/\/911fondation.com\/fr\/toiture\/\",\"name\":\"Toiture plate - 911 Fondation\",\"isPartOf\":{\"@id\":\"https:\/\/911fondation.com\/#website\"},\"datePublished\":\"2016-07-25T17:48:59+00:00\",\"dateModified\":\"2017-02-26T13:51:21+00:00\",\"breadcrumb\":{\"@id\":\"https:\/\/911fondation.com\/fr\/toiture\/#breadcrumb\"},\"inLanguage\":\"fr-FR\",\"potentialAction\":[{\"@type\":\"ReadAction\",\"target\":[\"https:\/\/911fondation.com\/fr\/toiture\/\"]}]},{\"@type\":\"BreadcrumbList\",\"@id\":\"https:\/\/911fondation.com\/fr\/toiture\/#breadcrumb\",\"itemListElement\":[{\"@type\":\"ListItem\",\"position\":1,\"name\":\"Home\",\"item\":\"https:\/\/911fondation.com\/fr\/\"},{\"@type\":\"ListItem\",\"position\":2,\"name\":\"Toiture plate\"}]},{\"@type\":\"WebSite\",\"@id\":\"https:\/\/911fondation.com\/#website\",\"url\":\"https:\/\/911fondation.com\/\",\"name\":\"911 Fondation\",\"description\":\"Repair and Waterproofing\",\"potentialAction\":[{\"@type\":\"SearchAction\",\"target\":{\"@type\":\"EntryPoint\",\"urlTemplate\":\"https:\/\/911fondation.com\/?s={search_term_string}\"},\"query-input\":{\"@type\":\"PropertyValueSpecification\",\"valueRequired\":true,\"valueName\":\"search_term_string\"}}],\"inLanguage\":\"fr-FR\"}]}<\/script>\n<!-- \/ Yoast SEO plugin. -->","yoast_head_json":{"title":"Toiture plate - 911 Fondation","robots":{"index":"index","follow":"follow","max-snippet":"max-snippet:-1","max-image-preview":"max-image-preview:large","max-video-preview":"max-video-preview:-1"},"canonical":"https:\/\/911fondation.com\/fr\/toiture\/","og_locale":"fr_FR","og_type":"article","og_title":"Toiture plate - 911 Fondation","og_description":"[vc_row row_type=\u00a0\u00bbrow\u00a0\u00bb use_row_as_full_screen_section=\u00a0\u00bbno\u00a0\u00bb type=\u00a0\u00bbgrid\u00a0\u00bb angled_section=\u00a0\u00bbno\u00a0\u00bb text_align=\u00a0\u00bbleft\u00a0\u00bb background_image_as_pattern=\u00a0\u00bbwithout_pattern\u00a0\u00bb css_animation=\u00a0\u00bb\u00a0\u00bb][vc_column][vc_column_text]Notre succ\u00e8s et notre r\u00e9putation d\u00e9pend de la r\u00e9troaction positive et la satisfaction...","og_url":"https:\/\/911fondation.com\/fr\/toiture\/","og_site_name":"911 Fondation","article_modified_time":"2017-02-26T13:51:21+00:00","og_image":[{"width":350,"height":250,"url":"https:\/\/911fondation.com\/wp-content\/uploads\/2016\/06\/911fondation.jpg","type":"image\/jpeg"}],"twitter_card":"summary_large_image","twitter_misc":{"Dur\u00e9e de lecture estim\u00e9e":"2 minutes"},"schema":{"@context":"https:\/\/schema.org","@graph":[{"@type":"WebPage","@id":"https:\/\/911fondation.com\/fr\/toiture\/","url":"https:\/\/911fondation.com\/fr\/toiture\/","name":"Toiture plate - 911 Fondation","isPartOf":{"@id":"https:\/\/911fondation.com\/#website"},"datePublished":"2016-07-25T17:48:59+00:00","dateModified":"2017-02-26T13:51:21+00:00","breadcrumb":{"@id":"https:\/\/911fondation.com\/fr\/toiture\/#breadcrumb"},"inLanguage":"fr-FR","potentialAction":[{"@type":"ReadAction","target":["https:\/\/911fondation.com\/fr\/toiture\/"]}]},{"@type":"BreadcrumbList","@id":"https:\/\/911fondation.com\/fr\/toiture\/#breadcrumb","itemListElement":[{"@type":"ListItem","position":1,"name":"Home","item":"https:\/\/911fondation.com\/fr\/"},{"@type":"ListItem","position":2,"name":"Toiture plate"}]},{"@type":"WebSite","@id":"https:\/\/911fondation.com\/#website","url":"https:\/\/911fondation.com\/","name":"911 Fondation","description":"Repair and Waterproofing","potentialAction":[{"@type":"SearchAction","target":{"@type":"EntryPoint","urlTemplate":"https:\/\/911fondation.com\/?s={search_term_string}"},"query-input":{"@type":"PropertyValueSpecification","valueRequired":true,"valueName":"search_term_string"}}],"inLanguage":"fr-FR"}]}},"_links":{"self":[{"href":"https:\/\/911fondation.com\/fr\/wp-json\/wp\/v2\/pages\/2551","targetHints":{"allow":["GET"]}}],"collection":[{"href":"https:\/\/911fondation.com\/fr\/wp-json\/wp\/v2\/pages"}],"about":[{"href":"https:\/\/911fondation.com\/fr\/wp-json\/wp\/v2\/types\/page"}],"author":[{"embeddable":true,"href":"https:\/\/911fondation.com\/fr\/wp-json\/wp\/v2\/users\/1"}],"replies":[{"embeddable":true,"href":"https:\/\/911fondation.com\/fr\/wp-json\/wp\/v2\/comments?post=2551"}],"version-history":[{"count":2,"href":"https:\/\/911fondation.com\/fr\/wp-json\/wp\/v2\/pages\/2551\/revisions"}],"predecessor-version":[{"id":2666,"href":"https:\/\/911fondation.com\/fr\/wp-json\/wp\/v2\/pages\/2551\/revisions\/2666"}],"wp:attachment":[{"href":"https:\/\/911fondation.com\/fr\/wp-json\/wp\/v2\/media?parent=2551"}],"curies":[{"name":"wp","href":"https:\/\/api.w.org\/{rel}","templated":true}]}}