{"id":2547,"date":"2016-07-25T17:37:29","date_gmt":"2016-07-25T17:37:29","guid":{"rendered":"http:\/\/911fondation.com\/fr\/?page_id=2547"},"modified":"2016-07-25T17:44:34","modified_gmt":"2016-07-25T17:44:34","slug":"humidite-liee-la-moisissure","status":"publish","type":"page","link":"https:\/\/911fondation.com\/fr\/fondation\/humidite-liee-la-moisissure\/","title":{"rendered":"Humidit\u00e9 li\u00e9e \u00e0 la moisissure"},"content":{"rendered":"<div class=\"wpb-content-wrapper\"><p>[vc_row row_type=\u00a0\u00bbrow\u00a0\u00bb use_row_as_full_screen_section=\u00a0\u00bbno\u00a0\u00bb type=\u00a0\u00bbgrid\u00a0\u00bb angled_section=\u00a0\u00bbno\u00a0\u00bb text_align=\u00a0\u00bbleft\u00a0\u00bb background_image_as_pattern=\u00a0\u00bbwithout_pattern\u00a0\u00bb css_animation=\u00a0\u00bb\u00a0\u00bb][vc_column][vc_column_text]<\/p>\n<p style=\"text-align: justify;\">Solutions de traitement de l\u2019humidit\u00e9 li\u00e9e \u00e0 la moisissure<\/p>\n<p style=\"text-align: justify;\"><strong>Les bonnes r\u00e9ponses<\/strong><\/p>\n<p style=\"text-align: justify;\">L\u2019humidit\u00e9 de votre sous-sol li\u00e9e \u00e0 la moisissure est la source de nombreux probl\u00e8mes :<\/p>\n<ul>\n<li style=\"text-align: justify;\">Les dommages \u00e0 votre maison et vos biens personnels &#8211; La moisissure pourrit le bois et d\u00e9truit les meubles et les v\u00eatements.<\/li>\n<li style=\"text-align: justify;\">L\u2019odeur de moisi rend votre maison malodorante.<\/li>\n<li style=\"text-align: justify;\">R\u00e9duit la valeur de la propri\u00e9t\u00e9 &#8211; Personne ne veut acheter une maison avec un probl\u00e8me d&rsquo;humidit\u00e9 et de moisissure.<\/li>\n<\/ul>\n<p><strong>Vous avez besoin de 911 Fondation, votre expert en r\u00e9paration de fondation et imperm\u00e9abilisation, pour avoir une maison s\u00e8che et exempte de moisissure.<\/strong><\/p>\n<p style=\"text-align: justify;\">Si vous avez un probl\u00e8me d&rsquo;humidit\u00e9 et de moisissure dans votre maison, 911 Fondation, votre expert en r\u00e9paration de fondation et imperm\u00e9abilisation, a les solutions qui \u00e9liminent les causes et corriger les sympt\u00f4mes, notamment pour :<\/p>\n<ul>\n<li style=\"text-align: justify;\">Emp\u00eacher l&rsquo;eau de rentrer dans votre sous-sol &#8211; 911 Fondation, votre expert en r\u00e9paration de fondation et imperm\u00e9abilisation, est votre source exclusive pour les produits efficaces d\u2019imperm\u00e9abilisation du sous-sol qui drainent l&rsquo;eau loin de votre maison avant qu&rsquo;il ne p\u00e9n\u00e8tre dans votre sous-sol.<\/li>\n<li style=\"text-align: justify;\">D\u00e9barrassez-vous de l&rsquo;eau dans votre sous-sol &#8211; Gardez votre sous-sol sec, et m\u00eame pour des probl\u00e8mes d\u2019infiltration d&rsquo;eau, comme les fuites de plomberie, 911 Fondation, votre expert en r\u00e9paration de fondation et imperm\u00e9abilisation, offre une gamme exclusive de pompes d&rsquo;ass\u00e8chement et des syst\u00e8mes de drainage du plancher du sous-sol.<\/li>\n<li style=\"text-align: justify;\">Enlevez l&rsquo;humidit\u00e9 &#8211; Avoir de l\u2019air propre, sec, et filtr\u00e9 dans toute votre maison et emp\u00eacher la moisissure de se propager avec la ligne compl\u00e8te de d\u00e9shumidificateurs, d\u2019excellent et les filtres \u00e0 air de 911 de la Fondation.<\/li>\n<\/ul>\n<p><strong>Pourquoi choisir 911 Fondation, votre expert en r\u00e9paration de fondation et imperm\u00e9abilisation, ?<\/strong><\/p>\n<ul>\n<li style=\"text-align: justify;\">911 Fondation, votre expert en r\u00e9paration de fondation et imperm\u00e9abilisation, a l&rsquo;exp\u00e9rience, l&rsquo;expertise et des produits de qualit\u00e9 pour \u00e9liminer l&rsquo;humidit\u00e9 et la moisissure dans votre maison.<\/li>\n<li style=\"text-align: justify;\">Nos sp\u00e9cialistes courtois et professionnels vont travailler avec vous afin de d\u00e9terminer les meilleures solutions pour am\u00e9liorer votre maison.<\/li>\n<li style=\"text-align: justify;\">Nous vous d\u00e9barrasserons de votre moisissure avec une interruption minimale dans votre vie et dans maison et avec le plus grand respect pour vos biens et effets personnels<\/li>\n<li style=\"text-align: justify;\">Nous offrons notre garantie sur tout le travail que nous faisons et tout l\u2019\u00e9quipement que nous installons.<\/li>\n<\/ul>\n<p style=\"text-align: justify;\">Contactez 911 Fondation, votre expert en r\u00e9paration de fondation et imperm\u00e9abilisation, aujourd&rsquo;hui et profiter d&rsquo;une maison plus saine, plus propre, et plus confortable.<\/p>\n<p>[\/vc_column_text][\/vc_column][\/vc_row][vc_row row_type=\u00a0\u00bbrow\u00a0\u00bb use_row_as_full_screen_section=\u00a0\u00bbno\u00a0\u00bb type=\u00a0\u00bbfull_width\u00a0\u00bb angled_section=\u00a0\u00bbno\u00a0\u00bb text_align=\u00a0\u00bbleft\u00a0\u00bb background_image_as_pattern=\u00a0\u00bbwithout_pattern\u00a0\u00bb css_animation=\u00a0\u00bb\u00a0\u00bb][vc_column][vc_single_image image=\u00a0\u00bb2511&Prime; img_size=\u00a0\u00bbfull\u00a0\u00bb alignment=\u00a0\u00bbcenter\u00a0\u00bb qode_css_animation=\u00a0\u00bb\u00a0\u00bb][\/vc_column][\/vc_row]<\/p>\n<\/div>","protected":false},"excerpt":{"rendered":"<p>[vc_row row_type=\u00a0\u00bbrow\u00a0\u00bb use_row_as_full_screen_section=\u00a0\u00bbno\u00a0\u00bb type=\u00a0\u00bbgrid\u00a0\u00bb angled_section=\u00a0\u00bbno\u00a0\u00bb text_align=\u00a0\u00bbleft\u00a0\u00bb background_image_as_pattern=\u00a0\u00bbwithout_pattern\u00a0\u00bb css_animation=\u00a0\u00bb\u00a0\u00bb][vc_column][vc_column_text] Solutions de traitement de l\u2019humidit\u00e9 li\u00e9e \u00e0 la moisissure Les bonnes r\u00e9ponses&#8230;<\/p>\n","protected":false},"author":1,"featured_media":0,"parent":2562,"menu_order":0,"comment_status":"closed","ping_status":"closed","template":"full_width.php","meta":{"inline_featured_image":false,"footnotes":""},"class_list":["post-2547","page","type-page","status-publish","hentry"],"yoast_head":"<!-- This site is optimized with the Yoast SEO plugin v26.3 - https:\/\/yoast.com\/wordpress\/plugins\/seo\/ -->\n<title>Humidit\u00e9 li\u00e9e \u00e0 la moisissure - 911 Fondation<\/title>\n<meta name=\"robots\" content=\"index, follow, max-snippet:-1, max-image-preview:large, max-video-preview:-1\" \/>\n<link rel=\"canonical\" href=\"https:\/\/911fondation.com\/fr\/fondation\/humidite-liee-la-moisissure\/\" \/>\n<meta property=\"og:locale\" content=\"fr_FR\" \/>\n<meta property=\"og:type\" content=\"article\" \/>\n<meta property=\"og:title\" content=\"Humidit\u00e9 li\u00e9e \u00e0 la moisissure - 911 Fondation\" \/>\n<meta property=\"og:description\" content=\"[vc_row row_type=\u00a0\u00bbrow\u00a0\u00bb use_row_as_full_screen_section=\u00a0\u00bbno\u00a0\u00bb type=\u00a0\u00bbgrid\u00a0\u00bb angled_section=\u00a0\u00bbno\u00a0\u00bb text_align=\u00a0\u00bbleft\u00a0\u00bb background_image_as_pattern=\u00a0\u00bbwithout_pattern\u00a0\u00bb css_animation=\u00a0\u00bb\u00a0\u00bb][vc_column][vc_column_text] Solutions de traitement de l\u2019humidit\u00e9 li\u00e9e \u00e0 la moisissure Les bonnes r\u00e9ponses...\" \/>\n<meta property=\"og:url\" content=\"https:\/\/911fondation.com\/fr\/fondation\/humidite-liee-la-moisissure\/\" \/>\n<meta property=\"og:site_name\" content=\"911 Fondation\" \/>\n<meta property=\"article:modified_time\" content=\"2016-07-25T17:44:34+00:00\" \/>\n<meta property=\"og:image\" content=\"https:\/\/911fondation.com\/wp-content\/uploads\/2016\/06\/911fondation.jpg\" \/>\n\t<meta property=\"og:image:width\" content=\"350\" \/>\n\t<meta property=\"og:image:height\" content=\"250\" \/>\n\t<meta property=\"og:image:type\" content=\"image\/jpeg\" \/>\n<meta name=\"twitter:card\" content=\"summary_large_image\" \/>\n<meta name=\"twitter:label1\" content=\"Dur\u00e9e de lecture estim\u00e9e\" \/>\n\t<meta name=\"twitter:data1\" content=\"3 minutes\" \/>\n<script type=\"application\/ld+json\" class=\"yoast-schema-graph\">{\"@context\":\"https:\/\/schema.org\",\"@graph\":[{\"@type\":\"WebPage\",\"@id\":\"https:\/\/911fondation.com\/fr\/fondation\/humidite-liee-la-moisissure\/\",\"url\":\"https:\/\/911fondation.com\/fr\/fondation\/humidite-liee-la-moisissure\/\",\"name\":\"Humidit\u00e9 li\u00e9e \u00e0 la moisissure - 911 Fondation\",\"isPartOf\":{\"@id\":\"https:\/\/911fondation.com\/#website\"},\"datePublished\":\"2016-07-25T17:37:29+00:00\",\"dateModified\":\"2016-07-25T17:44:34+00:00\",\"breadcrumb\":{\"@id\":\"https:\/\/911fondation.com\/fr\/fondation\/humidite-liee-la-moisissure\/#breadcrumb\"},\"inLanguage\":\"fr-FR\",\"potentialAction\":[{\"@type\":\"ReadAction\",\"target\":[\"https:\/\/911fondation.com\/fr\/fondation\/humidite-liee-la-moisissure\/\"]}]},{\"@type\":\"BreadcrumbList\",\"@id\":\"https:\/\/911fondation.com\/fr\/fondation\/humidite-liee-la-moisissure\/#breadcrumb\",\"itemListElement\":[{\"@type\":\"ListItem\",\"position\":1,\"name\":\"Home\",\"item\":\"https:\/\/911fondation.com\/fr\/\"},{\"@type\":\"ListItem\",\"position\":2,\"name\":\"Fondation\",\"item\":\"https:\/\/911fondation.com\/fr\/fondation\/\"},{\"@type\":\"ListItem\",\"position\":3,\"name\":\"Humidit\u00e9 li\u00e9e \u00e0 la moisissure\"}]},{\"@type\":\"WebSite\",\"@id\":\"https:\/\/911fondation.com\/#website\",\"url\":\"https:\/\/911fondation.com\/\",\"name\":\"911 Fondation\",\"description\":\"Repair and Waterproofing\",\"potentialAction\":[{\"@type\":\"SearchAction\",\"target\":{\"@type\":\"EntryPoint\",\"urlTemplate\":\"https:\/\/911fondation.com\/?s={search_term_string}\"},\"query-input\":{\"@type\":\"PropertyValueSpecification\",\"valueRequired\":true,\"valueName\":\"search_term_string\"}}],\"inLanguage\":\"fr-FR\"}]}<\/script>\n<!-- \/ Yoast SEO plugin. -->","yoast_head_json":{"title":"Humidit\u00e9 li\u00e9e \u00e0 la moisissure - 911 Fondation","robots":{"index":"index","follow":"follow","max-snippet":"max-snippet:-1","max-image-preview":"max-image-preview:large","max-video-preview":"max-video-preview:-1"},"canonical":"https:\/\/911fondation.com\/fr\/fondation\/humidite-liee-la-moisissure\/","og_locale":"fr_FR","og_type":"article","og_title":"Humidit\u00e9 li\u00e9e \u00e0 la moisissure - 911 Fondation","og_description":"[vc_row row_type=\u00a0\u00bbrow\u00a0\u00bb use_row_as_full_screen_section=\u00a0\u00bbno\u00a0\u00bb type=\u00a0\u00bbgrid\u00a0\u00bb angled_section=\u00a0\u00bbno\u00a0\u00bb text_align=\u00a0\u00bbleft\u00a0\u00bb background_image_as_pattern=\u00a0\u00bbwithout_pattern\u00a0\u00bb css_animation=\u00a0\u00bb\u00a0\u00bb][vc_column][vc_column_text] Solutions de traitement de l\u2019humidit\u00e9 li\u00e9e \u00e0 la moisissure Les bonnes r\u00e9ponses...","og_url":"https:\/\/911fondation.com\/fr\/fondation\/humidite-liee-la-moisissure\/","og_site_name":"911 Fondation","article_modified_time":"2016-07-25T17:44:34+00:00","og_image":[{"width":350,"height":250,"url":"https:\/\/911fondation.com\/wp-content\/uploads\/2016\/06\/911fondation.jpg","type":"image\/jpeg"}],"twitter_card":"summary_large_image","twitter_misc":{"Dur\u00e9e de lecture estim\u00e9e":"3 minutes"},"schema":{"@context":"https:\/\/schema.org","@graph":[{"@type":"WebPage","@id":"https:\/\/911fondation.com\/fr\/fondation\/humidite-liee-la-moisissure\/","url":"https:\/\/911fondation.com\/fr\/fondation\/humidite-liee-la-moisissure\/","name":"Humidit\u00e9 li\u00e9e \u00e0 la moisissure - 911 Fondation","isPartOf":{"@id":"https:\/\/911fondation.com\/#website"},"datePublished":"2016-07-25T17:37:29+00:00","dateModified":"2016-07-25T17:44:34+00:00","breadcrumb":{"@id":"https:\/\/911fondation.com\/fr\/fondation\/humidite-liee-la-moisissure\/#breadcrumb"},"inLanguage":"fr-FR","potentialAction":[{"@type":"ReadAction","target":["https:\/\/911fondation.com\/fr\/fondation\/humidite-liee-la-moisissure\/"]}]},{"@type":"BreadcrumbList","@id":"https:\/\/911fondation.com\/fr\/fondation\/humidite-liee-la-moisissure\/#breadcrumb","itemListElement":[{"@type":"ListItem","position":1,"name":"Home","item":"https:\/\/911fondation.com\/fr\/"},{"@type":"ListItem","position":2,"name":"Fondation","item":"https:\/\/911fondation.com\/fr\/fondation\/"},{"@type":"ListItem","position":3,"name":"Humidit\u00e9 li\u00e9e \u00e0 la moisissure"}]},{"@type":"WebSite","@id":"https:\/\/911fondation.com\/#website","url":"https:\/\/911fondation.com\/","name":"911 Fondation","description":"Repair and Waterproofing","potentialAction":[{"@type":"SearchAction","target":{"@type":"EntryPoint","urlTemplate":"https:\/\/911fondation.com\/?s={search_term_string}"},"query-input":{"@type":"PropertyValueSpecification","valueRequired":true,"valueName":"search_term_string"}}],"inLanguage":"fr-FR"}]}},"_links":{"self":[{"href":"https:\/\/911fondation.com\/fr\/wp-json\/wp\/v2\/pages\/2547","targetHints":{"allow":["GET"]}}],"collection":[{"href":"https:\/\/911fondation.com\/fr\/wp-json\/wp\/v2\/pages"}],"about":[{"href":"https:\/\/911fondation.com\/fr\/wp-json\/wp\/v2\/types\/page"}],"author":[{"embeddable":true,"href":"https:\/\/911fondation.com\/fr\/wp-json\/wp\/v2\/users\/1"}],"replies":[{"embeddable":true,"href":"https:\/\/911fondation.com\/fr\/wp-json\/wp\/v2\/comments?post=2547"}],"version-history":[{"count":3,"href":"https:\/\/911fondation.com\/fr\/wp-json\/wp\/v2\/pages\/2547\/revisions"}],"predecessor-version":[{"id":2550,"href":"https:\/\/911fondation.com\/fr\/wp-json\/wp\/v2\/pages\/2547\/revisions\/2550"}],"up":[{"embeddable":true,"href":"https:\/\/911fondation.com\/fr\/wp-json\/wp\/v2\/pages\/2562"}],"wp:attachment":[{"href":"https:\/\/911fondation.com\/fr\/wp-json\/wp\/v2\/media?parent=2547"}],"curies":[{"name":"wp","href":"https:\/\/api.w.org\/{rel}","templated":true}]}}