{"id":2545,"date":"2016-07-25T17:29:50","date_gmt":"2016-07-25T17:29:50","guid":{"rendered":"http:\/\/911fondation.com\/fr\/?page_id=2545"},"modified":"2016-07-25T17:32:23","modified_gmt":"2016-07-25T17:32:23","slug":"inspection-thermique","status":"publish","type":"page","link":"https:\/\/911fondation.com\/fr\/fondation\/inspection-thermique\/","title":{"rendered":"Inspection thermique"},"content":{"rendered":"<div class=\"wpb-content-wrapper\"><p>[vc_row row_type=\u00a0\u00bbrow\u00a0\u00bb use_row_as_full_screen_section=\u00a0\u00bbno\u00a0\u00bb type=\u00a0\u00bbgrid\u00a0\u00bb angled_section=\u00a0\u00bbno\u00a0\u00bb text_align=\u00a0\u00bbleft\u00a0\u00bb background_image_as_pattern=\u00a0\u00bbwithout_pattern\u00a0\u00bb css_animation=\u00a0\u00bb\u00a0\u00bb][vc_column width=\u00a0\u00bb1\/2&Prime;][vc_empty_space height=\u00a0\u00bb92px\u00a0\u00bb][vc_single_image image=\u00a0\u00bb2507&Prime; img_size=\u00a0\u00bbfull\u00a0\u00bb alignment=\u00a0\u00bbcenter\u00a0\u00bb qode_css_animation=\u00a0\u00bb\u00a0\u00bb][\/vc_column][vc_column width=\u00a0\u00bb1\/2&Prime;][vc_column_text]<strong>L&rsquo;imagerie thermique et la d\u00e9tection des fuites dans le sous-sol<\/strong><\/p>\n<p style=\"text-align: justify;\">Exemple de l&rsquo;utilisation de la technologie d&rsquo;imagerie thermique pour d\u00e9tecter la source d&rsquo;une fuite dans un sous-sol fini<\/p>\n<p style=\"text-align: justify;\">Les photos suivantes ont \u00e9t\u00e9 prises le 30 Juin 2010, quand un ancien client nous a appel\u00e9s pour diagnostiquer la cause d&rsquo;une fuite pr\u00e8s du sommet de la paroi arri\u00e8re dans son sous-sol fini.<\/p>\n<p>[\/vc_column_text][\/vc_column][\/vc_row][vc_row row_type=\u00a0\u00bbrow\u00a0\u00bb use_row_as_full_screen_section=\u00a0\u00bbno\u00a0\u00bb type=\u00a0\u00bbgrid\u00a0\u00bb angled_section=\u00a0\u00bbno\u00a0\u00bb text_align=\u00a0\u00bbleft\u00a0\u00bb background_image_as_pattern=\u00a0\u00bbwithout_pattern\u00a0\u00bb css_animation=\u00a0\u00bb\u00a0\u00bb][vc_column][vc_column_text]Face \u00e0 la destruction du mur d\u2019un sous-sol enti\u00e8rement fini, de nombreux propri\u00e9taires pr\u00e9f\u00e8rent des m\u00e9thodes \u00ab non destructives \u00bb pour d\u00e9tecter le degr\u00e9 et \/ ou les endroits o\u00f9, il y a des probl\u00e8mes d&rsquo;eau dans leur sous-sol, en particulier lorsque des blocs de b\u00e9ton ou des briques de la fondation sont impliqu\u00e9s. En pr\u00e9sence d&rsquo;humidit\u00e9 sur la surface d&rsquo;un mur de fondation ou dans une cloison s\u00e8che ou dans un cadrage, une inspection de l&rsquo;imagerie thermique, en utilisant la technologie de pointe de l\u2019infrarouge, et un outil de mesure de haute pr\u00e9cision de l&rsquo;humidit\u00e9 peut grandement aider. 911 Fondation, votre expert en r\u00e9paration de fondation et imperm\u00e9abilisation, offre ce service d&rsquo;inspection pr\u00e9cis\u00e9ment pour cette raison.<\/p>\n<p>Note : La pr\u00e9sence d&rsquo;eau dans un sous-sol ne signifie pas toujours qu&rsquo;il y a une fuite. En fait, l\u2019humidit\u00e9 peut provenir de partout, d&rsquo;un toit \u00e0 un cadre de porte mal calfeutr\u00e9, ou m\u00eame d\u2019une fuite dans la plomberie. Trouver ces sources de fuites difficiles n\u00e9cessite l&rsquo;utilisation de mat\u00e9riel de diagnostic de pointe tels que des cam\u00e9ras d&rsquo;imagerie thermique et des compteurs d&rsquo;humidit\u00e9.<\/p>\n<p>La comp\u00e9tence n\u00e9cessaire pour trouver la source r\u00e9elle d&rsquo;une fuite d&rsquo;eau dans votre sous-sol est la raison pour laquelle 911 Fondation, votre expert en r\u00e9paration de fondation et imperm\u00e9abilisation, seulement envoie des techniciens exp\u00e9riment\u00e9s pour fournir des estimations pour l\u2019imperm\u00e9abilisation de votre sous-sol, des inspections de d\u00e9tection des fuites, comme la d\u00e9termination de la source de la fuite est d&rsquo;une importance primordiale. Au fil des ans, nous avons localis\u00e9 de nombreuses fuites qui provenaient d&rsquo;autres endroits que la fondation, et dans de nombreux cas, nos concurrents recommandaient des travaux d\u2019imperm\u00e9abilisation \u00e0 l\u2019ext\u00e9rieur du b\u00e2timent ! Si vous croyez en l&rsquo;adage disant \u00ab vous obtenez ce que vous payez\u00a0\u00bb les propri\u00e9taires prudents vont appeler 911 Fondation, votre expert en r\u00e9paration de fondation et imperm\u00e9abilisation, pour d\u00e9tecter correctement la source de la fuite dans leur sous-sol. Qui voudrait une estimation gratuite si, \u00e0 la fin, il va d\u00e9penser de l&rsquo;argent pour l\u2019imperm\u00e9abilisation un sous-sol qui n&rsquo;en a pas besoin ou d\u00e9penser plus d&rsquo;argent qu&rsquo;il ne devrait ?<\/p>\n<p>Contactez-nous pour en savoir plus sur la fa\u00e7on dont l&rsquo;eau peut p\u00e9n\u00e9trer dans votre sous-sol lorsqu\u2019il pas de fuite dans le sous-sol. En utilisant la technologie d&rsquo;imagerie thermique, ainsi que d&rsquo;autres m\u00e9thodes d&rsquo;essai, nous avons \u00e9t\u00e9 en mesure de confirmer que la source de la fuite \u00e9tait un trou d\u2019une douille d\u2019emplacement qui se trouvait dans le placage de brique, ce qui n\u2019est pas visible \u00e0 l\u2019\u0153il nu. Les douilles d\u2019emplacement sont couramment utilis\u00e9es pour fixer au sol les supports des ponts pour le placage des briques. Alors elles et doivent \u00eatre correctement scell\u00e9es pour emp\u00eacher l&rsquo;eau de p\u00e9n\u00e9trer \u00e0 travers elles.<\/p>\n<p>Le compteur d\u2019humidit\u00e9 est un outil tr\u00e8s pratique pour v\u00e9rifier rapidement l\u2019humidit\u00e9 d\u2019un sous-sol fini.<\/p>\n<p>Un humidim\u00e8tre est utilis\u00e9 pour rechercher des traces d\u2019humidit\u00e9s pouvant se trouver derri\u00e8re le placopl\u00e2tre du sous-sol.<\/p>\n<p>Une cam\u00e9ra infrarouge aide \u00e0 trouver pendant les fuites difficiles \u00e0 trouver.<\/p>\n<p style=\"text-align: justify;\">Si vous \u00eates \u00e0 la recherche de services d&rsquo;\u00e9tanch\u00e9isation professionnels, contacter 911 Fondation, votre expert en r\u00e9paration de fondation et imperm\u00e9abilisation, d\u00e8s aujourd&rsquo;hui !<\/p>\n<p>[\/vc_column_text][\/vc_column][\/vc_row]<\/p>\n<\/div>","protected":false},"excerpt":{"rendered":"<p>[vc_row row_type=\u00a0\u00bbrow\u00a0\u00bb use_row_as_full_screen_section=\u00a0\u00bbno\u00a0\u00bb type=\u00a0\u00bbgrid\u00a0\u00bb angled_section=\u00a0\u00bbno\u00a0\u00bb text_align=\u00a0\u00bbleft\u00a0\u00bb background_image_as_pattern=\u00a0\u00bbwithout_pattern\u00a0\u00bb css_animation=\u00a0\u00bb\u00a0\u00bb][vc_column width=\u00a0\u00bb1\/2&Prime;][vc_empty_space height=\u00a0\u00bb92px\u00a0\u00bb][vc_single_image image=\u00a0\u00bb2507&Prime; img_size=\u00a0\u00bbfull\u00a0\u00bb alignment=\u00a0\u00bbcenter\u00a0\u00bb qode_css_animation=\u00a0\u00bb\u00a0\u00bb][\/vc_column][vc_column width=\u00a0\u00bb1\/2&Prime;][vc_column_text]L&rsquo;imagerie thermique et la d\u00e9tection des&#8230;<\/p>\n","protected":false},"author":1,"featured_media":0,"parent":2562,"menu_order":0,"comment_status":"closed","ping_status":"closed","template":"full_width.php","meta":{"inline_featured_image":false,"footnotes":""},"class_list":["post-2545","page","type-page","status-publish","hentry"],"yoast_head":"<!-- This site is optimized with the Yoast SEO plugin v26.3 - https:\/\/yoast.com\/wordpress\/plugins\/seo\/ -->\n<title>Inspection thermique - 911 Fondation<\/title>\n<meta name=\"robots\" content=\"index, follow, max-snippet:-1, max-image-preview:large, max-video-preview:-1\" \/>\n<link rel=\"canonical\" href=\"https:\/\/911fondation.com\/fr\/fondation\/inspection-thermique\/\" \/>\n<meta property=\"og:locale\" content=\"fr_FR\" \/>\n<meta property=\"og:type\" content=\"article\" \/>\n<meta property=\"og:title\" content=\"Inspection thermique - 911 Fondation\" \/>\n<meta property=\"og:description\" content=\"[vc_row row_type=\u00a0\u00bbrow\u00a0\u00bb use_row_as_full_screen_section=\u00a0\u00bbno\u00a0\u00bb type=\u00a0\u00bbgrid\u00a0\u00bb angled_section=\u00a0\u00bbno\u00a0\u00bb text_align=\u00a0\u00bbleft\u00a0\u00bb background_image_as_pattern=\u00a0\u00bbwithout_pattern\u00a0\u00bb css_animation=\u00a0\u00bb\u00a0\u00bb][vc_column width=\u00a0\u00bb1\/2&Prime;][vc_empty_space height=\u00a0\u00bb92px\u00a0\u00bb][vc_single_image image=\u00a0\u00bb2507&Prime; img_size=\u00a0\u00bbfull\u00a0\u00bb alignment=\u00a0\u00bbcenter\u00a0\u00bb qode_css_animation=\u00a0\u00bb\u00a0\u00bb][\/vc_column][vc_column width=\u00a0\u00bb1\/2&Prime;][vc_column_text]L&rsquo;imagerie thermique et la d\u00e9tection des...\" \/>\n<meta property=\"og:url\" content=\"https:\/\/911fondation.com\/fr\/fondation\/inspection-thermique\/\" \/>\n<meta property=\"og:site_name\" content=\"911 Fondation\" \/>\n<meta property=\"article:modified_time\" content=\"2016-07-25T17:32:23+00:00\" \/>\n<meta property=\"og:image\" content=\"https:\/\/911fondation.com\/wp-content\/uploads\/2016\/06\/911fondation.jpg\" \/>\n\t<meta property=\"og:image:width\" content=\"350\" \/>\n\t<meta property=\"og:image:height\" content=\"250\" \/>\n\t<meta property=\"og:image:type\" content=\"image\/jpeg\" \/>\n<meta name=\"twitter:card\" content=\"summary_large_image\" \/>\n<meta name=\"twitter:label1\" content=\"Dur\u00e9e de lecture estim\u00e9e\" \/>\n\t<meta name=\"twitter:data1\" content=\"4 minutes\" \/>\n<script type=\"application\/ld+json\" class=\"yoast-schema-graph\">{\"@context\":\"https:\/\/schema.org\",\"@graph\":[{\"@type\":\"WebPage\",\"@id\":\"https:\/\/911fondation.com\/fr\/fondation\/inspection-thermique\/\",\"url\":\"https:\/\/911fondation.com\/fr\/fondation\/inspection-thermique\/\",\"name\":\"Inspection thermique - 911 Fondation\",\"isPartOf\":{\"@id\":\"https:\/\/911fondation.com\/#website\"},\"datePublished\":\"2016-07-25T17:29:50+00:00\",\"dateModified\":\"2016-07-25T17:32:23+00:00\",\"breadcrumb\":{\"@id\":\"https:\/\/911fondation.com\/fr\/fondation\/inspection-thermique\/#breadcrumb\"},\"inLanguage\":\"fr-FR\",\"potentialAction\":[{\"@type\":\"ReadAction\",\"target\":[\"https:\/\/911fondation.com\/fr\/fondation\/inspection-thermique\/\"]}]},{\"@type\":\"BreadcrumbList\",\"@id\":\"https:\/\/911fondation.com\/fr\/fondation\/inspection-thermique\/#breadcrumb\",\"itemListElement\":[{\"@type\":\"ListItem\",\"position\":1,\"name\":\"Home\",\"item\":\"https:\/\/911fondation.com\/fr\/\"},{\"@type\":\"ListItem\",\"position\":2,\"name\":\"Fondation\",\"item\":\"https:\/\/911fondation.com\/fr\/fondation\/\"},{\"@type\":\"ListItem\",\"position\":3,\"name\":\"Inspection thermique\"}]},{\"@type\":\"WebSite\",\"@id\":\"https:\/\/911fondation.com\/#website\",\"url\":\"https:\/\/911fondation.com\/\",\"name\":\"911 Fondation\",\"description\":\"Repair and Waterproofing\",\"potentialAction\":[{\"@type\":\"SearchAction\",\"target\":{\"@type\":\"EntryPoint\",\"urlTemplate\":\"https:\/\/911fondation.com\/?s={search_term_string}\"},\"query-input\":{\"@type\":\"PropertyValueSpecification\",\"valueRequired\":true,\"valueName\":\"search_term_string\"}}],\"inLanguage\":\"fr-FR\"}]}<\/script>\n<!-- \/ Yoast SEO plugin. -->","yoast_head_json":{"title":"Inspection thermique - 911 Fondation","robots":{"index":"index","follow":"follow","max-snippet":"max-snippet:-1","max-image-preview":"max-image-preview:large","max-video-preview":"max-video-preview:-1"},"canonical":"https:\/\/911fondation.com\/fr\/fondation\/inspection-thermique\/","og_locale":"fr_FR","og_type":"article","og_title":"Inspection thermique - 911 Fondation","og_description":"[vc_row row_type=\u00a0\u00bbrow\u00a0\u00bb use_row_as_full_screen_section=\u00a0\u00bbno\u00a0\u00bb type=\u00a0\u00bbgrid\u00a0\u00bb angled_section=\u00a0\u00bbno\u00a0\u00bb text_align=\u00a0\u00bbleft\u00a0\u00bb background_image_as_pattern=\u00a0\u00bbwithout_pattern\u00a0\u00bb css_animation=\u00a0\u00bb\u00a0\u00bb][vc_column width=\u00a0\u00bb1\/2&Prime;][vc_empty_space height=\u00a0\u00bb92px\u00a0\u00bb][vc_single_image image=\u00a0\u00bb2507&Prime; img_size=\u00a0\u00bbfull\u00a0\u00bb alignment=\u00a0\u00bbcenter\u00a0\u00bb qode_css_animation=\u00a0\u00bb\u00a0\u00bb][\/vc_column][vc_column width=\u00a0\u00bb1\/2&Prime;][vc_column_text]L&rsquo;imagerie thermique et la d\u00e9tection des...","og_url":"https:\/\/911fondation.com\/fr\/fondation\/inspection-thermique\/","og_site_name":"911 Fondation","article_modified_time":"2016-07-25T17:32:23+00:00","og_image":[{"width":350,"height":250,"url":"https:\/\/911fondation.com\/wp-content\/uploads\/2016\/06\/911fondation.jpg","type":"image\/jpeg"}],"twitter_card":"summary_large_image","twitter_misc":{"Dur\u00e9e de lecture estim\u00e9e":"4 minutes"},"schema":{"@context":"https:\/\/schema.org","@graph":[{"@type":"WebPage","@id":"https:\/\/911fondation.com\/fr\/fondation\/inspection-thermique\/","url":"https:\/\/911fondation.com\/fr\/fondation\/inspection-thermique\/","name":"Inspection thermique - 911 Fondation","isPartOf":{"@id":"https:\/\/911fondation.com\/#website"},"datePublished":"2016-07-25T17:29:50+00:00","dateModified":"2016-07-25T17:32:23+00:00","breadcrumb":{"@id":"https:\/\/911fondation.com\/fr\/fondation\/inspection-thermique\/#breadcrumb"},"inLanguage":"fr-FR","potentialAction":[{"@type":"ReadAction","target":["https:\/\/911fondation.com\/fr\/fondation\/inspection-thermique\/"]}]},{"@type":"BreadcrumbList","@id":"https:\/\/911fondation.com\/fr\/fondation\/inspection-thermique\/#breadcrumb","itemListElement":[{"@type":"ListItem","position":1,"name":"Home","item":"https:\/\/911fondation.com\/fr\/"},{"@type":"ListItem","position":2,"name":"Fondation","item":"https:\/\/911fondation.com\/fr\/fondation\/"},{"@type":"ListItem","position":3,"name":"Inspection thermique"}]},{"@type":"WebSite","@id":"https:\/\/911fondation.com\/#website","url":"https:\/\/911fondation.com\/","name":"911 Fondation","description":"Repair and Waterproofing","potentialAction":[{"@type":"SearchAction","target":{"@type":"EntryPoint","urlTemplate":"https:\/\/911fondation.com\/?s={search_term_string}"},"query-input":{"@type":"PropertyValueSpecification","valueRequired":true,"valueName":"search_term_string"}}],"inLanguage":"fr-FR"}]}},"_links":{"self":[{"href":"https:\/\/911fondation.com\/fr\/wp-json\/wp\/v2\/pages\/2545","targetHints":{"allow":["GET"]}}],"collection":[{"href":"https:\/\/911fondation.com\/fr\/wp-json\/wp\/v2\/pages"}],"about":[{"href":"https:\/\/911fondation.com\/fr\/wp-json\/wp\/v2\/types\/page"}],"author":[{"embeddable":true,"href":"https:\/\/911fondation.com\/fr\/wp-json\/wp\/v2\/users\/1"}],"replies":[{"embeddable":true,"href":"https:\/\/911fondation.com\/fr\/wp-json\/wp\/v2\/comments?post=2545"}],"version-history":[{"count":1,"href":"https:\/\/911fondation.com\/fr\/wp-json\/wp\/v2\/pages\/2545\/revisions"}],"predecessor-version":[{"id":2546,"href":"https:\/\/911fondation.com\/fr\/wp-json\/wp\/v2\/pages\/2545\/revisions\/2546"}],"up":[{"embeddable":true,"href":"https:\/\/911fondation.com\/fr\/wp-json\/wp\/v2\/pages\/2562"}],"wp:attachment":[{"href":"https:\/\/911fondation.com\/fr\/wp-json\/wp\/v2\/media?parent=2545"}],"curies":[{"name":"wp","href":"https:\/\/api.w.org\/{rel}","templated":true}]}}