{"id":2541,"date":"2016-07-25T17:18:48","date_gmt":"2016-07-25T17:18:48","guid":{"rendered":"http:\/\/911fondation.com\/fr\/?page_id=2541"},"modified":"2016-07-25T17:18:48","modified_gmt":"2016-07-25T17:18:48","slug":"abaissement-du-sous-sol","status":"publish","type":"page","link":"https:\/\/911fondation.com\/fr\/fondation\/abaissement-du-sous-sol\/","title":{"rendered":"Abaissement du sous-sol"},"content":{"rendered":"<div class=\"wpb-content-wrapper\"><p>[vc_row row_type=\u00a0\u00bbrow\u00a0\u00bb use_row_as_full_screen_section=\u00a0\u00bbno\u00a0\u00bb type=\u00a0\u00bbgrid\u00a0\u00bb angled_section=\u00a0\u00bbno\u00a0\u00bb text_align=\u00a0\u00bbleft\u00a0\u00bb background_image_as_pattern=\u00a0\u00bbwithout_pattern\u00a0\u00bb css_animation=\u00a0\u00bb\u00a0\u00bb][vc_column][vc_column_text]Si votre sous-sol mesure moins de 7 pieds, vous voudrez peut-\u00eatre envisager d&rsquo;abaisser le plancher. Pour l&rsquo;ajout d&rsquo;un \u00e9tage ou avoir plus d&rsquo;espace utilisable, l&rsquo;abaissement de votre sous-sol peut \u00eatre tr\u00e8s rentable. Nous faisons d&rsquo;abord des trous d&rsquo;essai pour d\u00e9terminer les conditions du sol sous le plancher, ainsi que pour localiser la profondeur de vos semelles et \/ ou des murs. Parfois, nous pouvons gagner entre 6 \u00e0 12 pouces de plus sans installer des bordures ou des poteaux. Avec le nouveau plancher inf\u00e9rieur, toute votre plomberie rugueuse est remplac\u00e9e. Nous travaillons \u00e9galement avec des sous-traitants pour installer le radiateur du chauffage au sol comme une option de chauffage du sous-sol.[\/vc_column_text][\/vc_column][\/vc_row][vc_row row_type=\u00a0\u00bbrow\u00a0\u00bb use_row_as_full_screen_section=\u00a0\u00bbno\u00a0\u00bb type=\u00a0\u00bbfull_width\u00a0\u00bb angled_section=\u00a0\u00bbno\u00a0\u00bb text_align=\u00a0\u00bbleft\u00a0\u00bb background_image_as_pattern=\u00a0\u00bbwithout_pattern\u00a0\u00bb css_animation=\u00a0\u00bb\u00a0\u00bb][vc_column][vc_single_image image=\u00a0\u00bb2501&Prime; img_size=\u00a0\u00bbfull\u00a0\u00bb alignment=\u00a0\u00bbcenter\u00a0\u00bb qode_css_animation=\u00a0\u00bb\u00a0\u00bb][\/vc_column][\/vc_row]<\/p>\n<\/div>","protected":false},"excerpt":{"rendered":"<p>[vc_row row_type=\u00a0\u00bbrow\u00a0\u00bb use_row_as_full_screen_section=\u00a0\u00bbno\u00a0\u00bb type=\u00a0\u00bbgrid\u00a0\u00bb angled_section=\u00a0\u00bbno\u00a0\u00bb text_align=\u00a0\u00bbleft\u00a0\u00bb background_image_as_pattern=\u00a0\u00bbwithout_pattern\u00a0\u00bb css_animation=\u00a0\u00bb\u00a0\u00bb][vc_column][vc_column_text]Si votre sous-sol mesure moins de 7 pieds, vous voudrez peut-\u00eatre envisager d&rsquo;abaisser&#8230;<\/p>\n","protected":false},"author":1,"featured_media":0,"parent":2562,"menu_order":0,"comment_status":"closed","ping_status":"closed","template":"full_width.php","meta":{"inline_featured_image":false,"footnotes":""},"class_list":["post-2541","page","type-page","status-publish","hentry"],"yoast_head":"<!-- This site is optimized with the Yoast SEO plugin v26.3 - https:\/\/yoast.com\/wordpress\/plugins\/seo\/ -->\n<title>Abaissement du sous-sol - 911 Fondation<\/title>\n<meta name=\"robots\" content=\"index, follow, max-snippet:-1, max-image-preview:large, max-video-preview:-1\" \/>\n<link rel=\"canonical\" href=\"https:\/\/911fondation.com\/fr\/fondation\/abaissement-du-sous-sol\/\" \/>\n<meta property=\"og:locale\" content=\"fr_FR\" \/>\n<meta property=\"og:type\" content=\"article\" \/>\n<meta property=\"og:title\" content=\"Abaissement du sous-sol - 911 Fondation\" \/>\n<meta property=\"og:description\" content=\"[vc_row row_type=\u00a0\u00bbrow\u00a0\u00bb use_row_as_full_screen_section=\u00a0\u00bbno\u00a0\u00bb type=\u00a0\u00bbgrid\u00a0\u00bb angled_section=\u00a0\u00bbno\u00a0\u00bb text_align=\u00a0\u00bbleft\u00a0\u00bb background_image_as_pattern=\u00a0\u00bbwithout_pattern\u00a0\u00bb css_animation=\u00a0\u00bb\u00a0\u00bb][vc_column][vc_column_text]Si votre sous-sol mesure moins de 7 pieds, vous voudrez peut-\u00eatre envisager d&rsquo;abaisser...\" \/>\n<meta property=\"og:url\" content=\"https:\/\/911fondation.com\/fr\/fondation\/abaissement-du-sous-sol\/\" \/>\n<meta property=\"og:site_name\" content=\"911 Fondation\" \/>\n<meta property=\"og:image\" content=\"https:\/\/911fondation.com\/wp-content\/uploads\/2016\/06\/911fondation.jpg\" \/>\n\t<meta property=\"og:image:width\" content=\"350\" \/>\n\t<meta property=\"og:image:height\" content=\"250\" \/>\n\t<meta property=\"og:image:type\" content=\"image\/jpeg\" \/>\n<meta name=\"twitter:card\" content=\"summary_large_image\" \/>\n<meta name=\"twitter:label1\" content=\"Dur\u00e9e de lecture estim\u00e9e\" \/>\n\t<meta name=\"twitter:data1\" content=\"1 minute\" \/>\n<script type=\"application\/ld+json\" class=\"yoast-schema-graph\">{\"@context\":\"https:\/\/schema.org\",\"@graph\":[{\"@type\":\"WebPage\",\"@id\":\"https:\/\/911fondation.com\/fr\/fondation\/abaissement-du-sous-sol\/\",\"url\":\"https:\/\/911fondation.com\/fr\/fondation\/abaissement-du-sous-sol\/\",\"name\":\"Abaissement du sous-sol - 911 Fondation\",\"isPartOf\":{\"@id\":\"https:\/\/911fondation.com\/#website\"},\"datePublished\":\"2016-07-25T17:18:48+00:00\",\"breadcrumb\":{\"@id\":\"https:\/\/911fondation.com\/fr\/fondation\/abaissement-du-sous-sol\/#breadcrumb\"},\"inLanguage\":\"fr-FR\",\"potentialAction\":[{\"@type\":\"ReadAction\",\"target\":[\"https:\/\/911fondation.com\/fr\/fondation\/abaissement-du-sous-sol\/\"]}]},{\"@type\":\"BreadcrumbList\",\"@id\":\"https:\/\/911fondation.com\/fr\/fondation\/abaissement-du-sous-sol\/#breadcrumb\",\"itemListElement\":[{\"@type\":\"ListItem\",\"position\":1,\"name\":\"Home\",\"item\":\"https:\/\/911fondation.com\/fr\/\"},{\"@type\":\"ListItem\",\"position\":2,\"name\":\"Fondation\",\"item\":\"https:\/\/911fondation.com\/fr\/fondation\/\"},{\"@type\":\"ListItem\",\"position\":3,\"name\":\"Abaissement du sous-sol\"}]},{\"@type\":\"WebSite\",\"@id\":\"https:\/\/911fondation.com\/#website\",\"url\":\"https:\/\/911fondation.com\/\",\"name\":\"911 Fondation\",\"description\":\"Repair and Waterproofing\",\"potentialAction\":[{\"@type\":\"SearchAction\",\"target\":{\"@type\":\"EntryPoint\",\"urlTemplate\":\"https:\/\/911fondation.com\/?s={search_term_string}\"},\"query-input\":{\"@type\":\"PropertyValueSpecification\",\"valueRequired\":true,\"valueName\":\"search_term_string\"}}],\"inLanguage\":\"fr-FR\"}]}<\/script>\n<!-- \/ Yoast SEO plugin. -->","yoast_head_json":{"title":"Abaissement du sous-sol - 911 Fondation","robots":{"index":"index","follow":"follow","max-snippet":"max-snippet:-1","max-image-preview":"max-image-preview:large","max-video-preview":"max-video-preview:-1"},"canonical":"https:\/\/911fondation.com\/fr\/fondation\/abaissement-du-sous-sol\/","og_locale":"fr_FR","og_type":"article","og_title":"Abaissement du sous-sol - 911 Fondation","og_description":"[vc_row row_type=\u00a0\u00bbrow\u00a0\u00bb use_row_as_full_screen_section=\u00a0\u00bbno\u00a0\u00bb type=\u00a0\u00bbgrid\u00a0\u00bb angled_section=\u00a0\u00bbno\u00a0\u00bb text_align=\u00a0\u00bbleft\u00a0\u00bb background_image_as_pattern=\u00a0\u00bbwithout_pattern\u00a0\u00bb css_animation=\u00a0\u00bb\u00a0\u00bb][vc_column][vc_column_text]Si votre sous-sol mesure moins de 7 pieds, vous voudrez peut-\u00eatre envisager d&rsquo;abaisser...","og_url":"https:\/\/911fondation.com\/fr\/fondation\/abaissement-du-sous-sol\/","og_site_name":"911 Fondation","og_image":[{"width":350,"height":250,"url":"https:\/\/911fondation.com\/wp-content\/uploads\/2016\/06\/911fondation.jpg","type":"image\/jpeg"}],"twitter_card":"summary_large_image","twitter_misc":{"Dur\u00e9e de lecture estim\u00e9e":"1 minute"},"schema":{"@context":"https:\/\/schema.org","@graph":[{"@type":"WebPage","@id":"https:\/\/911fondation.com\/fr\/fondation\/abaissement-du-sous-sol\/","url":"https:\/\/911fondation.com\/fr\/fondation\/abaissement-du-sous-sol\/","name":"Abaissement du sous-sol - 911 Fondation","isPartOf":{"@id":"https:\/\/911fondation.com\/#website"},"datePublished":"2016-07-25T17:18:48+00:00","breadcrumb":{"@id":"https:\/\/911fondation.com\/fr\/fondation\/abaissement-du-sous-sol\/#breadcrumb"},"inLanguage":"fr-FR","potentialAction":[{"@type":"ReadAction","target":["https:\/\/911fondation.com\/fr\/fondation\/abaissement-du-sous-sol\/"]}]},{"@type":"BreadcrumbList","@id":"https:\/\/911fondation.com\/fr\/fondation\/abaissement-du-sous-sol\/#breadcrumb","itemListElement":[{"@type":"ListItem","position":1,"name":"Home","item":"https:\/\/911fondation.com\/fr\/"},{"@type":"ListItem","position":2,"name":"Fondation","item":"https:\/\/911fondation.com\/fr\/fondation\/"},{"@type":"ListItem","position":3,"name":"Abaissement du sous-sol"}]},{"@type":"WebSite","@id":"https:\/\/911fondation.com\/#website","url":"https:\/\/911fondation.com\/","name":"911 Fondation","description":"Repair and Waterproofing","potentialAction":[{"@type":"SearchAction","target":{"@type":"EntryPoint","urlTemplate":"https:\/\/911fondation.com\/?s={search_term_string}"},"query-input":{"@type":"PropertyValueSpecification","valueRequired":true,"valueName":"search_term_string"}}],"inLanguage":"fr-FR"}]}},"_links":{"self":[{"href":"https:\/\/911fondation.com\/fr\/wp-json\/wp\/v2\/pages\/2541","targetHints":{"allow":["GET"]}}],"collection":[{"href":"https:\/\/911fondation.com\/fr\/wp-json\/wp\/v2\/pages"}],"about":[{"href":"https:\/\/911fondation.com\/fr\/wp-json\/wp\/v2\/types\/page"}],"author":[{"embeddable":true,"href":"https:\/\/911fondation.com\/fr\/wp-json\/wp\/v2\/users\/1"}],"replies":[{"embeddable":true,"href":"https:\/\/911fondation.com\/fr\/wp-json\/wp\/v2\/comments?post=2541"}],"version-history":[{"count":1,"href":"https:\/\/911fondation.com\/fr\/wp-json\/wp\/v2\/pages\/2541\/revisions"}],"predecessor-version":[{"id":2542,"href":"https:\/\/911fondation.com\/fr\/wp-json\/wp\/v2\/pages\/2541\/revisions\/2542"}],"up":[{"embeddable":true,"href":"https:\/\/911fondation.com\/fr\/wp-json\/wp\/v2\/pages\/2562"}],"wp:attachment":[{"href":"https:\/\/911fondation.com\/fr\/wp-json\/wp\/v2\/media?parent=2541"}],"curies":[{"name":"wp","href":"https:\/\/api.w.org\/{rel}","templated":true}]}}