{"id":2537,"date":"2016-07-25T15:28:55","date_gmt":"2016-07-25T15:28:55","guid":{"rendered":"http:\/\/911fondation.com\/fr\/?page_id=2537"},"modified":"2025-05-07T05:06:18","modified_gmt":"2025-05-07T09:06:18","slug":"letancheite-des-barrieres-de-votre-vide-sanitaire","status":"publish","type":"page","link":"https:\/\/911fondation.com\/fr\/fondation\/letancheite-des-barrieres-de-votre-vide-sanitaire\/","title":{"rendered":"L&rsquo;\u00e9tanch\u00e9it\u00e9 des barri\u00e8res de votre vide sanitaire"},"content":{"rendered":"<div class=\"wpb-content-wrapper\"><p>[vc_row row_type=\u00a0\u00bbrow\u00a0\u00bb use_row_as_full_screen_section=\u00a0\u00bbno\u00a0\u00bb type=\u00a0\u00bbgrid\u00a0\u00bb angled_section=\u00a0\u00bbno\u00a0\u00bb text_align=\u00a0\u00bbleft\u00a0\u00bb background_image_as_pattern=\u00a0\u00bbwithout_pattern\u00a0\u00bb css_animation=\u00a0\u00bb\u00a0\u00bb][vc_column][vc_column_text]L\u2019\u00e9tanch\u00e9isation de votre vide sanitaire est d\u00e9finie comme la r\u00e9sistance du passage de l&rsquo;eau sous pression hydrostatique \u00e0 travers la fondation et son accumulation dans le vide sanitaire. Ce processus est g\u00e9n\u00e9ralement appliqu\u00e9 d\u00e8s la construction d&rsquo;une maison en installant des goutti\u00e8res, une bonne pente au sol, une membrane d\u2019imperm\u00e9abilisation ou de mastic sur le mur de fondation, et les goutti\u00e8res r\u00e9duiront la quantit\u00e9 d&rsquo;eau du sol entrant dans le vide sanitaire. Il est souvent possible que ces mesures suffisent \u00e0 emp\u00eacher l&rsquo;eau de p\u00e9n\u00e9trer dans le vide sanitaire. La v\u00e9rit\u00e9 est que la plupart des constructeurs ne parviennent pas \u00e0 appliquer ces techniques d\u2019imperm\u00e9abilisation et d\u00e9laissent une ou plusieurs de ces syst\u00e8mes d\u2019imperm\u00e9abilisation essentiels. Alors que le nivellement, la mise \u00e0 niveau des goutti\u00e8res et leurs tuyaux d\u2019\u00e9vacuation r\u00e9duiront la quantit\u00e9 des eaux souterraines entrant dans le vide sanitaire, il est souvent possible que ces mesures ne suffisent \u00e0 emp\u00eacher l&rsquo;eau de p\u00e9n\u00e9trer dans le vide sanitaire. Un drain de fondation externe est peu pratique et co\u00fbteux \u00e0 installer en raison des porches, les terrasses, des tuyaux, des stationnements, des trottoirs, de l&rsquo;am\u00e9nagement paysager, etc.<\/p>\n<p>La meilleure m\u00e9thode pour l\u2019\u00e9tanch\u00e9isation de votre vide sanitaire est un syst\u00e8me de drainage du p\u00e9rim\u00e8tre int\u00e9rieur. Alors que nous vous proposons plusieurs techniques de contr\u00f4le de l&rsquo;humidit\u00e9, la premi\u00e8re \u00e9tape de tout vide sanitaire humide est d&rsquo;installer le drainage p\u00e9riph\u00e9rique et un syst\u00e8me de pompe de puisard.<\/p>\n<p><strong>\u00a0911 Fondation, votre expert en r\u00e9paration de fondation et imperm\u00e9abilisation, peuvent r\u00e9soudre votre probl\u00e8me de vide sanitaire<\/strong><\/p>\n<p>La plupart du temps tous les probl\u00e8mes dans un vide sanitaire peuvent \u00eatre li\u00e9s \u00e0 certains l&rsquo;intrusion de l\u2019eau et de l&rsquo;humidit\u00e9 dans le vide sanitaire.\u00a0La pourriture du bois, les moisissures, les termites et les odeurs de moisi sont tous les sympt\u00f4mes d&rsquo;un vide sanitaire humide. Un vide sanitaire humide va \u00e9galement installer des quantit\u00e9s excessives de vapeur d&rsquo;eau non d\u00e9sir\u00e9e ou l&rsquo;humidit\u00e9 de votre maison \u00e0 chaque jour. En outre, votre maison ne passera une inspection si de l&rsquo;eau est pr\u00e9sente dans le vide sanitaire.<\/p>\n<p>911 Fondation, votre expert en r\u00e9paration de fondation et imperm\u00e9abilisation, poss\u00e8de l&rsquo;expertise et le professionnalisme pour vous aider \u00e0 r\u00e9soudre votre probl\u00e8me d&rsquo;eau dans le vide sanitaire et de cr\u00e9er un environnement plus sain pour votre famille. Lorsque nous inspectons votre vide sanitaire, nous recherchons tout signe qui pourrait indiquer un probl\u00e8me d&rsquo;eau structurel, m\u00e9canique ou environnemental. Contactez-nous d\u00e8s aujourd&rsquo;hui pour planifier votre inspection GRATUITE.[\/vc_column_text][\/vc_column][\/vc_row]<\/p>\n<\/div>","protected":false},"excerpt":{"rendered":"<p>[vc_row row_type=\u00a0\u00bbrow\u00a0\u00bb use_row_as_full_screen_section=\u00a0\u00bbno\u00a0\u00bb type=\u00a0\u00bbgrid\u00a0\u00bb angled_section=\u00a0\u00bbno\u00a0\u00bb text_align=\u00a0\u00bbleft\u00a0\u00bb background_image_as_pattern=\u00a0\u00bbwithout_pattern\u00a0\u00bb css_animation=\u00a0\u00bb\u00a0\u00bb][vc_column][vc_column_text]L\u2019\u00e9tanch\u00e9isation de votre vide sanitaire est d\u00e9finie comme la r\u00e9sistance du passage de&#8230;<\/p>\n","protected":false},"author":1,"featured_media":0,"parent":2562,"menu_order":0,"comment_status":"closed","ping_status":"closed","template":"full_width.php","meta":{"inline_featured_image":false,"footnotes":""},"class_list":["post-2537","page","type-page","status-publish","hentry"],"yoast_head":"<!-- This site is optimized with the Yoast SEO plugin v26.3 - https:\/\/yoast.com\/wordpress\/plugins\/seo\/ -->\n<title>L&#039;\u00e9tanch\u00e9it\u00e9 des barri\u00e8res de votre vide sanitaire - 911 Fondation<\/title>\n<meta name=\"robots\" content=\"index, follow, max-snippet:-1, max-image-preview:large, max-video-preview:-1\" \/>\n<link rel=\"canonical\" href=\"https:\/\/911fondation.com\/fr\/fondation\/letancheite-des-barrieres-de-votre-vide-sanitaire\/\" \/>\n<meta property=\"og:locale\" content=\"fr_FR\" \/>\n<meta property=\"og:type\" content=\"article\" \/>\n<meta property=\"og:title\" content=\"L&#039;\u00e9tanch\u00e9it\u00e9 des barri\u00e8res de votre vide sanitaire - 911 Fondation\" \/>\n<meta property=\"og:description\" content=\"[vc_row row_type=\u00a0\u00bbrow\u00a0\u00bb use_row_as_full_screen_section=\u00a0\u00bbno\u00a0\u00bb type=\u00a0\u00bbgrid\u00a0\u00bb angled_section=\u00a0\u00bbno\u00a0\u00bb text_align=\u00a0\u00bbleft\u00a0\u00bb background_image_as_pattern=\u00a0\u00bbwithout_pattern\u00a0\u00bb css_animation=\u00a0\u00bb\u00a0\u00bb][vc_column][vc_column_text]L\u2019\u00e9tanch\u00e9isation de votre vide sanitaire est d\u00e9finie comme la r\u00e9sistance du passage de...\" \/>\n<meta property=\"og:url\" content=\"https:\/\/911fondation.com\/fr\/fondation\/letancheite-des-barrieres-de-votre-vide-sanitaire\/\" \/>\n<meta property=\"og:site_name\" content=\"911 Fondation\" \/>\n<meta property=\"article:modified_time\" content=\"2025-05-07T09:06:18+00:00\" \/>\n<meta property=\"og:image\" content=\"https:\/\/911fondation.com\/wp-content\/uploads\/2016\/06\/911fondation.jpg\" \/>\n\t<meta property=\"og:image:width\" content=\"350\" \/>\n\t<meta property=\"og:image:height\" content=\"250\" \/>\n\t<meta property=\"og:image:type\" content=\"image\/jpeg\" \/>\n<meta name=\"twitter:card\" content=\"summary_large_image\" \/>\n<meta name=\"twitter:label1\" content=\"Dur\u00e9e de lecture estim\u00e9e\" \/>\n\t<meta name=\"twitter:data1\" content=\"2 minutes\" \/>\n<script type=\"application\/ld+json\" class=\"yoast-schema-graph\">{\"@context\":\"https:\/\/schema.org\",\"@graph\":[{\"@type\":\"WebPage\",\"@id\":\"https:\/\/911fondation.com\/fr\/fondation\/letancheite-des-barrieres-de-votre-vide-sanitaire\/\",\"url\":\"https:\/\/911fondation.com\/fr\/fondation\/letancheite-des-barrieres-de-votre-vide-sanitaire\/\",\"name\":\"L'\u00e9tanch\u00e9it\u00e9 des barri\u00e8res de votre vide sanitaire - 911 Fondation\",\"isPartOf\":{\"@id\":\"https:\/\/911fondation.com\/#website\"},\"datePublished\":\"2016-07-25T15:28:55+00:00\",\"dateModified\":\"2025-05-07T09:06:18+00:00\",\"breadcrumb\":{\"@id\":\"https:\/\/911fondation.com\/fr\/fondation\/letancheite-des-barrieres-de-votre-vide-sanitaire\/#breadcrumb\"},\"inLanguage\":\"fr-FR\",\"potentialAction\":[{\"@type\":\"ReadAction\",\"target\":[\"https:\/\/911fondation.com\/fr\/fondation\/letancheite-des-barrieres-de-votre-vide-sanitaire\/\"]}]},{\"@type\":\"BreadcrumbList\",\"@id\":\"https:\/\/911fondation.com\/fr\/fondation\/letancheite-des-barrieres-de-votre-vide-sanitaire\/#breadcrumb\",\"itemListElement\":[{\"@type\":\"ListItem\",\"position\":1,\"name\":\"Home\",\"item\":\"https:\/\/911fondation.com\/fr\/\"},{\"@type\":\"ListItem\",\"position\":2,\"name\":\"Fondation\",\"item\":\"https:\/\/911fondation.com\/fr\/fondation\/\"},{\"@type\":\"ListItem\",\"position\":3,\"name\":\"L&#8217;\u00e9tanch\u00e9it\u00e9 des barri\u00e8res de votre vide sanitaire\"}]},{\"@type\":\"WebSite\",\"@id\":\"https:\/\/911fondation.com\/#website\",\"url\":\"https:\/\/911fondation.com\/\",\"name\":\"911 Fondation\",\"description\":\"Repair and Waterproofing\",\"potentialAction\":[{\"@type\":\"SearchAction\",\"target\":{\"@type\":\"EntryPoint\",\"urlTemplate\":\"https:\/\/911fondation.com\/?s={search_term_string}\"},\"query-input\":{\"@type\":\"PropertyValueSpecification\",\"valueRequired\":true,\"valueName\":\"search_term_string\"}}],\"inLanguage\":\"fr-FR\"}]}<\/script>\n<!-- \/ Yoast SEO plugin. -->","yoast_head_json":{"title":"L'\u00e9tanch\u00e9it\u00e9 des barri\u00e8res de votre vide sanitaire - 911 Fondation","robots":{"index":"index","follow":"follow","max-snippet":"max-snippet:-1","max-image-preview":"max-image-preview:large","max-video-preview":"max-video-preview:-1"},"canonical":"https:\/\/911fondation.com\/fr\/fondation\/letancheite-des-barrieres-de-votre-vide-sanitaire\/","og_locale":"fr_FR","og_type":"article","og_title":"L'\u00e9tanch\u00e9it\u00e9 des barri\u00e8res de votre vide sanitaire - 911 Fondation","og_description":"[vc_row row_type=\u00a0\u00bbrow\u00a0\u00bb use_row_as_full_screen_section=\u00a0\u00bbno\u00a0\u00bb type=\u00a0\u00bbgrid\u00a0\u00bb angled_section=\u00a0\u00bbno\u00a0\u00bb text_align=\u00a0\u00bbleft\u00a0\u00bb background_image_as_pattern=\u00a0\u00bbwithout_pattern\u00a0\u00bb css_animation=\u00a0\u00bb\u00a0\u00bb][vc_column][vc_column_text]L\u2019\u00e9tanch\u00e9isation de votre vide sanitaire est d\u00e9finie comme la r\u00e9sistance du passage de...","og_url":"https:\/\/911fondation.com\/fr\/fondation\/letancheite-des-barrieres-de-votre-vide-sanitaire\/","og_site_name":"911 Fondation","article_modified_time":"2025-05-07T09:06:18+00:00","og_image":[{"width":350,"height":250,"url":"https:\/\/911fondation.com\/wp-content\/uploads\/2016\/06\/911fondation.jpg","type":"image\/jpeg"}],"twitter_card":"summary_large_image","twitter_misc":{"Dur\u00e9e de lecture estim\u00e9e":"2 minutes"},"schema":{"@context":"https:\/\/schema.org","@graph":[{"@type":"WebPage","@id":"https:\/\/911fondation.com\/fr\/fondation\/letancheite-des-barrieres-de-votre-vide-sanitaire\/","url":"https:\/\/911fondation.com\/fr\/fondation\/letancheite-des-barrieres-de-votre-vide-sanitaire\/","name":"L'\u00e9tanch\u00e9it\u00e9 des barri\u00e8res de votre vide sanitaire - 911 Fondation","isPartOf":{"@id":"https:\/\/911fondation.com\/#website"},"datePublished":"2016-07-25T15:28:55+00:00","dateModified":"2025-05-07T09:06:18+00:00","breadcrumb":{"@id":"https:\/\/911fondation.com\/fr\/fondation\/letancheite-des-barrieres-de-votre-vide-sanitaire\/#breadcrumb"},"inLanguage":"fr-FR","potentialAction":[{"@type":"ReadAction","target":["https:\/\/911fondation.com\/fr\/fondation\/letancheite-des-barrieres-de-votre-vide-sanitaire\/"]}]},{"@type":"BreadcrumbList","@id":"https:\/\/911fondation.com\/fr\/fondation\/letancheite-des-barrieres-de-votre-vide-sanitaire\/#breadcrumb","itemListElement":[{"@type":"ListItem","position":1,"name":"Home","item":"https:\/\/911fondation.com\/fr\/"},{"@type":"ListItem","position":2,"name":"Fondation","item":"https:\/\/911fondation.com\/fr\/fondation\/"},{"@type":"ListItem","position":3,"name":"L&#8217;\u00e9tanch\u00e9it\u00e9 des barri\u00e8res de votre vide sanitaire"}]},{"@type":"WebSite","@id":"https:\/\/911fondation.com\/#website","url":"https:\/\/911fondation.com\/","name":"911 Fondation","description":"Repair and Waterproofing","potentialAction":[{"@type":"SearchAction","target":{"@type":"EntryPoint","urlTemplate":"https:\/\/911fondation.com\/?s={search_term_string}"},"query-input":{"@type":"PropertyValueSpecification","valueRequired":true,"valueName":"search_term_string"}}],"inLanguage":"fr-FR"}]}},"_links":{"self":[{"href":"https:\/\/911fondation.com\/fr\/wp-json\/wp\/v2\/pages\/2537","targetHints":{"allow":["GET"]}}],"collection":[{"href":"https:\/\/911fondation.com\/fr\/wp-json\/wp\/v2\/pages"}],"about":[{"href":"https:\/\/911fondation.com\/fr\/wp-json\/wp\/v2\/types\/page"}],"author":[{"embeddable":true,"href":"https:\/\/911fondation.com\/fr\/wp-json\/wp\/v2\/users\/1"}],"replies":[{"embeddable":true,"href":"https:\/\/911fondation.com\/fr\/wp-json\/wp\/v2\/comments?post=2537"}],"version-history":[{"count":4,"href":"https:\/\/911fondation.com\/fr\/wp-json\/wp\/v2\/pages\/2537\/revisions"}],"predecessor-version":[{"id":3079,"href":"https:\/\/911fondation.com\/fr\/wp-json\/wp\/v2\/pages\/2537\/revisions\/3079"}],"up":[{"embeddable":true,"href":"https:\/\/911fondation.com\/fr\/wp-json\/wp\/v2\/pages\/2562"}],"wp:attachment":[{"href":"https:\/\/911fondation.com\/fr\/wp-json\/wp\/v2\/media?parent=2537"}],"curies":[{"name":"wp","href":"https:\/\/api.w.org\/{rel}","templated":true}]}}