{"id":2534,"date":"2016-07-25T15:21:53","date_gmt":"2016-07-25T15:21:53","guid":{"rendered":"http:\/\/911fondation.com\/fr\/?page_id=2534"},"modified":"2016-07-25T15:23:12","modified_gmt":"2016-07-25T15:23:12","slug":"soutien-du-vide-sanitaire","status":"publish","type":"page","link":"https:\/\/911fondation.com\/fr\/fondation\/soutien-du-vide-sanitaire\/","title":{"rendered":"Soutien du vide sanitaire"},"content":{"rendered":"<div class=\"wpb-content-wrapper\"><p>[vc_row row_type=\u00a0\u00bbrow\u00a0\u00bb use_row_as_full_screen_section=\u00a0\u00bbno\u00a0\u00bb type=\u00a0\u00bbgrid\u00a0\u00bb angled_section=\u00a0\u00bbno\u00a0\u00bb text_align=\u00a0\u00bbleft\u00a0\u00bb background_image_as_pattern=\u00a0\u00bbwithout_pattern\u00a0\u00bb css_animation=\u00a0\u00bb\u00a0\u00bb][vc_column width=\u00a0\u00bb1\/2&Prime;][vc_column_text]<strong>Le syst\u00e8me de soutien du vide sanitaire de 911 Fondation, votre expert en r\u00e9paration de fondation et imperm\u00e9abilisation<\/strong><\/p>\n<p>Acier galvanis\u00e9, poteaux de soutien du vide sanitaire ajustable<\/p>\n<p style=\"text-align: justify;\">Un certain nombre de dommages structurels et cosm\u00e9tiques peut \u00eatre caus\u00e9 par les colonnes de d\u00e9cantation ou des poutres affaiss\u00e9s et solives de plancher dans votre vide sanitaire. Quand les vides sanitaires sont construits, ils font partie de la structure portante. Ceci dit, les soins doivent \u00eatre prises pour concevoir le vide sanitaire pour tenir tout ce qui est au-dessus de celui-ci. Soit imm\u00e9diatement ou lentement au fil du temps, la conception structurale insuffisante, les sols de fondation soutenant faiblement les colonnes de support de vide sanitaire, et les solives de plancher d&rsquo;affaiblissement d\u00fb \u00e0 l&rsquo;humidit\u00e9 et la pourriture du bois dans le vide sanitaire, vont causer des probl\u00e8mes structurels et cosm\u00e9tiques qui doivent \u00eatre corrig\u00e9s.<\/p>\n<p>[\/vc_column_text][\/vc_column][vc_column width=\u00a0\u00bb1\/2&Prime;][vc_empty_space height=\u00a0\u00bb112px\u00a0\u00bb][vc_empty_space height=\u00a0\u00bb112px\u00a0\u00bb][vc_single_image image=\u00a0\u00bb2492&Prime; img_size=\u00a0\u00bbfull\u00a0\u00bb alignment=\u00a0\u00bbcenter\u00a0\u00bb qode_css_animation=\u00a0\u00bb\u00a0\u00bb][\/vc_column][\/vc_row][vc_row row_type=\u00a0\u00bbrow\u00a0\u00bb use_row_as_full_screen_section=\u00a0\u00bbno\u00a0\u00bb type=\u00a0\u00bbfull_width\u00a0\u00bb angled_section=\u00a0\u00bbno\u00a0\u00bb text_align=\u00a0\u00bbleft\u00a0\u00bb background_image_as_pattern=\u00a0\u00bbwithout_pattern\u00a0\u00bb css_animation=\u00a0\u00bb\u00a0\u00bb][vc_column][vc_empty_space height=\u00a0\u00bb112px\u00a0\u00bb][\/vc_column][\/vc_row][vc_row row_type=\u00a0\u00bbrow\u00a0\u00bb use_row_as_full_screen_section=\u00a0\u00bbno\u00a0\u00bb type=\u00a0\u00bbgrid\u00a0\u00bb angled_section=\u00a0\u00bbno\u00a0\u00bb text_align=\u00a0\u00bbleft\u00a0\u00bb background_image_as_pattern=\u00a0\u00bbwithout_pattern\u00a0\u00bb css_animation=\u00a0\u00bb\u00a0\u00bb][vc_column width=\u00a0\u00bb1\/2&Prime;][vc_single_image image=\u00a0\u00bb2493&Prime; img_size=\u00a0\u00bbfull\u00a0\u00bb alignment=\u00a0\u00bbcenter\u00a0\u00bb qode_css_animation=\u00a0\u00bb\u00a0\u00bb][\/vc_column][vc_column width=\u00a0\u00bb1\/2&Prime;][vc_column_text]<strong>Le syst\u00e8me de renforcement de 911 Fondation, votre expert en r\u00e9paration de fondation et imperm\u00e9abilisation, est la r\u00e9ponse !<\/strong><\/p>\n<p style=\"text-align: justify;\">Nous offrons un syst\u00e8me ajustable, un syst\u00e8me de soutien suppl\u00e9mentaire des vides sanitaires, pour stabiliser et potentiellement soulever les solives ou les poutres du plancher d\u00e9fectueux.<\/p>\n<p>[\/vc_column_text][\/vc_column][\/vc_row][vc_row row_type=\u00a0\u00bbrow\u00a0\u00bb use_row_as_full_screen_section=\u00a0\u00bbno\u00a0\u00bb type=\u00a0\u00bbfull_width\u00a0\u00bb angled_section=\u00a0\u00bbno\u00a0\u00bb text_align=\u00a0\u00bbleft\u00a0\u00bb background_image_as_pattern=\u00a0\u00bbwithout_pattern\u00a0\u00bb css_animation=\u00a0\u00bb\u00a0\u00bb][vc_column][vc_empty_space height=\u00a0\u00bb52px\u00a0\u00bb][\/vc_column][\/vc_row][vc_row row_type=\u00a0\u00bbrow\u00a0\u00bb use_row_as_full_screen_section=\u00a0\u00bbno\u00a0\u00bb type=\u00a0\u00bbgrid\u00a0\u00bb angled_section=\u00a0\u00bbno\u00a0\u00bb text_align=\u00a0\u00bbleft\u00a0\u00bb background_image_as_pattern=\u00a0\u00bbwithout_pattern\u00a0\u00bb css_animation=\u00a0\u00bb\u00a0\u00bb][vc_column][vc_column_text]<strong>Le syst\u00e8me de 911 Fondation, votre expert en r\u00e9paration de fondation et imperm\u00e9abilisation, pour lever votre vide sanitaire<\/strong><\/p>\n<p>Ce syst\u00e8me repose sur une base de b\u00e9ton solide qui est plac\u00e9 sur un remblai d&rsquo;ing\u00e9nierie. Ensuite, une colonne r\u00e9glable, lourde, et en acier robuste est fix\u00e9e \u00e0 la fois sur la base en b\u00e9ton et au fond de la poutre ou des solives en dessus. Le syst\u00e8me de soul\u00e8vement de 911 Fondation, votre expert en r\u00e9paration de fondation et imperm\u00e9abilisation, lui permet de supporter sa charge. Dans de nombreux cas, il peut soulever les planchers et les murs jusqu\u2019\u00e0 atteindre l&rsquo;int\u00e9grit\u00e9 d&rsquo;un espace de vie.<\/p>\n<p>L\u2019installation du syst\u00e8me de soul\u00e8vement de 911 Fondation, votre expert en r\u00e9paration de fondation et imperm\u00e9abilisation, est id\u00e9ale car ce syst\u00e8me ne n\u00e9cessite pas de temps d&rsquo;attente pour que le b\u00e9ton durcisse. Il peut \u00eatre install\u00e9 dans des endroits serr\u00e9s, et on peut l\u2019installer compl\u00e8tement en une seule journ\u00e9e. En outre, notre syst\u00e8me de soul\u00e8vement peut supporter des charges verticales d\u00e9passant 60.000 livres, ce qui est sensiblement plus lourd que les colonnes en b\u00e9ton traditionnels qu\u2019on peut trouver dans la plupart des vides sanitaires.<\/p>\n<p>Le syst\u00e8me de soul\u00e8vement de 911 Fondation, votre expert en r\u00e9paration de fondation et imperm\u00e9abilisation, est con\u00e7u sp\u00e9cifiquement pour les probl\u00e8mes structurels caus\u00e9s par des fondations dans les vides sanitaires. N\u2019attendez pas d\u2019avoir les probl\u00e8mes de planchers, de fissures de cloisons s\u00e8ches en pente, et \/ ou l&rsquo;affaissement des poutres ou des olives de plancher. Prenez l\u2019Ascenseur avec le syst\u00e8me de soul\u00e8vement de 911 Fondation, votre expert en r\u00e9paration de fondation et imperm\u00e9abilisation, ! C\u2019est la solution id\u00e9ale ! Contactez-nous pour un devis gratuit de r\u00e9paration de votre vide sanitaire gratuit d\u00e8s aujourd&rsquo;hui ![\/vc_column_text][\/vc_column][\/vc_row]<\/p>\n<\/div>","protected":false},"excerpt":{"rendered":"<p>[vc_row row_type=\u00a0\u00bbrow\u00a0\u00bb use_row_as_full_screen_section=\u00a0\u00bbno\u00a0\u00bb type=\u00a0\u00bbgrid\u00a0\u00bb angled_section=\u00a0\u00bbno\u00a0\u00bb text_align=\u00a0\u00bbleft\u00a0\u00bb background_image_as_pattern=\u00a0\u00bbwithout_pattern\u00a0\u00bb css_animation=\u00a0\u00bb\u00a0\u00bb][vc_column width=\u00a0\u00bb1\/2&Prime;][vc_column_text]Le syst\u00e8me de soutien du vide sanitaire de 911 Fondation, votre expert&#8230;<\/p>\n","protected":false},"author":1,"featured_media":0,"parent":2562,"menu_order":0,"comment_status":"closed","ping_status":"closed","template":"full_width.php","meta":{"inline_featured_image":false,"footnotes":""},"class_list":["post-2534","page","type-page","status-publish","hentry"],"yoast_head":"<!-- This site is optimized with the Yoast SEO plugin v26.3 - https:\/\/yoast.com\/wordpress\/plugins\/seo\/ -->\n<title>Soutien du vide sanitaire - 911 Fondation<\/title>\n<meta name=\"robots\" content=\"index, follow, max-snippet:-1, max-image-preview:large, max-video-preview:-1\" \/>\n<link rel=\"canonical\" href=\"https:\/\/911fondation.com\/fr\/fondation\/soutien-du-vide-sanitaire\/\" \/>\n<meta property=\"og:locale\" content=\"fr_FR\" \/>\n<meta property=\"og:type\" content=\"article\" \/>\n<meta property=\"og:title\" content=\"Soutien du vide sanitaire - 911 Fondation\" \/>\n<meta property=\"og:description\" content=\"[vc_row row_type=\u00a0\u00bbrow\u00a0\u00bb use_row_as_full_screen_section=\u00a0\u00bbno\u00a0\u00bb type=\u00a0\u00bbgrid\u00a0\u00bb angled_section=\u00a0\u00bbno\u00a0\u00bb text_align=\u00a0\u00bbleft\u00a0\u00bb background_image_as_pattern=\u00a0\u00bbwithout_pattern\u00a0\u00bb css_animation=\u00a0\u00bb\u00a0\u00bb][vc_column width=\u00a0\u00bb1\/2&Prime;][vc_column_text]Le syst\u00e8me de soutien du vide sanitaire de 911 Fondation, votre expert...\" \/>\n<meta property=\"og:url\" content=\"https:\/\/911fondation.com\/fr\/fondation\/soutien-du-vide-sanitaire\/\" \/>\n<meta property=\"og:site_name\" content=\"911 Fondation\" \/>\n<meta property=\"article:modified_time\" content=\"2016-07-25T15:23:12+00:00\" \/>\n<meta property=\"og:image\" content=\"https:\/\/911fondation.com\/wp-content\/uploads\/2016\/06\/911fondation.jpg\" \/>\n\t<meta property=\"og:image:width\" content=\"350\" \/>\n\t<meta property=\"og:image:height\" content=\"250\" \/>\n\t<meta property=\"og:image:type\" content=\"image\/jpeg\" \/>\n<meta name=\"twitter:card\" content=\"summary_large_image\" \/>\n<meta name=\"twitter:label1\" content=\"Dur\u00e9e de lecture estim\u00e9e\" \/>\n\t<meta name=\"twitter:data1\" content=\"4 minutes\" \/>\n<script type=\"application\/ld+json\" class=\"yoast-schema-graph\">{\"@context\":\"https:\/\/schema.org\",\"@graph\":[{\"@type\":\"WebPage\",\"@id\":\"https:\/\/911fondation.com\/fr\/fondation\/soutien-du-vide-sanitaire\/\",\"url\":\"https:\/\/911fondation.com\/fr\/fondation\/soutien-du-vide-sanitaire\/\",\"name\":\"Soutien du vide sanitaire - 911 Fondation\",\"isPartOf\":{\"@id\":\"https:\/\/911fondation.com\/#website\"},\"datePublished\":\"2016-07-25T15:21:53+00:00\",\"dateModified\":\"2016-07-25T15:23:12+00:00\",\"breadcrumb\":{\"@id\":\"https:\/\/911fondation.com\/fr\/fondation\/soutien-du-vide-sanitaire\/#breadcrumb\"},\"inLanguage\":\"fr-FR\",\"potentialAction\":[{\"@type\":\"ReadAction\",\"target\":[\"https:\/\/911fondation.com\/fr\/fondation\/soutien-du-vide-sanitaire\/\"]}]},{\"@type\":\"BreadcrumbList\",\"@id\":\"https:\/\/911fondation.com\/fr\/fondation\/soutien-du-vide-sanitaire\/#breadcrumb\",\"itemListElement\":[{\"@type\":\"ListItem\",\"position\":1,\"name\":\"Home\",\"item\":\"https:\/\/911fondation.com\/fr\/\"},{\"@type\":\"ListItem\",\"position\":2,\"name\":\"Fondation\",\"item\":\"https:\/\/911fondation.com\/fr\/fondation\/\"},{\"@type\":\"ListItem\",\"position\":3,\"name\":\"Soutien du vide sanitaire\"}]},{\"@type\":\"WebSite\",\"@id\":\"https:\/\/911fondation.com\/#website\",\"url\":\"https:\/\/911fondation.com\/\",\"name\":\"911 Fondation\",\"description\":\"Repair and Waterproofing\",\"potentialAction\":[{\"@type\":\"SearchAction\",\"target\":{\"@type\":\"EntryPoint\",\"urlTemplate\":\"https:\/\/911fondation.com\/?s={search_term_string}\"},\"query-input\":{\"@type\":\"PropertyValueSpecification\",\"valueRequired\":true,\"valueName\":\"search_term_string\"}}],\"inLanguage\":\"fr-FR\"}]}<\/script>\n<!-- \/ Yoast SEO plugin. -->","yoast_head_json":{"title":"Soutien du vide sanitaire - 911 Fondation","robots":{"index":"index","follow":"follow","max-snippet":"max-snippet:-1","max-image-preview":"max-image-preview:large","max-video-preview":"max-video-preview:-1"},"canonical":"https:\/\/911fondation.com\/fr\/fondation\/soutien-du-vide-sanitaire\/","og_locale":"fr_FR","og_type":"article","og_title":"Soutien du vide sanitaire - 911 Fondation","og_description":"[vc_row row_type=\u00a0\u00bbrow\u00a0\u00bb use_row_as_full_screen_section=\u00a0\u00bbno\u00a0\u00bb type=\u00a0\u00bbgrid\u00a0\u00bb angled_section=\u00a0\u00bbno\u00a0\u00bb text_align=\u00a0\u00bbleft\u00a0\u00bb background_image_as_pattern=\u00a0\u00bbwithout_pattern\u00a0\u00bb css_animation=\u00a0\u00bb\u00a0\u00bb][vc_column width=\u00a0\u00bb1\/2&Prime;][vc_column_text]Le syst\u00e8me de soutien du vide sanitaire de 911 Fondation, votre expert...","og_url":"https:\/\/911fondation.com\/fr\/fondation\/soutien-du-vide-sanitaire\/","og_site_name":"911 Fondation","article_modified_time":"2016-07-25T15:23:12+00:00","og_image":[{"width":350,"height":250,"url":"https:\/\/911fondation.com\/wp-content\/uploads\/2016\/06\/911fondation.jpg","type":"image\/jpeg"}],"twitter_card":"summary_large_image","twitter_misc":{"Dur\u00e9e de lecture estim\u00e9e":"4 minutes"},"schema":{"@context":"https:\/\/schema.org","@graph":[{"@type":"WebPage","@id":"https:\/\/911fondation.com\/fr\/fondation\/soutien-du-vide-sanitaire\/","url":"https:\/\/911fondation.com\/fr\/fondation\/soutien-du-vide-sanitaire\/","name":"Soutien du vide sanitaire - 911 Fondation","isPartOf":{"@id":"https:\/\/911fondation.com\/#website"},"datePublished":"2016-07-25T15:21:53+00:00","dateModified":"2016-07-25T15:23:12+00:00","breadcrumb":{"@id":"https:\/\/911fondation.com\/fr\/fondation\/soutien-du-vide-sanitaire\/#breadcrumb"},"inLanguage":"fr-FR","potentialAction":[{"@type":"ReadAction","target":["https:\/\/911fondation.com\/fr\/fondation\/soutien-du-vide-sanitaire\/"]}]},{"@type":"BreadcrumbList","@id":"https:\/\/911fondation.com\/fr\/fondation\/soutien-du-vide-sanitaire\/#breadcrumb","itemListElement":[{"@type":"ListItem","position":1,"name":"Home","item":"https:\/\/911fondation.com\/fr\/"},{"@type":"ListItem","position":2,"name":"Fondation","item":"https:\/\/911fondation.com\/fr\/fondation\/"},{"@type":"ListItem","position":3,"name":"Soutien du vide sanitaire"}]},{"@type":"WebSite","@id":"https:\/\/911fondation.com\/#website","url":"https:\/\/911fondation.com\/","name":"911 Fondation","description":"Repair and Waterproofing","potentialAction":[{"@type":"SearchAction","target":{"@type":"EntryPoint","urlTemplate":"https:\/\/911fondation.com\/?s={search_term_string}"},"query-input":{"@type":"PropertyValueSpecification","valueRequired":true,"valueName":"search_term_string"}}],"inLanguage":"fr-FR"}]}},"_links":{"self":[{"href":"https:\/\/911fondation.com\/fr\/wp-json\/wp\/v2\/pages\/2534","targetHints":{"allow":["GET"]}}],"collection":[{"href":"https:\/\/911fondation.com\/fr\/wp-json\/wp\/v2\/pages"}],"about":[{"href":"https:\/\/911fondation.com\/fr\/wp-json\/wp\/v2\/types\/page"}],"author":[{"embeddable":true,"href":"https:\/\/911fondation.com\/fr\/wp-json\/wp\/v2\/users\/1"}],"replies":[{"embeddable":true,"href":"https:\/\/911fondation.com\/fr\/wp-json\/wp\/v2\/comments?post=2534"}],"version-history":[{"count":2,"href":"https:\/\/911fondation.com\/fr\/wp-json\/wp\/v2\/pages\/2534\/revisions"}],"predecessor-version":[{"id":2536,"href":"https:\/\/911fondation.com\/fr\/wp-json\/wp\/v2\/pages\/2534\/revisions\/2536"}],"up":[{"embeddable":true,"href":"https:\/\/911fondation.com\/fr\/wp-json\/wp\/v2\/pages\/2562"}],"wp:attachment":[{"href":"https:\/\/911fondation.com\/fr\/wp-json\/wp\/v2\/media?parent=2534"}],"curies":[{"name":"wp","href":"https:\/\/api.w.org\/{rel}","templated":true}]}}