{"id":2532,"date":"2016-07-25T15:05:53","date_gmt":"2016-07-25T15:05:53","guid":{"rendered":"http:\/\/911fondation.com\/fr\/?page_id=2532"},"modified":"2016-07-25T15:05:53","modified_gmt":"2016-07-25T15:05:53","slug":"reparation-des-structures","status":"publish","type":"page","link":"https:\/\/911fondation.com\/fr\/fondation\/reparation-des-structures\/","title":{"rendered":"R\u00e9paration des structures"},"content":{"rendered":"<div class=\"wpb-content-wrapper\"><p>[vc_row row_type=\u00a0\u00bbrow\u00a0\u00bb use_row_as_full_screen_section=\u00a0\u00bbno\u00a0\u00bb type=\u00a0\u00bbgrid\u00a0\u00bb angled_section=\u00a0\u00bbno\u00a0\u00bb text_align=\u00a0\u00bbleft\u00a0\u00bb background_image_as_pattern=\u00a0\u00bbwithout_pattern\u00a0\u00bb css_animation=\u00a0\u00bb\u00a0\u00bb][vc_column width=\u00a0\u00bb1\/2&Prime;][vc_column_text]<strong>R\u00e9paration et renforcement des murs<\/strong><\/p>\n<p><strong>Corriger les probl\u00e8mes d&rsquo;inclinaison des murs de fondation rapidement pour permettre la finition sous-sol<\/strong><\/p>\n<p style=\"text-align: justify;\">911 Fondation, votre expert en r\u00e9paration de fondation et imperm\u00e9abilisation, poss\u00e8de une vaste exp\u00e9rience pour r\u00e9parer les murs de fondation inclin\u00e9s. Nos experts certifi\u00e9s en fondation ont des solutions \u00e9prouv\u00e9es pour faire toutes sortes de r\u00e9parations de fondation, y compris le redressement des murs de fondation. L&rsquo;inclinaison des murs de sous-sol qui montrent des signes d&rsquo;abaissement peut empirer au fil du temps et cela doit \u00eatre r\u00e9par\u00e9 avant de finir le sous-sol.<\/p>\n<p>[\/vc_column_text][\/vc_column][vc_column width=\u00a0\u00bb1\/2&Prime;][vc_empty_space height=\u00a0\u00bb112px\u00a0\u00bb][vc_empty_space height=\u00a0\u00bb112px\u00a0\u00bb][vc_single_image image=\u00a0\u00bb2488&Prime; img_size=\u00a0\u00bbfull\u00a0\u00bb alignment=\u00a0\u00bbcenter\u00a0\u00bb qode_css_animation=\u00a0\u00bb\u00a0\u00bb][\/vc_column][\/vc_row][vc_row row_type=\u00a0\u00bbrow\u00a0\u00bb use_row_as_full_screen_section=\u00a0\u00bbno\u00a0\u00bb type=\u00a0\u00bbgrid\u00a0\u00bb angled_section=\u00a0\u00bbno\u00a0\u00bb text_align=\u00a0\u00bbleft\u00a0\u00bb background_image_as_pattern=\u00a0\u00bbwithout_pattern\u00a0\u00bb css_animation=\u00a0\u00bb\u00a0\u00bb][vc_column][vc_column_text]<\/p>\n<p style=\"text-align: justify;\">911 Fondation, votre expert en r\u00e9paration de fondation et imperm\u00e9abilisation, offre gratuitement des estimations pour la r\u00e9paration des murs de fondation sans obligation d\u2019achat en Outaouais, en Ontario et dans les r\u00e9gions avoisinantes. Nos experts en r\u00e9paration de fondation peuvent parler avec vous sur les options pour restaurer rapidement et efficacement votre mur de fondation et lui offrir son alignement rectiligne d\u2019origine. Contactez-nous d\u00e8s aujourd&rsquo;hui pour planifier votre rendez-vous et pour obtenir un devis gratuit !<\/p>\n<p>[\/vc_column_text][\/vc_column][\/vc_row][vc_row row_type=\u00a0\u00bbrow\u00a0\u00bb use_row_as_full_screen_section=\u00a0\u00bbno\u00a0\u00bb type=\u00a0\u00bbgrid\u00a0\u00bb angled_section=\u00a0\u00bbno\u00a0\u00bb text_align=\u00a0\u00bbleft\u00a0\u00bb background_image_as_pattern=\u00a0\u00bbwithout_pattern\u00a0\u00bb css_animation=\u00a0\u00bb\u00a0\u00bb][vc_column width=\u00a0\u00bb1\/2&Prime;][vc_empty_space height=\u00a0\u00bb212px\u00a0\u00bb][vc_single_image image=\u00a0\u00bb2489&Prime; img_size=\u00a0\u00bbfull\u00a0\u00bb alignment=\u00a0\u00bbcenter\u00a0\u00bb qode_css_animation=\u00a0\u00bb\u00a0\u00bb][\/vc_column][vc_column width=\u00a0\u00bb1\/2&Prime;][vc_column_text]<strong>Quelles sont les causes de l\u2019inclinaison des murs de fondation ?<\/strong><\/p>\n<p>Le sol autour de votre maison de fondation peut placer beaucoup de pression sur vos murs du sous-sol. Cette pression varie en fonction des types de sols qui sont pr\u00e9sents, la quantit\u00e9 d&rsquo;humidit\u00e9 dans le sol, et dans quelle mesure votre fondation souterraine se prolonge. D&rsquo;autres facteurs, tels que la pression hydrostatique, les sols argileux expansifs, le gel, les syst\u00e8mes de goutti\u00e8res inappropri\u00e9es, et les sols mal class\u00e9s peuvent \u00e9galement contribuer \u00e0 des probl\u00e8mes de fondation. Alors il y a une pression constante poussant vers la base de la fondation alors qu\u2019il n&rsquo;y a pas de pression dans l\u2019autre sens ! Si la pression ext\u00e9rieure est sup\u00e9rieure \u00e0 la force de vos murs, les murs commencent \u00e0 s\u2019affaiblir. Des fissures dans la ma\u00e7onnerie sont g\u00e9n\u00e9ralement le premier signe de l&rsquo;affaiblissement de la paroi. Ensuite, des sections du mur peuvent r\u00e9ellement commencer \u00e0 bouger, formant un arc vers l&rsquo;int\u00e9rieur. Si rien n\u2019est fait, ces dommages ne feront qu&#8217;empirer et cela peut m\u00eame entra\u00eener l\u2019effondrement des murs.[\/vc_column_text][\/vc_column][\/vc_row][vc_row row_type=\u00a0\u00bbrow\u00a0\u00bb use_row_as_full_screen_section=\u00a0\u00bbno\u00a0\u00bb type=\u00a0\u00bbgrid\u00a0\u00bb angled_section=\u00a0\u00bbno\u00a0\u00bb text_align=\u00a0\u00bbleft\u00a0\u00bb background_image_as_pattern=\u00a0\u00bbwithout_pattern\u00a0\u00bb css_animation=\u00a0\u00bb\u00a0\u00bb][vc_column][vc_column_text]<\/p>\n<p style=\"text-align: justify;\">La bonne nouvelle est que les dommages sur la fondation mentionn\u00e9s ci-dessus peuvent \u00eatre r\u00e9par\u00e9s en utilisant des techniques \u00e9prouv\u00e9es, de longue dur\u00e9e qui sont beaucoup plus abordables que de remplacer enti\u00e8rement la fondation. Nous utilisons souvent un syst\u00e8me d&rsquo;ancrage mural pour stabiliser les murs. Une fois qu\u2019une s\u00e9rie de ces chevilles a \u00e9t\u00e9 install\u00e9e, le syst\u00e8me peut \u00eatre serr\u00e9 progressivement pour rendre aux murs endommag\u00e9s l&rsquo;orientation d&rsquo;aplomb d&rsquo;origine.<\/p>\n<p>Dans certains cas, les propri\u00e9taires veulent vouloir redresser imm\u00e9diatement les murs, par opposition \u00e0 le faire progressivement, de sorte que tout ou partie du sous-sol puisse \u00eatre finie. Peut-\u00eatre qu\u2019ils veulent corriger des probl\u00e8mes de murs de fondation pour que la maison soit mise sur le march\u00e9. Peu importe la raison, les murs du sous-sol peuvent \u00eatre excav\u00e9s et redress\u00e9s imm\u00e9diatement plut\u00f4t que d&rsquo;attendre pour le faire progressivement.<\/p>\n<p>[\/vc_column_text][\/vc_column][\/vc_row][vc_row row_type=\u00a0\u00bbrow\u00a0\u00bb use_row_as_full_screen_section=\u00a0\u00bbno\u00a0\u00bb type=\u00a0\u00bbfull_width\u00a0\u00bb angled_section=\u00a0\u00bbno\u00a0\u00bb text_align=\u00a0\u00bbleft\u00a0\u00bb background_image_as_pattern=\u00a0\u00bbwithout_pattern\u00a0\u00bb css_animation=\u00a0\u00bb\u00a0\u00bb][vc_column][vc_empty_space height=\u00a0\u00bb82px\u00a0\u00bb][\/vc_column][\/vc_row][vc_row row_type=\u00a0\u00bbrow\u00a0\u00bb use_row_as_full_screen_section=\u00a0\u00bbno\u00a0\u00bb type=\u00a0\u00bbgrid\u00a0\u00bb angled_section=\u00a0\u00bbno\u00a0\u00bb text_align=\u00a0\u00bbleft\u00a0\u00bb background_image_as_pattern=\u00a0\u00bbwithout_pattern\u00a0\u00bb css_animation=\u00a0\u00bb\u00a0\u00bb][vc_column width=\u00a0\u00bb1\/2&Prime;][vc_column_text]<strong>R\u00e9paration et renforcement des murs de fondation<\/strong><\/p>\n<p>911 Fondation, votre expert en r\u00e9paration de fondation et imperm\u00e9abilisation, recommande de corriger les dommages caus\u00e9s aux murs de fondation avec le syst\u00e8me d&rsquo;ancrage. Notre syst\u00e8me de r\u00e9paration des murs de fondation est actuellement utilis\u00e9 comme une solution garantie qui r\u00e9pare de fa\u00e7on permanente les d\u00e9fauts des murs de fondation.[\/vc_column_text][\/vc_column][vc_column width=\u00a0\u00bb1\/2&Prime;][vc_single_image image=\u00a0\u00bb2490&Prime; img_size=\u00a0\u00bbfull\u00a0\u00bb alignment=\u00a0\u00bbcenter\u00a0\u00bb qode_css_animation=\u00a0\u00bb\u00a0\u00bb][\/vc_column][\/vc_row][vc_row row_type=\u00a0\u00bbrow\u00a0\u00bb use_row_as_full_screen_section=\u00a0\u00bbno\u00a0\u00bb type=\u00a0\u00bbgrid\u00a0\u00bb angled_section=\u00a0\u00bbno\u00a0\u00bb text_align=\u00a0\u00bbleft\u00a0\u00bb background_image_as_pattern=\u00a0\u00bbwithout_pattern\u00a0\u00bb css_animation=\u00a0\u00bb\u00a0\u00bb][vc_column][vc_column_text]<strong>Excaver autour du p\u00e9rim\u00e8tre de la fondation<\/strong><\/p>\n<p>\u00c0 droite, voici un exemple d&rsquo;une fondation qui a un grave probl\u00e8me du sol autour du mur de la fondation. Notez l&rsquo;inclinaison s\u00e9v\u00e8re vers l&rsquo;int\u00e9rieur de la paroi en raison de la pression du sol. Pour soulager la pression subie par vos murs de fondation et l&rsquo;humidit\u00e9 des sols d&rsquo;ext\u00e9rieur, nous commen\u00e7ons le processus de redressement du mur en creusant autour de la fondation.<br \/>\nL\u2019excavation ext\u00e9rieure est seulement n\u00e9cessaire lorsque les murs de fondation doivent \u00eatre redress\u00e9s tout de suite, par exemple, lorsque les murs sont dangereusement endommag\u00e9s, ou si vous avez pr\u00e9vu de finir le sous-sol. Dans les sc\u00e9narios normaux, cette \u00e9tape est une partie n\u00e9cessaire de toutes les installations du syst\u00e8me d&rsquo;ancrage muraux de 911 Fondation, votre expert en r\u00e9paration de fondation et imperm\u00e9abilisation.<\/p>\n<p><strong>Positionner l&rsquo;ancre de terre<\/strong><\/p>\n<p>Sur la partie externe de la fondation, une section du gazon est soigneusement et temporairement coup\u00e9e \u00e0 chaque emplacement d&rsquo;ancrage de la terre. Les travailleurs creusent un trou pour chaque ancre. Cette ancre de terre est faite d\u2019acier galvanis\u00e9 de haute qualit\u00e9 pour r\u00e9sister \u00e0 la corrosion. Elle comprend une garantie de 25 ans contre les d\u00e9fauts de fabrication, ainsi que notre propre garantie interne de la qualit\u00e9 et de performance. Chaque ancre de terre a un trou central pour fixer la tige d&rsquo;ancrage qui sera install\u00e9e \u00e0 l&rsquo;\u00e9tape suivante.<\/p>\n<p><strong>Pr\u00e9parer le mur de fondation<\/strong><\/p>\n<p>Ensuite, nous creusons un petit trou dans votre mur de fondation pour que la tige d&rsquo;ancrage en acier s\u2019y prolonge. On roule la tige d&rsquo;ancrage dans le sol jusqu&rsquo;\u00e0 ce qu&rsquo;elle puisse \u00eatre attach\u00e9e \u00e0 l&rsquo;ancre de terre. Une technique de notre syst\u00e8me d&rsquo;ancrage de paroi, sup\u00e9rieure \u00e0 d&rsquo;autres m\u00e9thodes, consiste \u00e0 creuser un petit trou dans le mur de la fondation (seulement 1 pouce de diam\u00e8tre). D&rsquo;autres proc\u00e9d\u00e9s peuvent n\u00e9cessiter de faire un grand trou ou d\u2019enlever une section du bloc en b\u00e9ton.<\/p>\n<p><strong>Montage des plaques murales<\/strong><\/p>\n<p>Une fois que l&rsquo;ancre de terre a \u00e9t\u00e9 fix\u00e9e sur la tige d&rsquo;ancrage, une plaque de paroi en acier est mont\u00e9e sur la tige d&rsquo;ancrage \u00e0 l&rsquo;int\u00e9rieur de la fondation. Une fois que cette \u00e9tape de l&rsquo;installation a \u00e9t\u00e9 compl\u00e9t\u00e9e pour chaque ancrage de la terre, l\u2019inclinaison vers l&rsquo;int\u00e9rieur de vos murs de fondation sera d\u00e9finitivement arr\u00eat\u00e9e. Ces chevilles peuvent maintenant \u00eatre serr\u00e9es pour continuer \u00e0 redresser et soutenir les murs de la fondation.<\/p>\n<p><strong>Redresser les murs du sous-sol<\/strong><\/p>\n<p>911 Fondation, votre expert en r\u00e9paration de fondation et imperm\u00e9abilisation, redonne aux murs de fondation leur position d&rsquo;origine. Les ancrages muraux seront serr\u00e9s et ajust\u00e9s en cons\u00e9quence et fourniront un appui \u00e0 long terme aux murs. Une fois que le mur est redress\u00e9, le trou est rempli en utilisant la terre enlev\u00e9e \u00e0 l&rsquo;\u00e9tape 1. Pour \u00e9viter une pression excessive du sol dans le futur, le gravier et le drainage peuvent \u00eatre install\u00e9s pour \u00e9viter la pression du sol en raison de l&rsquo;humidit\u00e9 excessive. Apr\u00e8s le remblayage, le paysage est soigneusement restaur\u00e9.<\/p>\n<p><strong>Nettoyage et pr\u00e9paration de sous-sol de finition<\/strong><\/p>\n<p>Tous les trous effectu\u00e9s pour l&rsquo;installation de l&rsquo;ancrage seront soigneusement bouch\u00e9s avec de la terre excav\u00e9e et compress\u00e9e m\u00e9caniquement. Votre gazon sera soigneusement remplac\u00e9 et ratiss\u00e9 pour un m\u00e9lange homog\u00e8ne avec l&rsquo;am\u00e9nagement paysager environnant. A l&rsquo;int\u00e9rieur de votre maison, toutes les plaques murales peuvent \u00eatre couvertes avec notre ancrage mural, attractif et protecteur pour les aider \u00e0 se fondre pendant la finition de votre sous-sol.<\/p>\n<p>\u00c0 911 Fondation, votre expert en r\u00e9paration de fondation et imperm\u00e9abilisation, nous sommes fiers de fournir une solution propre et \u00e9prouv\u00e9e aux propri\u00e9taires qui ont besoin de r\u00e9parer les murs de fondation. Pour vous aider \u00e0 d\u00e9cider si nous sommes le contracteur qu\u2019il vous faut, nous offrons des devis \u00e9crits et gratuits pour r\u00e9parer vos sous-sols aux propri\u00e9taires qui se trouvent dans notre de service en Outaouais et en Ontario. Contactez-nous d\u00e8s aujourd&rsquo;hui pour planifier votre rendez-vous et pour obtenir un devis gratuit ![\/vc_column_text][\/vc_column][\/vc_row]<\/p>\n<\/div>","protected":false},"excerpt":{"rendered":"<p>[vc_row row_type=\u00a0\u00bbrow\u00a0\u00bb use_row_as_full_screen_section=\u00a0\u00bbno\u00a0\u00bb type=\u00a0\u00bbgrid\u00a0\u00bb angled_section=\u00a0\u00bbno\u00a0\u00bb text_align=\u00a0\u00bbleft\u00a0\u00bb background_image_as_pattern=\u00a0\u00bbwithout_pattern\u00a0\u00bb css_animation=\u00a0\u00bb\u00a0\u00bb][vc_column width=\u00a0\u00bb1\/2&Prime;][vc_column_text]R\u00e9paration et renforcement des murs Corriger les probl\u00e8mes d&rsquo;inclinaison des murs de&#8230;<\/p>\n","protected":false},"author":1,"featured_media":0,"parent":2562,"menu_order":0,"comment_status":"closed","ping_status":"closed","template":"full_width.php","meta":{"inline_featured_image":false,"footnotes":""},"class_list":["post-2532","page","type-page","status-publish","hentry"],"yoast_head":"<!-- This site is optimized with the Yoast SEO plugin v26.3 - https:\/\/yoast.com\/wordpress\/plugins\/seo\/ -->\n<title>R\u00e9paration des structures - 911 Fondation<\/title>\n<meta name=\"robots\" content=\"index, follow, max-snippet:-1, max-image-preview:large, max-video-preview:-1\" \/>\n<link rel=\"canonical\" href=\"https:\/\/911fondation.com\/fr\/fondation\/reparation-des-structures\/\" \/>\n<meta property=\"og:locale\" content=\"fr_FR\" \/>\n<meta property=\"og:type\" content=\"article\" \/>\n<meta property=\"og:title\" content=\"R\u00e9paration des structures - 911 Fondation\" \/>\n<meta property=\"og:description\" content=\"[vc_row row_type=\u00a0\u00bbrow\u00a0\u00bb use_row_as_full_screen_section=\u00a0\u00bbno\u00a0\u00bb type=\u00a0\u00bbgrid\u00a0\u00bb angled_section=\u00a0\u00bbno\u00a0\u00bb text_align=\u00a0\u00bbleft\u00a0\u00bb background_image_as_pattern=\u00a0\u00bbwithout_pattern\u00a0\u00bb css_animation=\u00a0\u00bb\u00a0\u00bb][vc_column width=\u00a0\u00bb1\/2&Prime;][vc_column_text]R\u00e9paration et renforcement des murs Corriger les probl\u00e8mes d&rsquo;inclinaison des murs de...\" \/>\n<meta property=\"og:url\" content=\"https:\/\/911fondation.com\/fr\/fondation\/reparation-des-structures\/\" \/>\n<meta property=\"og:site_name\" content=\"911 Fondation\" \/>\n<meta property=\"og:image\" content=\"https:\/\/911fondation.com\/wp-content\/uploads\/2016\/06\/911fondation.jpg\" \/>\n\t<meta property=\"og:image:width\" content=\"350\" \/>\n\t<meta property=\"og:image:height\" content=\"250\" \/>\n\t<meta property=\"og:image:type\" content=\"image\/jpeg\" \/>\n<meta name=\"twitter:card\" content=\"summary_large_image\" \/>\n<meta name=\"twitter:label1\" content=\"Dur\u00e9e de lecture estim\u00e9e\" \/>\n\t<meta name=\"twitter:data1\" content=\"8 minutes\" \/>\n<script type=\"application\/ld+json\" class=\"yoast-schema-graph\">{\"@context\":\"https:\/\/schema.org\",\"@graph\":[{\"@type\":\"WebPage\",\"@id\":\"https:\/\/911fondation.com\/fr\/fondation\/reparation-des-structures\/\",\"url\":\"https:\/\/911fondation.com\/fr\/fondation\/reparation-des-structures\/\",\"name\":\"R\u00e9paration des structures - 911 Fondation\",\"isPartOf\":{\"@id\":\"https:\/\/911fondation.com\/#website\"},\"datePublished\":\"2016-07-25T15:05:53+00:00\",\"breadcrumb\":{\"@id\":\"https:\/\/911fondation.com\/fr\/fondation\/reparation-des-structures\/#breadcrumb\"},\"inLanguage\":\"fr-FR\",\"potentialAction\":[{\"@type\":\"ReadAction\",\"target\":[\"https:\/\/911fondation.com\/fr\/fondation\/reparation-des-structures\/\"]}]},{\"@type\":\"BreadcrumbList\",\"@id\":\"https:\/\/911fondation.com\/fr\/fondation\/reparation-des-structures\/#breadcrumb\",\"itemListElement\":[{\"@type\":\"ListItem\",\"position\":1,\"name\":\"Home\",\"item\":\"https:\/\/911fondation.com\/fr\/\"},{\"@type\":\"ListItem\",\"position\":2,\"name\":\"Fondation\",\"item\":\"https:\/\/911fondation.com\/fr\/fondation\/\"},{\"@type\":\"ListItem\",\"position\":3,\"name\":\"R\u00e9paration des structures\"}]},{\"@type\":\"WebSite\",\"@id\":\"https:\/\/911fondation.com\/#website\",\"url\":\"https:\/\/911fondation.com\/\",\"name\":\"911 Fondation\",\"description\":\"Repair and Waterproofing\",\"potentialAction\":[{\"@type\":\"SearchAction\",\"target\":{\"@type\":\"EntryPoint\",\"urlTemplate\":\"https:\/\/911fondation.com\/?s={search_term_string}\"},\"query-input\":{\"@type\":\"PropertyValueSpecification\",\"valueRequired\":true,\"valueName\":\"search_term_string\"}}],\"inLanguage\":\"fr-FR\"}]}<\/script>\n<!-- \/ Yoast SEO plugin. -->","yoast_head_json":{"title":"R\u00e9paration des structures - 911 Fondation","robots":{"index":"index","follow":"follow","max-snippet":"max-snippet:-1","max-image-preview":"max-image-preview:large","max-video-preview":"max-video-preview:-1"},"canonical":"https:\/\/911fondation.com\/fr\/fondation\/reparation-des-structures\/","og_locale":"fr_FR","og_type":"article","og_title":"R\u00e9paration des structures - 911 Fondation","og_description":"[vc_row row_type=\u00a0\u00bbrow\u00a0\u00bb use_row_as_full_screen_section=\u00a0\u00bbno\u00a0\u00bb type=\u00a0\u00bbgrid\u00a0\u00bb angled_section=\u00a0\u00bbno\u00a0\u00bb text_align=\u00a0\u00bbleft\u00a0\u00bb background_image_as_pattern=\u00a0\u00bbwithout_pattern\u00a0\u00bb css_animation=\u00a0\u00bb\u00a0\u00bb][vc_column width=\u00a0\u00bb1\/2&Prime;][vc_column_text]R\u00e9paration et renforcement des murs Corriger les probl\u00e8mes d&rsquo;inclinaison des murs de...","og_url":"https:\/\/911fondation.com\/fr\/fondation\/reparation-des-structures\/","og_site_name":"911 Fondation","og_image":[{"width":350,"height":250,"url":"https:\/\/911fondation.com\/wp-content\/uploads\/2016\/06\/911fondation.jpg","type":"image\/jpeg"}],"twitter_card":"summary_large_image","twitter_misc":{"Dur\u00e9e de lecture estim\u00e9e":"8 minutes"},"schema":{"@context":"https:\/\/schema.org","@graph":[{"@type":"WebPage","@id":"https:\/\/911fondation.com\/fr\/fondation\/reparation-des-structures\/","url":"https:\/\/911fondation.com\/fr\/fondation\/reparation-des-structures\/","name":"R\u00e9paration des structures - 911 Fondation","isPartOf":{"@id":"https:\/\/911fondation.com\/#website"},"datePublished":"2016-07-25T15:05:53+00:00","breadcrumb":{"@id":"https:\/\/911fondation.com\/fr\/fondation\/reparation-des-structures\/#breadcrumb"},"inLanguage":"fr-FR","potentialAction":[{"@type":"ReadAction","target":["https:\/\/911fondation.com\/fr\/fondation\/reparation-des-structures\/"]}]},{"@type":"BreadcrumbList","@id":"https:\/\/911fondation.com\/fr\/fondation\/reparation-des-structures\/#breadcrumb","itemListElement":[{"@type":"ListItem","position":1,"name":"Home","item":"https:\/\/911fondation.com\/fr\/"},{"@type":"ListItem","position":2,"name":"Fondation","item":"https:\/\/911fondation.com\/fr\/fondation\/"},{"@type":"ListItem","position":3,"name":"R\u00e9paration des structures"}]},{"@type":"WebSite","@id":"https:\/\/911fondation.com\/#website","url":"https:\/\/911fondation.com\/","name":"911 Fondation","description":"Repair and Waterproofing","potentialAction":[{"@type":"SearchAction","target":{"@type":"EntryPoint","urlTemplate":"https:\/\/911fondation.com\/?s={search_term_string}"},"query-input":{"@type":"PropertyValueSpecification","valueRequired":true,"valueName":"search_term_string"}}],"inLanguage":"fr-FR"}]}},"_links":{"self":[{"href":"https:\/\/911fondation.com\/fr\/wp-json\/wp\/v2\/pages\/2532","targetHints":{"allow":["GET"]}}],"collection":[{"href":"https:\/\/911fondation.com\/fr\/wp-json\/wp\/v2\/pages"}],"about":[{"href":"https:\/\/911fondation.com\/fr\/wp-json\/wp\/v2\/types\/page"}],"author":[{"embeddable":true,"href":"https:\/\/911fondation.com\/fr\/wp-json\/wp\/v2\/users\/1"}],"replies":[{"embeddable":true,"href":"https:\/\/911fondation.com\/fr\/wp-json\/wp\/v2\/comments?post=2532"}],"version-history":[{"count":1,"href":"https:\/\/911fondation.com\/fr\/wp-json\/wp\/v2\/pages\/2532\/revisions"}],"predecessor-version":[{"id":2533,"href":"https:\/\/911fondation.com\/fr\/wp-json\/wp\/v2\/pages\/2532\/revisions\/2533"}],"up":[{"embeddable":true,"href":"https:\/\/911fondation.com\/fr\/wp-json\/wp\/v2\/pages\/2562"}],"wp:attachment":[{"href":"https:\/\/911fondation.com\/fr\/wp-json\/wp\/v2\/media?parent=2532"}],"curies":[{"name":"wp","href":"https:\/\/api.w.org\/{rel}","templated":true}]}}