{"id":2530,"date":"2016-07-25T14:57:28","date_gmt":"2016-07-25T14:57:28","guid":{"rendered":"http:\/\/911fondation.com\/fr\/?page_id=2530"},"modified":"2016-07-25T14:58:40","modified_gmt":"2016-07-25T14:58:40","slug":"inspection-de-tuile-poreuse","status":"publish","type":"page","link":"https:\/\/911fondation.com\/fr\/fondation\/inspection-de-tuile-poreuse\/","title":{"rendered":"Inspection de tuile poreuse"},"content":{"rendered":"<div class=\"wpb-content-wrapper\"><p>[vc_row row_type=\u00a0\u00bbrow\u00a0\u00bb use_row_as_full_screen_section=\u00a0\u00bbno\u00a0\u00bb type=\u00a0\u00bbgrid\u00a0\u00bb angled_section=\u00a0\u00bbno\u00a0\u00bb text_align=\u00a0\u00bbleft\u00a0\u00bb background_image_as_pattern=\u00a0\u00bbwithout_pattern\u00a0\u00bb css_animation=\u00a0\u00bb\u00a0\u00bb][vc_column width=\u00a0\u00bb1\/2&Prime;][vc_column_text]<\/p>\n<p style=\"text-align: justify;\">Remplacement de tuile poreuse<\/p>\n<p style=\"text-align: justify;\">La plupart des vieilles maisons ont construites en utilisant des tuiles en argile, puis avec du b\u00e9ton, avant que le drainage en plastique ne soit la nouvelle norme. Pour la plupart des cas, ce syst\u00e8me a bien fonctionn\u00e9 pendant de nombreuses ann\u00e9es, mais son esp\u00e9rance de vie a des limites importantes. L\u2019enl\u00e8vement et le remplacement sont vraiment la m\u00e9thode la plus efficace pour r\u00e9parer les vieilles tuiles poreuses endommag\u00e9es. Cela n\u00e9cessite de creuser le sol \u00e0 l&rsquo;ext\u00e9rieur jusqu\u2019au plancher, d\u2019enlever le sol et la vieille tuile et la remplacer par un nouveau drainage des tuyaux en plastique perfor\u00e9. Par cons\u00e9quent, les fissures peuvent \u00eatre bouch\u00e9es et une nouvelle membrane d\u2019imperm\u00e9abilisation est install\u00e9e pour veiller \u00e0 ce que l&rsquo;infiltration s\u2019arr\u00eate.<\/p>\n<p>[\/vc_column_text][\/vc_column][vc_column width=\u00a0\u00bb1\/2&Prime;][vc_empty_space height=\u00a0\u00bb112px\u00a0\u00bb][vc_empty_space height=\u00a0\u00bb62px\u00a0\u00bb][vc_single_image image=\u00a0\u00bb2479&Prime; img_size=\u00a0\u00bbfull\u00a0\u00bb alignment=\u00a0\u00bbcenter\u00a0\u00bb qode_css_animation=\u00a0\u00bb\u00a0\u00bb][\/vc_column][\/vc_row][vc_row row_type=\u00a0\u00bbrow\u00a0\u00bb use_row_as_full_screen_section=\u00a0\u00bbno\u00a0\u00bb type=\u00a0\u00bbgrid\u00a0\u00bb angled_section=\u00a0\u00bbno\u00a0\u00bb text_align=\u00a0\u00bbleft\u00a0\u00bb background_image_as_pattern=\u00a0\u00bbwithout_pattern\u00a0\u00bb css_animation=\u00a0\u00bb\u00a0\u00bb][vc_column width=\u00a0\u00bb1\/2&Prime;][vc_empty_space height=\u00a0\u00bb112px\u00a0\u00bb][vc_empty_space height=\u00a0\u00bb62px\u00a0\u00bb][vc_single_image image=\u00a0\u00bb2480&Prime; img_size=\u00a0\u00bbfull\u00a0\u00bb alignment=\u00a0\u00bbcenter\u00a0\u00bb qode_css_animation=\u00a0\u00bb\u00a0\u00bb][\/vc_column][vc_column width=\u00a0\u00bb1\/2&Prime;][vc_column_text]<\/p>\n<p style=\"text-align: justify;\">La derni\u00e8re partie de la r\u00e9paration peut consister \u00e0 remplacer la tuile poreuse qui se trouve sous la dalle du sous-sol. Une fois l&rsquo;excavation ext\u00e9rieure termin\u00e9e, il peut \u00eatre possible de d\u00e9busquer l&rsquo;exc\u00e8s d&rsquo;argile et les d\u00e9bris de ces tuiles, s&rsquo;il n&rsquo;y a pas eu un mouvement excessif dans ce domaine. Cela n\u00e9cessitera de couper et d&rsquo;enlever des portions du plancher en b\u00e9ton pour permettre l&rsquo;installation d&rsquo;une nouvelle tuyauterie de drainage. Si vous avez plusieurs fissures de fondation ou des ouvertures qui permettent la p\u00e9n\u00e9tration de l&rsquo;eau dans le sous-sol, ou si l\u2019imperm\u00e9abilisation d&rsquo;origine \u00e0 l&rsquo;ext\u00e9rieur de la fondation est gravement d\u00e9t\u00e9rior\u00e9e, l&rsquo;excavation compl\u00e8te peut \u00eatre n\u00e9cessaire. S&rsquo;il n&rsquo;y a qu&rsquo;une infiltration p\u00e9riodique \u00e0 travers une ou deux petites fissures verticales sous les fen\u00eatres du sous-sol, une excavation partielle peut \u00eatre possible. Creuser vers le bas autour des fissures individuelles pour permettre le collage et l&rsquo;application d\u2019une nouvelle couche d\u2019imperm\u00e9abilisation peut fonctionner \u00e0 court terme.<\/p>\n<p>[\/vc_column_text][\/vc_column][\/vc_row][vc_row row_type=\u00a0\u00bbrow\u00a0\u00bb use_row_as_full_screen_section=\u00a0\u00bbno\u00a0\u00bb type=\u00a0\u00bbgrid\u00a0\u00bb angled_section=\u00a0\u00bbno\u00a0\u00bb text_align=\u00a0\u00bbleft\u00a0\u00bb background_image_as_pattern=\u00a0\u00bbwithout_pattern\u00a0\u00bb css_animation=\u00a0\u00bb\u00a0\u00bb][vc_column width=\u00a0\u00bb1\/2&Prime;][vc_column_text]<\/p>\n<p style=\"text-align: justify;\">Beaucoup de vieilles maisons maintiennent les sous-sols tr\u00e8s secs, m\u00eame si leurs tuiles poreuses ont cess\u00e9 de fonctionner il y a plusieurs ann\u00e9es. De bonnes pratiques de nivellement et de gestion de l&rsquo;eau peuvent vous faire \u00e9conomiser des milliers de dollars en r\u00e9parations de fondation et \u00e9viter l&rsquo;excavation majeure et le remplacement de tuiles poreuses.<\/p>\n<p>[\/vc_column_text][\/vc_column][vc_column width=\u00a0\u00bb1\/2&Prime;][vc_single_image image=\u00a0\u00bb2481&Prime; img_size=\u00a0\u00bbfull\u00a0\u00bb alignment=\u00a0\u00bbcenter\u00a0\u00bb qode_css_animation=\u00a0\u00bb\u00a0\u00bb][\/vc_column][\/vc_row]<\/p>\n<\/div>","protected":false},"excerpt":{"rendered":"<p>[vc_row row_type=\u00a0\u00bbrow\u00a0\u00bb use_row_as_full_screen_section=\u00a0\u00bbno\u00a0\u00bb type=\u00a0\u00bbgrid\u00a0\u00bb angled_section=\u00a0\u00bbno\u00a0\u00bb text_align=\u00a0\u00bbleft\u00a0\u00bb background_image_as_pattern=\u00a0\u00bbwithout_pattern\u00a0\u00bb css_animation=\u00a0\u00bb\u00a0\u00bb][vc_column width=\u00a0\u00bb1\/2&Prime;][vc_column_text] Remplacement de tuile poreuse La plupart des vieilles maisons ont construites&#8230;<\/p>\n","protected":false},"author":1,"featured_media":0,"parent":2562,"menu_order":0,"comment_status":"closed","ping_status":"closed","template":"full_width.php","meta":{"inline_featured_image":false,"footnotes":""},"class_list":["post-2530","page","type-page","status-publish","hentry"],"yoast_head":"<!-- This site is optimized with the Yoast SEO plugin v26.3 - https:\/\/yoast.com\/wordpress\/plugins\/seo\/ -->\n<title>Inspection de tuile poreuse - 911 Fondation<\/title>\n<meta name=\"robots\" content=\"index, follow, max-snippet:-1, max-image-preview:large, max-video-preview:-1\" \/>\n<link rel=\"canonical\" href=\"https:\/\/911fondation.com\/fr\/fondation\/inspection-de-tuile-poreuse\/\" \/>\n<meta property=\"og:locale\" content=\"fr_FR\" \/>\n<meta property=\"og:type\" content=\"article\" \/>\n<meta property=\"og:title\" content=\"Inspection de tuile poreuse - 911 Fondation\" \/>\n<meta property=\"og:description\" content=\"[vc_row row_type=\u00a0\u00bbrow\u00a0\u00bb use_row_as_full_screen_section=\u00a0\u00bbno\u00a0\u00bb type=\u00a0\u00bbgrid\u00a0\u00bb angled_section=\u00a0\u00bbno\u00a0\u00bb text_align=\u00a0\u00bbleft\u00a0\u00bb background_image_as_pattern=\u00a0\u00bbwithout_pattern\u00a0\u00bb css_animation=\u00a0\u00bb\u00a0\u00bb][vc_column width=\u00a0\u00bb1\/2&Prime;][vc_column_text] Remplacement de tuile poreuse La plupart des vieilles maisons ont construites...\" \/>\n<meta property=\"og:url\" content=\"https:\/\/911fondation.com\/fr\/fondation\/inspection-de-tuile-poreuse\/\" \/>\n<meta property=\"og:site_name\" content=\"911 Fondation\" \/>\n<meta property=\"article:modified_time\" content=\"2016-07-25T14:58:40+00:00\" \/>\n<meta property=\"og:image\" content=\"https:\/\/911fondation.com\/wp-content\/uploads\/2016\/06\/911fondation.jpg\" \/>\n\t<meta property=\"og:image:width\" content=\"350\" \/>\n\t<meta property=\"og:image:height\" content=\"250\" \/>\n\t<meta property=\"og:image:type\" content=\"image\/jpeg\" \/>\n<meta name=\"twitter:card\" content=\"summary_large_image\" \/>\n<meta name=\"twitter:label1\" content=\"Dur\u00e9e de lecture estim\u00e9e\" \/>\n\t<meta name=\"twitter:data1\" content=\"3 minutes\" \/>\n<script type=\"application\/ld+json\" class=\"yoast-schema-graph\">{\"@context\":\"https:\/\/schema.org\",\"@graph\":[{\"@type\":\"WebPage\",\"@id\":\"https:\/\/911fondation.com\/fr\/fondation\/inspection-de-tuile-poreuse\/\",\"url\":\"https:\/\/911fondation.com\/fr\/fondation\/inspection-de-tuile-poreuse\/\",\"name\":\"Inspection de tuile poreuse - 911 Fondation\",\"isPartOf\":{\"@id\":\"https:\/\/911fondation.com\/#website\"},\"datePublished\":\"2016-07-25T14:57:28+00:00\",\"dateModified\":\"2016-07-25T14:58:40+00:00\",\"breadcrumb\":{\"@id\":\"https:\/\/911fondation.com\/fr\/fondation\/inspection-de-tuile-poreuse\/#breadcrumb\"},\"inLanguage\":\"fr-FR\",\"potentialAction\":[{\"@type\":\"ReadAction\",\"target\":[\"https:\/\/911fondation.com\/fr\/fondation\/inspection-de-tuile-poreuse\/\"]}]},{\"@type\":\"BreadcrumbList\",\"@id\":\"https:\/\/911fondation.com\/fr\/fondation\/inspection-de-tuile-poreuse\/#breadcrumb\",\"itemListElement\":[{\"@type\":\"ListItem\",\"position\":1,\"name\":\"Home\",\"item\":\"https:\/\/911fondation.com\/fr\/\"},{\"@type\":\"ListItem\",\"position\":2,\"name\":\"Fondation\",\"item\":\"https:\/\/911fondation.com\/fr\/fondation\/\"},{\"@type\":\"ListItem\",\"position\":3,\"name\":\"Inspection de tuile poreuse\"}]},{\"@type\":\"WebSite\",\"@id\":\"https:\/\/911fondation.com\/#website\",\"url\":\"https:\/\/911fondation.com\/\",\"name\":\"911 Fondation\",\"description\":\"Repair and Waterproofing\",\"potentialAction\":[{\"@type\":\"SearchAction\",\"target\":{\"@type\":\"EntryPoint\",\"urlTemplate\":\"https:\/\/911fondation.com\/?s={search_term_string}\"},\"query-input\":{\"@type\":\"PropertyValueSpecification\",\"valueRequired\":true,\"valueName\":\"search_term_string\"}}],\"inLanguage\":\"fr-FR\"}]}<\/script>\n<!-- \/ Yoast SEO plugin. -->","yoast_head_json":{"title":"Inspection de tuile poreuse - 911 Fondation","robots":{"index":"index","follow":"follow","max-snippet":"max-snippet:-1","max-image-preview":"max-image-preview:large","max-video-preview":"max-video-preview:-1"},"canonical":"https:\/\/911fondation.com\/fr\/fondation\/inspection-de-tuile-poreuse\/","og_locale":"fr_FR","og_type":"article","og_title":"Inspection de tuile poreuse - 911 Fondation","og_description":"[vc_row row_type=\u00a0\u00bbrow\u00a0\u00bb use_row_as_full_screen_section=\u00a0\u00bbno\u00a0\u00bb type=\u00a0\u00bbgrid\u00a0\u00bb angled_section=\u00a0\u00bbno\u00a0\u00bb text_align=\u00a0\u00bbleft\u00a0\u00bb background_image_as_pattern=\u00a0\u00bbwithout_pattern\u00a0\u00bb css_animation=\u00a0\u00bb\u00a0\u00bb][vc_column width=\u00a0\u00bb1\/2&Prime;][vc_column_text] Remplacement de tuile poreuse La plupart des vieilles maisons ont construites...","og_url":"https:\/\/911fondation.com\/fr\/fondation\/inspection-de-tuile-poreuse\/","og_site_name":"911 Fondation","article_modified_time":"2016-07-25T14:58:40+00:00","og_image":[{"width":350,"height":250,"url":"https:\/\/911fondation.com\/wp-content\/uploads\/2016\/06\/911fondation.jpg","type":"image\/jpeg"}],"twitter_card":"summary_large_image","twitter_misc":{"Dur\u00e9e de lecture estim\u00e9e":"3 minutes"},"schema":{"@context":"https:\/\/schema.org","@graph":[{"@type":"WebPage","@id":"https:\/\/911fondation.com\/fr\/fondation\/inspection-de-tuile-poreuse\/","url":"https:\/\/911fondation.com\/fr\/fondation\/inspection-de-tuile-poreuse\/","name":"Inspection de tuile poreuse - 911 Fondation","isPartOf":{"@id":"https:\/\/911fondation.com\/#website"},"datePublished":"2016-07-25T14:57:28+00:00","dateModified":"2016-07-25T14:58:40+00:00","breadcrumb":{"@id":"https:\/\/911fondation.com\/fr\/fondation\/inspection-de-tuile-poreuse\/#breadcrumb"},"inLanguage":"fr-FR","potentialAction":[{"@type":"ReadAction","target":["https:\/\/911fondation.com\/fr\/fondation\/inspection-de-tuile-poreuse\/"]}]},{"@type":"BreadcrumbList","@id":"https:\/\/911fondation.com\/fr\/fondation\/inspection-de-tuile-poreuse\/#breadcrumb","itemListElement":[{"@type":"ListItem","position":1,"name":"Home","item":"https:\/\/911fondation.com\/fr\/"},{"@type":"ListItem","position":2,"name":"Fondation","item":"https:\/\/911fondation.com\/fr\/fondation\/"},{"@type":"ListItem","position":3,"name":"Inspection de tuile poreuse"}]},{"@type":"WebSite","@id":"https:\/\/911fondation.com\/#website","url":"https:\/\/911fondation.com\/","name":"911 Fondation","description":"Repair and Waterproofing","potentialAction":[{"@type":"SearchAction","target":{"@type":"EntryPoint","urlTemplate":"https:\/\/911fondation.com\/?s={search_term_string}"},"query-input":{"@type":"PropertyValueSpecification","valueRequired":true,"valueName":"search_term_string"}}],"inLanguage":"fr-FR"}]}},"_links":{"self":[{"href":"https:\/\/911fondation.com\/fr\/wp-json\/wp\/v2\/pages\/2530","targetHints":{"allow":["GET"]}}],"collection":[{"href":"https:\/\/911fondation.com\/fr\/wp-json\/wp\/v2\/pages"}],"about":[{"href":"https:\/\/911fondation.com\/fr\/wp-json\/wp\/v2\/types\/page"}],"author":[{"embeddable":true,"href":"https:\/\/911fondation.com\/fr\/wp-json\/wp\/v2\/users\/1"}],"replies":[{"embeddable":true,"href":"https:\/\/911fondation.com\/fr\/wp-json\/wp\/v2\/comments?post=2530"}],"version-history":[{"count":1,"href":"https:\/\/911fondation.com\/fr\/wp-json\/wp\/v2\/pages\/2530\/revisions"}],"predecessor-version":[{"id":2531,"href":"https:\/\/911fondation.com\/fr\/wp-json\/wp\/v2\/pages\/2530\/revisions\/2531"}],"up":[{"embeddable":true,"href":"https:\/\/911fondation.com\/fr\/wp-json\/wp\/v2\/pages\/2562"}],"wp:attachment":[{"href":"https:\/\/911fondation.com\/fr\/wp-json\/wp\/v2\/media?parent=2530"}],"curies":[{"name":"wp","href":"https:\/\/api.w.org\/{rel}","templated":true}]}}