{"id":2525,"date":"2016-07-25T14:46:56","date_gmt":"2016-07-25T14:46:56","guid":{"rendered":"http:\/\/911fondation.com\/fr\/?page_id=2525"},"modified":"2016-07-25T14:50:04","modified_gmt":"2016-07-25T14:50:04","slug":"installation-de-la-pompe-de-puisard","status":"publish","type":"page","link":"https:\/\/911fondation.com\/fr\/fondation\/installation-de-la-pompe-de-puisard\/","title":{"rendered":"installation de la pompe de puisard"},"content":{"rendered":"<div class=\"wpb-content-wrapper\"><p>[vc_row row_type=\u00a0\u00bbrow\u00a0\u00bb use_row_as_full_screen_section=\u00a0\u00bbno\u00a0\u00bb type=\u00a0\u00bbgrid\u00a0\u00bb angled_section=\u00a0\u00bbno\u00a0\u00bb text_align=\u00a0\u00bbleft\u00a0\u00bb background_image_as_pattern=\u00a0\u00bbwithout_pattern\u00a0\u00bb css_animation=\u00a0\u00bb\u00a0\u00bb][vc_column width=\u00a0\u00bb1\/2&Prime;][vc_column_text]Quatre \u00e9tapes pour un sous-sol espace sec et utilisable<\/p>\n<p>L\u2019installation d&rsquo;une pompe de puisard et d\u2019un syst\u00e8me d&rsquo;imperm\u00e9abilisation sont le moyen le moins perturbateur et plus efficace pour maintenir un sous-sol sec en tout temps et les techniciens de 911 Fondation, votre expert en r\u00e9paration de fondation et imperm\u00e9abilisation, sont des experts pour installer enti\u00e8rement un syst\u00e8me de pompe de puisard.[\/vc_column_text][\/vc_column][vc_column width=\u00a0\u00bb1\/2&Prime;][vc_single_image image=\u00a0\u00bb2483&Prime; img_size=\u00a0\u00bbfull\u00a0\u00bb alignment=\u00a0\u00bbcenter\u00a0\u00bb qode_css_animation=\u00a0\u00bb\u00a0\u00bb][\/vc_column][\/vc_row][vc_row row_type=\u00a0\u00bbrow\u00a0\u00bb use_row_as_full_screen_section=\u00a0\u00bbno\u00a0\u00bb type=\u00a0\u00bbfull_width\u00a0\u00bb angled_section=\u00a0\u00bbno\u00a0\u00bb text_align=\u00a0\u00bbleft\u00a0\u00bb background_image_as_pattern=\u00a0\u00bbwithout_pattern\u00a0\u00bb css_animation=\u00a0\u00bb\u00a0\u00bb][vc_column][vc_empty_space height=\u00a0\u00bb112px\u00a0\u00bb][\/vc_column][\/vc_row][vc_row row_type=\u00a0\u00bbrow\u00a0\u00bb use_row_as_full_screen_section=\u00a0\u00bbno\u00a0\u00bb type=\u00a0\u00bbgrid\u00a0\u00bb angled_section=\u00a0\u00bbno\u00a0\u00bb text_align=\u00a0\u00bbleft\u00a0\u00bb background_image_as_pattern=\u00a0\u00bbwithout_pattern\u00a0\u00bb css_animation=\u00a0\u00bb\u00a0\u00bb][vc_column width=\u00a0\u00bb1\/2&Prime;][vc_empty_space][vc_empty_space height=\u00a0\u00bb130px\u00a0\u00bb][vc_single_image image=\u00a0\u00bb2484&Prime; img_size=\u00a0\u00bbfull\u00a0\u00bb alignment=\u00a0\u00bbcenter\u00a0\u00bb qode_css_animation=\u00a0\u00bb\u00a0\u00bb][vc_empty_space height=\u00a0\u00bb162px\u00a0\u00bb][vc_empty_space height=\u00a0\u00bb212px\u00a0\u00bb][vc_single_image image=\u00a0\u00bb2485&Prime; img_size=\u00a0\u00bbfull\u00a0\u00bb alignment=\u00a0\u00bbcenter\u00a0\u00bb qode_css_animation=\u00a0\u00bb\u00a0\u00bb][vc_empty_space height=\u00a0\u00bb482px\u00a0\u00bb][vc_single_image image=\u00a0\u00bb2486&Prime; img_size=\u00a0\u00bbfull\u00a0\u00bb alignment=\u00a0\u00bbcenter\u00a0\u00bb qode_css_animation=\u00a0\u00bb\u00a0\u00bb][\/vc_column][vc_column width=\u00a0\u00bb1\/2&Prime;][vc_column_text]<\/p>\n<ol>\n<li style=\"text-align: justify;\"><strong>Placer le seau<\/strong> <strong>de la pompe de puisard <\/strong>: Tout d&rsquo;abord, une fosse est creus\u00e9e pour y installer le seau et la pompe afin de les prot\u00e9ger de la boue et des d\u00e9bris. Lorsqu&rsquo;elle est plac\u00e9e dans une petite fosse, une pompe de puisard peut pomper l&rsquo;eau pour remplir le seau, obligeant la pompe \u00e0 s\u2019allumer et s\u2019\u00e9teindre rapidement avant de s\u2019arr\u00eater. Les pompes de puisards qui sont trop grandes ont tendance \u00e0 aller trop profond\u00e9ment dans le sol, pompant l&rsquo;eau bien loin de maison, ce qui provoque un travail inutile et une forte consommation d&rsquo;\u00e9lectricit\u00e9. Les pompes de puisard sont les plus efficaces pour \u00e9liminer l&rsquo;eau sous votre sous-sol lorsqu&rsquo;elles sont situ\u00e9es dans l&rsquo;endroit le plus bas du plancher. Les sp\u00e9cialistes de 911 Fondation, votre expert en r\u00e9paration de fondation et imperm\u00e9abilisation, d\u00e9termineront le meilleur endroit en utilisant un niveau \u00e0 laser ou une ligne d&rsquo;alimentation en PVC.<\/li>\n<li style=\"text-align: justify;\"><strong>L&rsquo;installation de la pompe de puisard <\/strong>: Une sortie sp\u00e9ciale relie le drain au syst\u00e8me de la pompe de puisard et du gravier propre est remblay\u00e9 autour du seau. Ce gravier aide \u00e0 garder votre syst\u00e8me de pompe de puisard aussi propre que possible, ce qui d\u00e9courage le limon et les s\u00e9diments de p\u00e9n\u00e9trer dans le rev\u00eatement. Un couvercle imperm\u00e9able, y compris des rondelles en caoutchouc est pos\u00e9 autour de tous les tuyaux et les fils du seau pour garder les odeurs et l&rsquo;humidit\u00e9 \u00e0 l\u2019ext\u00e9rieur de la fosse de la pompe de puisard. Cela emp\u00eache les objets et d\u00e9bris de tomber dans le sous-sol. Ce couvercle de s\u00e9curit\u00e9 est aussi excellent pour emp\u00eacher les animaux et les enfants de jouer dans l&rsquo;eau. Si vous avez une pompe secondaire install\u00e9e dans la fosse, une ligne de d\u00e9charge suppl\u00e9mentaire sera install\u00e9e. Cela emp\u00eache les tuyaux d&rsquo;\u00eatre submerg\u00e9s et assure \u00e9galement que la pompe fonctionne parfaitement. Les lignes de d\u00e9charge ne doivent JAMAIS \u00eatre attach\u00e9es entre elles \u00e0 l&rsquo;int\u00e9rieur de votre maison.<\/li>\n<li style=\"text-align: justify;\"><strong>Restaurer le sol et enterrer la ligne de d\u00e9charge <\/strong>: Pour terminer l&rsquo;installation de la pompe de puisard, le plancher est restaur\u00e9 pour qu\u2019il soit propre et attrayant. Notre syst\u00e8me ne laisse pas un vide autour du p\u00e9rim\u00e8tre du plancher du sous-sol, ce qui peut recueillir de la poussi\u00e8re, les d\u00e9bris et autres objets qui peuvent obstruer votre syst\u00e8me d\u2019imperm\u00e9abilisation . Cela permet de garantir un meilleur drainage et un syst\u00e8me plus fiable, et il fournit une r\u00e9paration du sous-sol propre, soign\u00e9 et professionnel. \u00c0 l&rsquo;ext\u00e9rieur, un dispositif anti-gel est install\u00e9. La ligne de d\u00e9charge est enfouie sous terre, tandis que le programme d&rsquo;installation prend soin de couper des sections de la pelouse avant d\u2019installer la tranch\u00e9e pour le tuyau. Cela permet d&rsquo;assurer le moins de perturbations au sein de votre am\u00e9nagement paysager tout au long de l&rsquo;installation. Une prise sp\u00e9ciale est install\u00e9e au ras du sol et est sans danger pour la tondeuse \u00e0 gazon ou pour la circulation du tracteur de pelouse.<\/li>\n<li style=\"text-align: justify;\"><strong>Le nettoyage et la finition des touches <\/strong>: Nos experts en installation de la pompe de puisard prennent un soin suppl\u00e9mentaire pour rendre votre sous-sol propre, soign\u00e9, et exempt de d\u00e9bris d\u00e8s la fin des travaux. La poussi\u00e8re est nettoy\u00e9e \u00e0 partir du plancher du sous-sol et la ligne de d\u00e9charge \u00e0 l&rsquo;ext\u00e9rieur est inspect\u00e9e pour \u00eatre s\u00fbr que l&rsquo;eau est \u00e9vacu\u00e9e vers un emplacement appropri\u00e9. Nous enlevons tous les d\u00e9bris cr\u00e9\u00e9s, et la plupart des cas, les clients disent que leur sous-sol est plus propre qu\u2019avant les travaux. En cas de besoin futur, nous installons plusieurs \u00ab\u00a0ports\u00a0\u00bb dans le drain de p\u00e9rim\u00e8tre o\u00f9 un tuyau ou une ligne de drainage de d\u00e9shumidification peuvent \u00eatre ins\u00e9r\u00e9es. Ceci aide les inspections annuelles et l&rsquo;entretien de la pompe de puisard.<\/li>\n<\/ol>\n<p style=\"text-align: justify;\">Contactez-nous d\u00e8s aujourd&rsquo;hui pour une estimation GRATUITE pour l&rsquo;installation de votre pompe de puisard !<\/p>\n<p>[\/vc_column_text][\/vc_column][\/vc_row][vc_row row_type=\u00a0\u00bbrow\u00a0\u00bb use_row_as_full_screen_section=\u00a0\u00bbno\u00a0\u00bb type=\u00a0\u00bbfull_width\u00a0\u00bb angled_section=\u00a0\u00bbno\u00a0\u00bb text_align=\u00a0\u00bbleft\u00a0\u00bb background_image_as_pattern=\u00a0\u00bbwithout_pattern\u00a0\u00bb css_animation=\u00a0\u00bb\u00a0\u00bb][vc_column][vc_column_text]<\/p>\n<p>[\/vc_column_text][\/vc_column][\/vc_row]<\/p>\n<\/div>","protected":false},"excerpt":{"rendered":"<p>[vc_row row_type=\u00a0\u00bbrow\u00a0\u00bb use_row_as_full_screen_section=\u00a0\u00bbno\u00a0\u00bb type=\u00a0\u00bbgrid\u00a0\u00bb angled_section=\u00a0\u00bbno\u00a0\u00bb text_align=\u00a0\u00bbleft\u00a0\u00bb background_image_as_pattern=\u00a0\u00bbwithout_pattern\u00a0\u00bb css_animation=\u00a0\u00bb\u00a0\u00bb][vc_column width=\u00a0\u00bb1\/2&Prime;][vc_column_text]Quatre \u00e9tapes pour un sous-sol espace sec et utilisable L\u2019installation d&rsquo;une pompe&#8230;<\/p>\n","protected":false},"author":1,"featured_media":0,"parent":2562,"menu_order":0,"comment_status":"closed","ping_status":"closed","template":"full_width.php","meta":{"inline_featured_image":false,"footnotes":""},"class_list":["post-2525","page","type-page","status-publish","hentry"],"yoast_head":"<!-- This site is optimized with the Yoast SEO plugin v26.3 - https:\/\/yoast.com\/wordpress\/plugins\/seo\/ -->\n<title>installation de la pompe de puisard - 911 Fondation<\/title>\n<meta name=\"robots\" content=\"index, follow, max-snippet:-1, max-image-preview:large, max-video-preview:-1\" \/>\n<link rel=\"canonical\" href=\"https:\/\/911fondation.com\/fr\/fondation\/installation-de-la-pompe-de-puisard\/\" \/>\n<meta property=\"og:locale\" content=\"fr_FR\" \/>\n<meta property=\"og:type\" content=\"article\" \/>\n<meta property=\"og:title\" content=\"installation de la pompe de puisard - 911 Fondation\" \/>\n<meta property=\"og:description\" content=\"[vc_row row_type=\u00a0\u00bbrow\u00a0\u00bb use_row_as_full_screen_section=\u00a0\u00bbno\u00a0\u00bb type=\u00a0\u00bbgrid\u00a0\u00bb angled_section=\u00a0\u00bbno\u00a0\u00bb text_align=\u00a0\u00bbleft\u00a0\u00bb background_image_as_pattern=\u00a0\u00bbwithout_pattern\u00a0\u00bb css_animation=\u00a0\u00bb\u00a0\u00bb][vc_column width=\u00a0\u00bb1\/2&Prime;][vc_column_text]Quatre \u00e9tapes pour un sous-sol espace sec et utilisable L\u2019installation d&rsquo;une pompe...\" \/>\n<meta property=\"og:url\" content=\"https:\/\/911fondation.com\/fr\/fondation\/installation-de-la-pompe-de-puisard\/\" \/>\n<meta property=\"og:site_name\" content=\"911 Fondation\" \/>\n<meta property=\"article:modified_time\" content=\"2016-07-25T14:50:04+00:00\" \/>\n<meta property=\"og:image\" content=\"https:\/\/911fondation.com\/wp-content\/uploads\/2016\/06\/911fondation.jpg\" \/>\n\t<meta property=\"og:image:width\" content=\"350\" \/>\n\t<meta property=\"og:image:height\" content=\"250\" \/>\n\t<meta property=\"og:image:type\" content=\"image\/jpeg\" \/>\n<meta name=\"twitter:card\" content=\"summary_large_image\" \/>\n<meta name=\"twitter:label1\" content=\"Dur\u00e9e de lecture estim\u00e9e\" \/>\n\t<meta name=\"twitter:data1\" content=\"5 minutes\" \/>\n<script type=\"application\/ld+json\" class=\"yoast-schema-graph\">{\"@context\":\"https:\/\/schema.org\",\"@graph\":[{\"@type\":\"WebPage\",\"@id\":\"https:\/\/911fondation.com\/fr\/fondation\/installation-de-la-pompe-de-puisard\/\",\"url\":\"https:\/\/911fondation.com\/fr\/fondation\/installation-de-la-pompe-de-puisard\/\",\"name\":\"installation de la pompe de puisard - 911 Fondation\",\"isPartOf\":{\"@id\":\"https:\/\/911fondation.com\/#website\"},\"datePublished\":\"2016-07-25T14:46:56+00:00\",\"dateModified\":\"2016-07-25T14:50:04+00:00\",\"breadcrumb\":{\"@id\":\"https:\/\/911fondation.com\/fr\/fondation\/installation-de-la-pompe-de-puisard\/#breadcrumb\"},\"inLanguage\":\"fr-FR\",\"potentialAction\":[{\"@type\":\"ReadAction\",\"target\":[\"https:\/\/911fondation.com\/fr\/fondation\/installation-de-la-pompe-de-puisard\/\"]}]},{\"@type\":\"BreadcrumbList\",\"@id\":\"https:\/\/911fondation.com\/fr\/fondation\/installation-de-la-pompe-de-puisard\/#breadcrumb\",\"itemListElement\":[{\"@type\":\"ListItem\",\"position\":1,\"name\":\"Home\",\"item\":\"https:\/\/911fondation.com\/fr\/\"},{\"@type\":\"ListItem\",\"position\":2,\"name\":\"Fondation\",\"item\":\"https:\/\/911fondation.com\/fr\/fondation\/\"},{\"@type\":\"ListItem\",\"position\":3,\"name\":\"installation de la pompe de puisard\"}]},{\"@type\":\"WebSite\",\"@id\":\"https:\/\/911fondation.com\/#website\",\"url\":\"https:\/\/911fondation.com\/\",\"name\":\"911 Fondation\",\"description\":\"Repair and Waterproofing\",\"potentialAction\":[{\"@type\":\"SearchAction\",\"target\":{\"@type\":\"EntryPoint\",\"urlTemplate\":\"https:\/\/911fondation.com\/?s={search_term_string}\"},\"query-input\":{\"@type\":\"PropertyValueSpecification\",\"valueRequired\":true,\"valueName\":\"search_term_string\"}}],\"inLanguage\":\"fr-FR\"}]}<\/script>\n<!-- \/ Yoast SEO plugin. -->","yoast_head_json":{"title":"installation de la pompe de puisard - 911 Fondation","robots":{"index":"index","follow":"follow","max-snippet":"max-snippet:-1","max-image-preview":"max-image-preview:large","max-video-preview":"max-video-preview:-1"},"canonical":"https:\/\/911fondation.com\/fr\/fondation\/installation-de-la-pompe-de-puisard\/","og_locale":"fr_FR","og_type":"article","og_title":"installation de la pompe de puisard - 911 Fondation","og_description":"[vc_row row_type=\u00a0\u00bbrow\u00a0\u00bb use_row_as_full_screen_section=\u00a0\u00bbno\u00a0\u00bb type=\u00a0\u00bbgrid\u00a0\u00bb angled_section=\u00a0\u00bbno\u00a0\u00bb text_align=\u00a0\u00bbleft\u00a0\u00bb background_image_as_pattern=\u00a0\u00bbwithout_pattern\u00a0\u00bb css_animation=\u00a0\u00bb\u00a0\u00bb][vc_column width=\u00a0\u00bb1\/2&Prime;][vc_column_text]Quatre \u00e9tapes pour un sous-sol espace sec et utilisable L\u2019installation d&rsquo;une pompe...","og_url":"https:\/\/911fondation.com\/fr\/fondation\/installation-de-la-pompe-de-puisard\/","og_site_name":"911 Fondation","article_modified_time":"2016-07-25T14:50:04+00:00","og_image":[{"width":350,"height":250,"url":"https:\/\/911fondation.com\/wp-content\/uploads\/2016\/06\/911fondation.jpg","type":"image\/jpeg"}],"twitter_card":"summary_large_image","twitter_misc":{"Dur\u00e9e de lecture estim\u00e9e":"5 minutes"},"schema":{"@context":"https:\/\/schema.org","@graph":[{"@type":"WebPage","@id":"https:\/\/911fondation.com\/fr\/fondation\/installation-de-la-pompe-de-puisard\/","url":"https:\/\/911fondation.com\/fr\/fondation\/installation-de-la-pompe-de-puisard\/","name":"installation de la pompe de puisard - 911 Fondation","isPartOf":{"@id":"https:\/\/911fondation.com\/#website"},"datePublished":"2016-07-25T14:46:56+00:00","dateModified":"2016-07-25T14:50:04+00:00","breadcrumb":{"@id":"https:\/\/911fondation.com\/fr\/fondation\/installation-de-la-pompe-de-puisard\/#breadcrumb"},"inLanguage":"fr-FR","potentialAction":[{"@type":"ReadAction","target":["https:\/\/911fondation.com\/fr\/fondation\/installation-de-la-pompe-de-puisard\/"]}]},{"@type":"BreadcrumbList","@id":"https:\/\/911fondation.com\/fr\/fondation\/installation-de-la-pompe-de-puisard\/#breadcrumb","itemListElement":[{"@type":"ListItem","position":1,"name":"Home","item":"https:\/\/911fondation.com\/fr\/"},{"@type":"ListItem","position":2,"name":"Fondation","item":"https:\/\/911fondation.com\/fr\/fondation\/"},{"@type":"ListItem","position":3,"name":"installation de la pompe de puisard"}]},{"@type":"WebSite","@id":"https:\/\/911fondation.com\/#website","url":"https:\/\/911fondation.com\/","name":"911 Fondation","description":"Repair and Waterproofing","potentialAction":[{"@type":"SearchAction","target":{"@type":"EntryPoint","urlTemplate":"https:\/\/911fondation.com\/?s={search_term_string}"},"query-input":{"@type":"PropertyValueSpecification","valueRequired":true,"valueName":"search_term_string"}}],"inLanguage":"fr-FR"}]}},"_links":{"self":[{"href":"https:\/\/911fondation.com\/fr\/wp-json\/wp\/v2\/pages\/2525","targetHints":{"allow":["GET"]}}],"collection":[{"href":"https:\/\/911fondation.com\/fr\/wp-json\/wp\/v2\/pages"}],"about":[{"href":"https:\/\/911fondation.com\/fr\/wp-json\/wp\/v2\/types\/page"}],"author":[{"embeddable":true,"href":"https:\/\/911fondation.com\/fr\/wp-json\/wp\/v2\/users\/1"}],"replies":[{"embeddable":true,"href":"https:\/\/911fondation.com\/fr\/wp-json\/wp\/v2\/comments?post=2525"}],"version-history":[{"count":4,"href":"https:\/\/911fondation.com\/fr\/wp-json\/wp\/v2\/pages\/2525\/revisions"}],"predecessor-version":[{"id":2529,"href":"https:\/\/911fondation.com\/fr\/wp-json\/wp\/v2\/pages\/2525\/revisions\/2529"}],"up":[{"embeddable":true,"href":"https:\/\/911fondation.com\/fr\/wp-json\/wp\/v2\/pages\/2562"}],"wp:attachment":[{"href":"https:\/\/911fondation.com\/fr\/wp-json\/wp\/v2\/media?parent=2525"}],"curies":[{"name":"wp","href":"https:\/\/api.w.org\/{rel}","templated":true}]}}